{"id":929,"date":"2025-10-22T14:23:17","date_gmt":"2025-10-22T14:23:17","guid":{"rendered":"https:\/\/hectronic.se\/?page_id=929"},"modified":"2026-04-08T15:26:25","modified_gmt":"2026-04-08T15:26:25","slug":"industrialisering","status":"publish","type":"page","link":"https:\/\/hectronic.se\/sv\/solutions\/industrialisation\/","title":{"rendered":"Mekanisk utveckling"},"content":{"rendered":"\t\t<div data-elementor-type=\"wp-page\" data-elementor-id=\"929\" class=\"elementor elementor-929\" data-elementor-post-type=\"page\">\n\t\t\t\t<div class=\"elementor-element elementor-element-a1e2a52 e-flex e-con-boxed e-con e-parent\" data-id=\"a1e2a52\" data-element_type=\"container\" data-e-type=\"container\" data-settings=\"{&quot;background_background&quot;:&quot;classic&quot;}\">\n\t\t\t\t\t<div class=\"e-con-inner\">\n\t\t<div class=\"elementor-element elementor-element-6779060 e-con-full e-flex e-con e-child\" data-id=\"6779060\" data-element_type=\"container\" data-e-type=\"container\">\n\t\t\t\t<div class=\"elementor-element elementor-element-310a97e elementor-mobile-align-left elementor-widget elementor-widget-button\" data-id=\"310a97e\" data-element_type=\"widget\" data-e-type=\"widget\" data-widget_type=\"button.default\">\n\t\t\t\t\t\t\t\t\t\t<a class=\"elementor-button elementor-size-sm\" role=\"button\">\n\t\t\t\t\t\t<span class=\"elementor-button-content-wrapper\">\n\t\t\t\t\t\t<span class=\"elementor-button-icon\">\n\t\t\t\t<svg xmlns=\"http:\/\/www.w3.org\/2000\/svg\" width=\"24\" height=\"24\" viewBox=\"0 0 24 24\"><path d=\"M14 9H10C9.73478 9 9.48043 9.10536 9.29289 9.29289C9.10536 9.48043 9 9.73478 9 10V14C9 14.2652 9.10536 14.5196 9.29289 14.7071C9.48043 14.8946 9.73478 15 10 15H14C14.2652 15 14.5196 14.8946 14.7071 14.7071C14.8946 14.5196 15 14.2652 15 14V10C15 9.73478 14.8946 9.48043 14.7071 9.29289C14.5196 9.10536 14.2652 9 14 9ZM13 13H11V11H13V13ZM21 13C21.2652 13 21.5196 12.8946 21.7071 12.7071C21.8946 12.5196 22 12.2652 22 12C22 11.7348 21.8946 11.4804 21.7071 11.2929C21.5196 11.1054 21.2652 11 21 11H19V9H21C21.2652 9 21.5196 8.89464 21.7071 8.70711C21.8946 8.51957 22 8.26522 22 8C22 7.73478 21.8946 7.48043 21.7071 7.29289C21.5196 7.10536 21.2652 7 21 7H18.82C18.6707 6.5806 18.4299 6.19969 18.1151 5.8849C17.8003 5.57011 17.4194 5.32932 17 5.18V3C17 2.73478 16.8946 2.48043 16.7071 2.29289C16.5196 2.10536 16.2652 2 16 2C15.7348 2 15.4804 2.10536 15.2929 2.29289C15.1054 2.48043 15 2.73478 15 3V5H13V3C13 2.73478 12.8946 2.48043 12.7071 2.29289C12.5196 2.10536 12.2652 2 12 2C11.7348 2 11.4804 2.10536 11.2929 2.29289C11.1054 2.48043 11 2.73478 11 3V5H9V3C9 2.73478 8.89464 2.48043 8.70711 2.29289C8.51957 2.10536 8.26522 2 8 2C7.73478 2 7.48043 2.10536 7.29289 2.29289C7.10536 2.48043 7 2.73478 7 3V5.18C6.5806 5.32932 6.19969 5.57011 5.8849 5.8849C5.57011 6.19969 5.32932 6.5806 5.18 7H3C2.73478 7 2.48043 7.10536 2.29289 7.29289C2.10536 7.48043 2 7.73478 2 8C2 8.26522 2.10536 8.51957 2.29289 8.70711C2.48043 8.89464 2.73478 9 3 9H5V11H3C2.73478 11 2.48043 11.1054 2.29289 11.2929C2.10536 11.4804 2 11.7348 2 12C2 12.2652 2.10536 12.5196 2.29289 12.7071C2.48043 12.8946 2.73478 13 3 13H5V15H3C2.73478 15 2.48043 15.1054 2.29289 15.2929C2.10536 15.4804 2 15.7348 2 16C2 16.2652 2.10536 16.5196 2.29289 16.7071C2.48043 16.8946 2.73478 17 3 17H5.18C5.32932 17.4194 5.57011 17.8003 5.8849 18.1151C6.19969 18.4299 6.5806 18.6707 7 18.82V21C7 21.2652 7.10536 21.5196 7.29289 21.7071C7.48043 21.8946 7.73478 22 8 22C8.26522 22 8.51957 21.8946 8.70711 21.7071C8.89464 21.5196 9 21.2652 9 21V19H11V21C11 21.2652 11.1054 21.5196 11.2929 21.7071C11.4804 21.8946 11.7348 22 12 22C12.2652 22 12.5196 21.8946 12.7071 21.7071C12.8946 21.5196 13 21.2652 13 21V19H15V21C15 21.2652 15.1054 21.5196 15.2929 21.7071C15.4804 21.8946 15.7348 22 16 22C16.2652 22 16.5196 21.8946 16.7071 21.7071C16.8946 21.5196 17 21.2652 17 21V18.82C17.4194 18.6707 17.8003 18.4299 18.1151 18.1151C18.4299 17.8003 18.6707 17.4194 18.82 17H21C21.2652 17 21.5196 16.8946 21.7071 16.7071C21.8946 16.5196 22 16.2652 22 16C22 15.7348 21.8946 15.4804 21.7071 15.2929C21.5196 15.1054 21.2652 15 21 15H19V13H21ZM17 16C17 16.2652 16.8946 16.5196 16.7071 16.7071C16.5196 16.8946 16.2652 17 16 17H8C7.73478 17 7.48043 16.8946 7.29289 16.7071C7.10536 16.5196 7 16.2652 7 16V8C7 7.73478 7.10536 7.48043 7.29289 7.29289C7.48043 7.10536 7.73478 7 8 7H16C16.2652 7 16.5196 7.10536 16.7071 7.29289C16.8946 7.48043 17 7.73478 17 8V16Z\"><\/path><\/svg>\t\t\t<\/span>\n\t\t\t\t\t\t\t\t\t<span class=\"elementor-button-text\">Embedded system design<\/span>\n\t\t\t\t\t<\/span>\n\t\t\t\t\t<\/a>\n\t\t\t\t\t\t\t\t<\/div>\n\t\t\t\t<div class=\"elementor-element elementor-element-e5718d6 elementor-widget elementor-widget-heading\" data-id=\"e5718d6\" data-element_type=\"widget\" data-e-type=\"widget\" data-widget_type=\"heading.default\">\n\t\t\t\t\t<h1 class=\"elementor-heading-title elementor-size-default\">Industrialisation<\/h1>\t\t\t\t<\/div>\n\t\t\t\t<div class=\"elementor-element elementor-element-efda027 elementor-widget-divider--view-line elementor-widget elementor-widget-divider\" data-id=\"efda027\" data-element_type=\"widget\" data-e-type=\"widget\" data-widget_type=\"divider.default\">\n\t\t\t\t\t\t\t<div class=\"elementor-divider\">\n\t\t\t<span class=\"elementor-divider-separator\">\n\t\t\t\t\t\t<\/span>\n\t\t<\/div>\n\t\t\t\t\t\t<\/div>\n\t\t<div class=\"elementor-element elementor-element-6eeb29b e-con-full e-flex e-con e-child\" data-id=\"6eeb29b\" data-element_type=\"container\" data-e-type=\"container\">\n\t\t\t\t<div class=\"elementor-element elementor-element-ca1613f elementor-widget elementor-widget-button\" data-id=\"ca1613f\" data-element_type=\"widget\" data-e-type=\"widget\" data-widget_type=\"button.default\">\n\t\t\t\t\t\t\t\t\t\t<a class=\"elementor-button elementor-button-link elementor-size-sm\" href=\"https:\/\/hectronic.se\/sv\/contact\/\">\n\t\t\t\t\t\t<span class=\"elementor-button-content-wrapper\">\n\t\t\t\t\t\t\t\t\t<span class=\"elementor-button-text\">Contact us<\/span>\n\t\t\t\t\t<\/span>\n\t\t\t\t\t<\/a>\n\t\t\t\t\t\t\t\t<\/div>\n\t\t\t\t<\/div>\n\t\t\t\t<\/div>\n\t\t<div class=\"elementor-element elementor-element-e5ccba8 e-con-full e-flex e-con e-child\" data-id=\"e5ccba8\" data-element_type=\"container\" data-e-type=\"container\">\n\t\t\t\t<\/div>\n\t\t\t\t\t<\/div>\n\t\t\t\t<\/div>\n\t\t<div class=\"elementor-element elementor-element-6005578 e-flex e-con-boxed e-con e-parent\" data-id=\"6005578\" data-element_type=\"container\" data-e-type=\"container\">\n\t\t\t\t\t<div class=\"e-con-inner\">\n\t\t\t\t<div class=\"elementor-element elementor-element-ce6025c elementor-arrows-position-inside elementor-widget elementor-widget-n-carousel\" data-id=\"ce6025c\" data-element_type=\"widget\" data-e-type=\"widget\" data-settings=\"{&quot;carousel_items&quot;:[{&quot;slide_title&quot;:&quot;Bild nr. 1&quot;,&quot;_id&quot;:&quot;a3eba46&quot;},{&quot;slide_title&quot;:&quot;Bild nr. 2&quot;,&quot;_id&quot;:&quot;c60e122&quot;},{&quot;slide_title&quot;:&quot;Bild nr. 3&quot;,&quot;_id&quot;:&quot;7d07443&quot;},{&quot;_id&quot;:&quot;7c4c2ad&quot;,&quot;slide_title&quot;:&quot;Bild nr. 5&quot;}],&quot;slides_to_show&quot;:&quot;3&quot;,&quot;slides_to_scroll&quot;:&quot;1&quot;,&quot;slides_to_show_tablet&quot;:&quot;2&quot;,&quot;slides_to_show_mobile&quot;:&quot;1&quot;,&quot;autoplay&quot;:&quot;yes&quot;,&quot;autoplay_speed&quot;:5000,&quot;pause_on_hover&quot;:&quot;yes&quot;,&quot;pause_on_interaction&quot;:&quot;yes&quot;,&quot;infinite&quot;:&quot;yes&quot;,&quot;speed&quot;:500,&quot;offset_sides&quot;:&quot;none&quot;,&quot;arrows&quot;:&quot;yes&quot;,&quot;image_spacing_custom&quot;:{&quot;unit&quot;:&quot;px&quot;,&quot;size&quot;:10,&quot;sizes&quot;:[]},&quot;image_spacing_custom_widescreen&quot;:{&quot;unit&quot;:&quot;px&quot;,&quot;size&quot;:&quot;&quot;,&quot;sizes&quot;:[]},&quot;image_spacing_custom_laptop&quot;:{&quot;unit&quot;:&quot;px&quot;,&quot;size&quot;:&quot;&quot;,&quot;sizes&quot;:[]},&quot;image_spacing_custom_tablet&quot;:{&quot;unit&quot;:&quot;px&quot;,&quot;size&quot;:&quot;&quot;,&quot;sizes&quot;:[]},&quot;image_spacing_custom_mobile&quot;:{&quot;unit&quot;:&quot;px&quot;,&quot;size&quot;:&quot;&quot;,&quot;sizes&quot;:[]}}\" data-widget_type=\"nested-carousel.default\">\n\t\t\t\t\t\t\t<div class=\"e-n-carousel swiper\" role=\"region\" aria-roledescription=\"carousel\" aria-label=\"Karusell\" dir=\"ltr\">\n\t\t\t<div class=\"swiper-wrapper\" aria-live=\"off\">\n\t\t\t\t\t\t\t\t\t\t<div class=\"swiper-slide\" data-slide=\"1\" role=\"group\" aria-roledescription=\"slide\" aria-label=\"1 of 4\">\n\t\t\t\t\t\t\t<div class=\"elementor-element elementor-element-d3ffa0f e-flex e-con-boxed e-con e-child\" data-id=\"d3ffa0f\" data-element_type=\"container\" data-e-type=\"container\">\n\t\t\t\t\t<div class=\"e-con-inner\">\n\t\t\t\t<div class=\"elementor-element elementor-element-c00139b elementor-cta--skin-cover elementor-widget__width-initial elementor-widget-tablet__width-inherit elementor-cta--valign-bottom elementor-animated-content elementor-bg-transform elementor-bg-transform-zoom-in elementor-widget elementor-widget-call-to-action\" data-id=\"c00139b\" data-element_type=\"widget\" data-e-type=\"widget\" data-widget_type=\"call-to-action.default\">\n\t\t\t\t\t\t\t<a class=\"elementor-cta\" href=\"https:\/\/hectronic.se\/solutions\/industrialisation\/prototyping-test-and-verification\/\">\n\t\t\t\t\t<div class=\"elementor-cta__bg-wrapper\">\n\t\t\t\t<div class=\"elementor-cta__bg elementor-bg\" style=\"background-image: url(https:\/\/hectronic.se\/wp-content\/uploads\/2025\/10\/hectronic-fastlink-31-mechanical-development.jpg);\" role=\"img\" aria-label=\"fastlink-31\"><\/div>\n\t\t\t\t<div class=\"elementor-cta__bg-overlay\"><\/div>\n\t\t\t<\/div>\n\t\t\t\t\t\t\t<div class=\"elementor-cta__content\">\n\t\t\t\t\n\t\t\t\t\t\t\t\t\t<h3 class=\"elementor-cta__title elementor-cta__content-item elementor-content-item elementor-animated-item--grow\">\n\t\t\t\t\t\tTesting\t\t\t\t\t<\/h3>\n\t\t\t\t\n\t\t\t\t\t\t\t\t\t<div class=\"elementor-cta__description elementor-cta__content-item elementor-content-item elementor-animated-item--grow\">\n\t\t\t\t\t\tRead more\t\t\t\t\t<\/div>\n\t\t\t\t\n\t\t\t\t\t\t\t<\/div>\n\t\t\t\t\t\t<\/a>\n\t\t\t\t\t\t<\/div>\n\t\t\t\t\t<\/div>\n\t\t\t\t<\/div>\n\t\t\t\t\t\t\t\t<\/div>\n\t\t\t\t\t\t\t\t\t\t\t<div class=\"swiper-slide\" data-slide=\"2\" role=\"group\" aria-roledescription=\"slide\" aria-label=\"2 of 4\">\n\t\t\t\t\t\t\t<div class=\"elementor-element elementor-element-c08363a e-flex e-con-boxed e-con e-child\" data-id=\"c08363a\" data-element_type=\"container\" data-e-type=\"container\">\n\t\t\t\t\t<div class=\"e-con-inner\">\n\t\t\t\t<div class=\"elementor-element elementor-element-3e1fac7 elementor-cta--skin-cover elementor-widget__width-initial elementor-widget-tablet__width-inherit elementor-cta--valign-bottom elementor-animated-content elementor-bg-transform elementor-bg-transform-zoom-in elementor-widget elementor-widget-call-to-action\" data-id=\"3e1fac7\" data-element_type=\"widget\" data-e-type=\"widget\" data-widget_type=\"call-to-action.default\">\n\t\t\t\t\t\t\t<a class=\"elementor-cta\" href=\"https:\/\/hectronic.se\/solutions\/industrialisation\/production\/\">\n\t\t\t\t\t<div class=\"elementor-cta__bg-wrapper\">\n\t\t\t\t<div class=\"elementor-cta__bg elementor-bg\" style=\"background-image: url(https:\/\/hectronic.se\/wp-content\/uploads\/2025\/10\/hectronic-fastlink-29-mechanical-development.jpg);\" role=\"img\" aria-label=\"fastlink-29\"><\/div>\n\t\t\t\t<div class=\"elementor-cta__bg-overlay\"><\/div>\n\t\t\t<\/div>\n\t\t\t\t\t\t\t<div class=\"elementor-cta__content\">\n\t\t\t\t\n\t\t\t\t\t\t\t\t\t<h3 class=\"elementor-cta__title elementor-cta__content-item elementor-content-item elementor-animated-item--grow\">\n\t\t\t\t\t\tProduction\t\t\t\t\t<\/h3>\n\t\t\t\t\n\t\t\t\t\t\t\t\t\t<div class=\"elementor-cta__description elementor-cta__content-item elementor-content-item elementor-animated-item--grow\">\n\t\t\t\t\t\tRead more\t\t\t\t\t<\/div>\n\t\t\t\t\n\t\t\t\t\t\t\t<\/div>\n\t\t\t\t\t\t<\/a>\n\t\t\t\t\t\t<\/div>\n\t\t\t\t\t<\/div>\n\t\t\t\t<\/div>\n\t\t\t\t\t\t\t\t<\/div>\n\t\t\t\t\t\t\t\t\t\t\t<div class=\"swiper-slide\" data-slide=\"3\" role=\"group\" aria-roledescription=\"slide\" aria-label=\"3 of 4\">\n\t\t\t\t\t\t\t<div class=\"elementor-element elementor-element-ab90e6a e-flex e-con-boxed e-con e-child\" data-id=\"ab90e6a\" data-element_type=\"container\" data-e-type=\"container\">\n\t\t\t\t\t<div class=\"e-con-inner\">\n\t\t\t\t<div class=\"elementor-element elementor-element-ba1a725 elementor-cta--skin-cover elementor-widget__width-initial elementor-widget-tablet__width-inherit elementor-cta--valign-bottom elementor-animated-content elementor-bg-transform elementor-bg-transform-zoom-in elementor-widget elementor-widget-call-to-action\" data-id=\"ba1a725\" data-element_type=\"widget\" data-e-type=\"widget\" data-widget_type=\"call-to-action.default\">\n\t\t\t\t\t\t\t<a class=\"elementor-cta\" href=\"https:\/\/hectronic.se\/solutions\/industrialisation\/life-cycle-management\/\">\n\t\t\t\t\t<div class=\"elementor-cta__bg-wrapper\">\n\t\t\t\t<div class=\"elementor-cta__bg elementor-bg\" style=\"background-image: url(https:\/\/hectronic.se\/wp-content\/uploads\/2025\/10\/hectronic-fastlink-32-mechanical-development.jpg);\" role=\"img\" aria-label=\"fastlink-32\"><\/div>\n\t\t\t\t<div class=\"elementor-cta__bg-overlay\"><\/div>\n\t\t\t<\/div>\n\t\t\t\t\t\t\t<div class=\"elementor-cta__content\">\n\t\t\t\t\n\t\t\t\t\t\t\t\t\t<h3 class=\"elementor-cta__title elementor-cta__content-item elementor-content-item elementor-animated-item--grow\">\n\t\t\t\t\t\tLife cycle management\t\t\t\t\t<\/h3>\n\t\t\t\t\n\t\t\t\t\t\t\t\t\t<div class=\"elementor-cta__description elementor-cta__content-item elementor-content-item elementor-animated-item--grow\">\n\t\t\t\t\t\tRead more\t\t\t\t\t<\/div>\n\t\t\t\t\n\t\t\t\t\t\t\t<\/div>\n\t\t\t\t\t\t<\/a>\n\t\t\t\t\t\t<\/div>\n\t\t\t\t\t<\/div>\n\t\t\t\t<\/div>\n\t\t\t\t\t\t\t\t<\/div>\n\t\t\t\t\t\t\t\t\t\t\t<div class=\"swiper-slide\" data-slide=\"4\" role=\"group\" aria-roledescription=\"slide\" aria-label=\"4 of 4\">\n\t\t\t\t\t\t\t<div class=\"elementor-element elementor-element-8cf3e64 e-flex e-con-boxed e-con e-child\" data-id=\"8cf3e64\" data-element_type=\"container\" data-e-type=\"container\">\n\t\t\t\t\t<div class=\"e-con-inner\">\n\t\t\t\t<div class=\"elementor-element elementor-element-76bbd9e elementor-cta--skin-cover elementor-widget__width-initial elementor-widget-tablet__width-inherit elementor-cta--valign-bottom elementor-animated-content elementor-bg-transform elementor-bg-transform-zoom-in elementor-widget elementor-widget-call-to-action\" data-id=\"76bbd9e\" data-element_type=\"widget\" data-e-type=\"widget\" data-widget_type=\"call-to-action.default\">\n\t\t\t\t\t\t\t<a class=\"elementor-cta\" href=\"https:\/\/hectronic.se\/solutions\/industrialisation\/ip-rating\/\">\n\t\t\t\t\t<div class=\"elementor-cta__bg-wrapper\">\n\t\t\t\t<div class=\"elementor-cta__bg elementor-bg\" style=\"background-image: url(https:\/\/hectronic.se\/wp-content\/uploads\/2025\/10\/hectronic-water-proof-mechanical-development.jpg);\" role=\"img\" aria-label=\"Water Proof\"><\/div>\n\t\t\t\t<div class=\"elementor-cta__bg-overlay\"><\/div>\n\t\t\t<\/div>\n\t\t\t\t\t\t\t<div class=\"elementor-cta__content\">\n\t\t\t\t\n\t\t\t\t\t\t\t\t\t<h3 class=\"elementor-cta__title elementor-cta__content-item elementor-content-item elementor-animated-item--grow\">\n\t\t\t\t\t\tIP rating\t\t\t\t\t<\/h3>\n\t\t\t\t\n\t\t\t\t\t\t\t\t\t<div class=\"elementor-cta__description elementor-cta__content-item elementor-content-item elementor-animated-item--grow\">\n\t\t\t\t\t\tRead more\t\t\t\t\t<\/div>\n\t\t\t\t\n\t\t\t\t\t\t\t<\/div>\n\t\t\t\t\t\t<\/a>\n\t\t\t\t\t\t<\/div>\n\t\t\t\t\t<\/div>\n\t\t\t\t<\/div>\n\t\t\t\t\t\t\t\t<\/div>\n\t\t\t\t\t\t\t\t<\/div>\n\t\t<\/div>\n\t\t\t\t\t<div class=\"elementor-swiper-button elementor-swiper-button-prev\" role=\"button\" tabindex=\"0\" aria-label=\"Previous\">\n\t\t\t\t<svg xmlns=\"http:\/\/www.w3.org\/2000\/svg\" xmlns:xlink=\"http:\/\/www.w3.org\/1999\/xlink\" x=\"0px\" y=\"0px\" viewBox=\"0 0 16 15\" xml:space=\"preserve\"><path d=\"M15.8,6.5H3.7L8.2,2L6.7,0.5L0.5,6.8C0.3,7,0.2,7.2,0.2,7.5s0.1,0.5,0.3,0.7l6.2,6.2L8.2,13L3.7,8.6h12.1 V6.5z\"><\/path><\/svg>\t\t\t<\/div>\n\t\t\t<div class=\"elementor-swiper-button elementor-swiper-button-next\" role=\"button\" tabindex=\"0\" aria-label=\"Next\">\n\t\t\t\t<svg xmlns=\"http:\/\/www.w3.org\/2000\/svg\" xmlns:xlink=\"http:\/\/www.w3.org\/1999\/xlink\" x=\"0px\" y=\"0px\" viewBox=\"0 0 16 15\" xml:space=\"preserve\"><path d=\"M0.2,6.5h12.1L7.8,2l1.5-1.5l6.2,6.2c0.2,0.2,0.3,0.5,0.3,0.7s-0.1,0.5-0.3,0.7l-6.2,6.2L7.8,13l4.5-4.5H0.2 V6.5z\"><\/path><\/svg>\t\t\t<\/div>\n\t\t\t\t\t\t<\/div>\n\t\t\t\t\t<\/div>\n\t\t\t\t<\/div>\n\t\t\t\t<\/div>\n\t\t","protected":false},"excerpt":{"rendered":"<p>Embedded system design Industrialisation Contact us Testing Read more Production Read more Life cycle management Read more IP rating Read more Testing Read more Production Read more Life cycle management Read more IP rating Read more<\/p>","protected":false},"author":2,"featured_media":0,"parent":33,"menu_order":0,"comment_status":"closed","ping_status":"closed","template":"","meta":{"footnotes":""},"class_list":["post-929","page","type-page","status-publish","hentry"],"yoast_head":"<!-- This site is optimized with the Yoast SEO plugin v27.3 - https:\/\/yoast.com\/product\/yoast-seo-wordpress\/ -->\n<title>Embedded system design - industrial | Embedded Computer Systems - Nordic designer and manufacturer | Hectronic<\/title>\n<meta name=\"description\" content=\"Embedded system design - our engineers develops, delivers and maintains your embedded computer platform. Read more about testing, production &amp; more\" \/>\n<meta name=\"robots\" content=\"noindex, follow, max-snippet:-1, max-image-preview:large, max-video-preview:-1\" \/>\n<meta property=\"og:locale\" content=\"sv_SE\" \/>\n<meta property=\"og:type\" content=\"article\" \/>\n<meta property=\"og:title\" content=\"Embedded system design - industrial | Embedded Computer Systems - Nordic designer and manufacturer | Hectronic\" \/>\n<meta property=\"og:description\" content=\"Embedded system design - our engineers develops, delivers and maintains your embedded computer platform. Read more about testing, production &amp; more\" \/>\n<meta property=\"og:url\" content=\"https:\/\/hectronic.se\/sv\/losningar\/industrialisering\/\" \/>\n<meta property=\"og:site_name\" content=\"Embedded Computer Systems - Nordic designer and manufacturer | Hectronic\" \/>\n<meta property=\"article:publisher\" content=\"https:\/\/www.facebook.com\/Hectronic.1\/\" \/>\n<meta property=\"article:modified_time\" content=\"2026-04-08T15:26:25+00:00\" \/>\n<meta name=\"twitter:card\" content=\"summary_large_image\" \/>\n<meta name=\"twitter:site\" content=\"@HectronicNews\" \/>\n<meta name=\"twitter:label1\" content=\"Ber\u00e4knad l\u00e4stid\" \/>\n\t<meta name=\"twitter:data1\" content=\"1 minut\" \/>\n<!-- \/ Yoast SEO plugin. -->","yoast_head_json":{"title":"Inbyggd systemdesign \u2013 industri | Inbyggda datorsystem \u2013 Nordisk designer och tillverkare | Hectronic","description":"Inbyggda systemdesigner - v\u00e5ra ingenj\u00f6rer utvecklar, levererar och underh\u00e5ller din inbyggda datorplattform. L\u00e4s mer om testning, produktion &amp; mer","robots":{"index":"noindex","follow":"follow","max-snippet":"max-snippet:-1","max-image-preview":"max-image-preview:large","max-video-preview":"max-video-preview:-1"},"og_locale":"sv_SE","og_type":"article","og_title":"Embedded system design - industrial | Embedded Computer Systems - Nordic designer and manufacturer | Hectronic","og_description":"Embedded system design - our engineers develops, delivers and maintains your embedded computer platform. Read more about testing, production & more","og_url":"https:\/\/hectronic.se\/sv\/losningar\/industrialisering\/","og_site_name":"Embedded Computer Systems - Nordic designer and manufacturer | Hectronic","article_publisher":"https:\/\/www.facebook.com\/Hectronic.1\/","article_modified_time":"2026-04-08T15:26:25+00:00","twitter_card":"summary_large_image","twitter_site":"@HectronicNews","twitter_misc":{"Ber\u00e4knad l\u00e4stid":"1 minut"},"schema":{"@context":"https:\/\/schema.org","@graph":[{"@type":"WebPage","@id":"https:\/\/hectronic.se\/solutions\/industrialisation\/","url":"https:\/\/hectronic.se\/solutions\/industrialisation\/","name":"Inbyggd systemdesign \u2013 industri | Inbyggda datorsystem \u2013 Nordisk designer och tillverkare | Hectronic","isPartOf":{"@id":"https:\/\/hectronic.se\/#website"},"datePublished":"2025-10-22T14:23:17+00:00","dateModified":"2026-04-08T15:26:25+00:00","description":"Inbyggda systemdesigner - v\u00e5ra ingenj\u00f6rer utvecklar, levererar och underh\u00e5ller din inbyggda datorplattform. L\u00e4s mer om testning, produktion &amp; mer","breadcrumb":{"@id":"https:\/\/hectronic.se\/solutions\/industrialisation\/#breadcrumb"},"inLanguage":"sv-SE","potentialAction":[{"@type":"ReadAction","target":["https:\/\/hectronic.se\/solutions\/industrialisation\/"]}]},{"@type":"BreadcrumbList","@id":"https:\/\/hectronic.se\/solutions\/industrialisation\/#breadcrumb","itemListElement":[{"@type":"ListItem","position":1,"name":"Home","item":"https:\/\/hectronic.se\/"},{"@type":"ListItem","position":2,"name":"Solutions","item":"https:\/\/hectronic.se\/solutions\/"},{"@type":"ListItem","position":3,"name":"Mechanical development"}]},{"@type":"WebSite","@id":"https:\/\/hectronic.se\/#website","url":"https:\/\/hectronic.se\/","name":"Inbyggda datorsystem - nordisk designer och tillverkare | Hectronic","description":"","publisher":{"@id":"https:\/\/hectronic.se\/#organization"},"potentialAction":[{"@type":"SearchAction","target":{"@type":"EntryPoint","urlTemplate":"https:\/\/hectronic.se\/?s={search_term_string}"},"query-input":{"@type":"PropertyValueSpecification","valueRequired":true,"valueName":"search_term_string"}}],"inLanguage":"sv-SE"},{"@type":"Organization","@id":"https:\/\/hectronic.se\/#organization","name":"Inbyggda datorsystem - nordisk designer och tillverkare | Hectronic","url":"https:\/\/hectronic.se\/","logo":{"@type":"ImageObject","inLanguage":"sv-SE","@id":"https:\/\/hectronic.se\/#\/schema\/logo\/image\/","url":"https:\/\/hectronic.se\/wp-content\/uploads\/2026\/03\/hectronic-logo-1.svg","contentUrl":"https:\/\/hectronic.se\/wp-content\/uploads\/2026\/03\/hectronic-logo-1.svg","width":207,"height":38,"caption":"Embedded Computer Systems - Nordic designer and manufacturer | Hectronic"},"image":{"@id":"https:\/\/hectronic.se\/#\/schema\/logo\/image\/"},"sameAs":["https:\/\/www.facebook.com\/Hectronic.1\/","https:\/\/x.com\/HectronicNews"]}]}},"_links":{"self":[{"href":"https:\/\/hectronic.se\/sv\/wp-json\/wp\/v2\/pages\/929","targetHints":{"allow":["GET"]}}],"collection":[{"href":"https:\/\/hectronic.se\/sv\/wp-json\/wp\/v2\/pages"}],"about":[{"href":"https:\/\/hectronic.se\/sv\/wp-json\/wp\/v2\/types\/page"}],"author":[{"embeddable":true,"href":"https:\/\/hectronic.se\/sv\/wp-json\/wp\/v2\/users\/2"}],"replies":[{"embeddable":true,"href":"https:\/\/hectronic.se\/sv\/wp-json\/wp\/v2\/comments?post=929"}],"version-history":[{"count":55,"href":"https:\/\/hectronic.se\/sv\/wp-json\/wp\/v2\/pages\/929\/revisions"}],"predecessor-version":[{"id":6278,"href":"https:\/\/hectronic.se\/sv\/wp-json\/wp\/v2\/pages\/929\/revisions\/6278"}],"up":[{"embeddable":true,"href":"https:\/\/hectronic.se\/sv\/wp-json\/wp\/v2\/pages\/33"}],"wp:attachment":[{"href":"https:\/\/hectronic.se\/sv\/wp-json\/wp\/v2\/media?parent=929"}],"curies":[{"name":"wp","href":"https:\/\/api.w.org\/{rel}","templated":true}]}}