{"id":4472,"date":"2026-02-13T21:44:04","date_gmt":"2026-02-13T21:44:04","guid":{"rendered":"https:\/\/hectronic.se\/?page_id=4472"},"modified":"2026-02-13T21:55:03","modified_gmt":"2026-02-13T21:55:03","slug":"case-study-med-och-carrier-board-i-nasta-generations-medicinska-instrument","status":"publish","type":"page","link":"https:\/\/hectronic.se\/sv\/case-study-com-and-carrier-board-in-next-generation-medical-instrument\/","title":{"rendered":"Case Study: Precision Cardiac Data with H6049 COM"},"content":{"rendered":"<div data-elementor-type=\"wp-page\" data-elementor-id=\"4472\" class=\"elementor elementor-4472\" data-elementor-post-type=\"page\">\n\t\t\t\t<div class=\"elementor-element elementor-element-875d11c e-flex e-con-boxed e-con e-parent\" data-id=\"875d11c\" data-element_type=\"container\" data-e-type=\"container\" data-settings=\"{&quot;background_background&quot;:&quot;classic&quot;}\">\n\t\t\t\t\t<div class=\"e-con-inner\">\n\t\t<div class=\"elementor-element elementor-element-6e52e4f e-con-full e-flex e-con e-child\" data-id=\"6e52e4f\" data-element_type=\"container\" data-e-type=\"container\">\n\t\t\t\t<div class=\"elementor-element elementor-element-bc7fbcf elementor-widget elementor-widget-heading\" data-id=\"bc7fbcf\" data-element_type=\"widget\" data-e-type=\"widget\" data-widget_type=\"heading.default\">\n\t\t\t\t\t<h1 class=\"elementor-heading-title elementor-size-default\">COM och b\u00e4rarkort i n\u00e4sta generations medicinska instrument\n<\/h1>\t\t\t\t<\/div>\n\t\t\t\t<div class=\"elementor-element elementor-element-3f0c389 elementor-widget-divider--view-line elementor-widget elementor-widget-divider\" data-id=\"3f0c389\" data-element_type=\"widget\" data-e-type=\"widget\" data-widget_type=\"divider.default\">\n\t\t\t\t\t\t\t<div class=\"elementor-divider\">\n\t\t\t<span class=\"elementor-divider-separator\">\n\t\t\t\t\t\t<\/span>\n\t\t<\/div>\n\t\t\t\t\t\t<\/div>\n\t\t\t\t<\/div>\n\t\t<div class=\"elementor-element elementor-element-dd986ef e-con-full e-flex e-con e-child\" data-id=\"dd986ef\" data-element_type=\"container\" data-e-type=\"container\">\n\t\t\t\t<\/div>\n\t\t\t\t\t<\/div>\n\t\t\t\t<\/div>\n\t\t<div class=\"elementor-element elementor-element-a0cf628 e-flex e-con-boxed e-con e-parent\" data-id=\"a0cf628\" data-element_type=\"container\" data-e-type=\"container\">\n\t\t\t\t\t<div class=\"e-con-inner\">\n\t\t\t\t<div class=\"elementor-element elementor-element-8136586 elementor-widget elementor-widget-image\" data-id=\"8136586\" data-element_type=\"widget\" data-e-type=\"widget\" data-widget_type=\"image.default\">\n\t\t\t\t\t\t\t\t\t\t\t\t\t\t\t<img fetchpriority=\"high\" decoding=\"async\" width=\"400\" height=\"370\" src=\"https:\/\/hectronic.se\/wp-content\/uploads\/2026\/02\/2665-4903c2fe.png\" class=\"attachment-large size-large wp-image-4475\" alt=\"\" srcset=\"https:\/\/hectronic.se\/wp-content\/uploads\/2026\/02\/2665-4903c2fe.png 400w, https:\/\/hectronic.se\/wp-content\/uploads\/2026\/02\/2665-4903c2fe-300x278.png 300w\" sizes=\"(max-width: 400px) 100vw, 400px\" \/>\t\t\t\t\t\t\t\t\t\t\t\t\t\t\t<\/div>\n\t\t\t\t<div class=\"elementor-element elementor-element-1aa3c98 elementor-widget elementor-widget-text-editor\" data-id=\"1aa3c98\" data-element_type=\"widget\" data-e-type=\"widget\" data-widget_type=\"text-editor.default\">\n\t\t\t\t\t\t\t\t\t<h5>The H6049 <a href=\"https:\/\/hectronic.se\/sv\/produkter\/computer-on-modules\/\">Computer-On-Module<\/a>, COM developed by <a href=\"https:\/\/hectronic.se\/sv\/\">Hectronic<\/a> was placed on the table at the medical device company and plans finally fell into place. H6049 is a ready-made board with the complex parts of the computer design completed and verified. It\u2019s designed to be mounted on a custom-made so-called carrier board with interfaces, functionality and dimensions to meet the requirements perfectly.<\/h5><p>En ers\u00e4ttning beh\u00f6vdes f\u00f6r det f\u00f6r\u00e5ldrade PC104-kortet baserat p\u00e5 en X86-processor. F\u00f6retaget hade noga \u00f6verv\u00e4gt alternativen. En COTS-produkt, en standard panel-PC, en helt egen design, intern utveckling och outsourcing var bland alternativen. Samarbetet med Hectronic innebar lite av allt detta.<br \/>Datorn \u00e4r inb\u00e4ddad i ett kardiologiinstrument som samlar in data fr\u00e5n en invasiv blodtryckssensor. Instrumenten s\u00e4ljs \u00f6ver hela v\u00e4rlden. Sensorn f\u00f6rs upp genom de stora blodk\u00e4rlen fr\u00e5n ljumsken, genom aorta till hj\u00e4rtats kransk\u00e4rl. Genom att utv\u00e4rdera tryckdata kan l\u00e4karna uppt\u00e4cka och lokalisera omr\u00e5den med tidiga stadier av kransk\u00e4rlsstenos.<br \/>S\u00e5dana omr\u00e5den behandlas med perkutan koronarintervention, vilket \u00e4r en grupp behandlingar som innefattar exempelvis att bl\u00e5sa upp en ballong vid k\u00e4rlavsnittet eller att g\u00e5 f\u00f6rbi det med k\u00e4rltransplantat fr\u00e5n andra delar av kroppen.<\/p>\t\t\t\t\t\t\t\t<\/div>\n\t\t\t\t<div class=\"elementor-element elementor-element-6e3448c elementor-widget elementor-widget-spacer\" data-id=\"6e3448c\" data-element_type=\"widget\" data-e-type=\"widget\" data-widget_type=\"spacer.default\">\n\t\t\t\t\t\t\t<div class=\"elementor-spacer\">\n\t\t\t<div class=\"elementor-spacer-inner\"><\/div>\n\t\t<\/div>\n\t\t\t\t\t\t<\/div>\n\t\t\t\t<div class=\"elementor-element elementor-element-da40876 elementor-widget elementor-widget-heading\" data-id=\"da40876\" data-element_type=\"widget\" data-e-type=\"widget\" data-widget_type=\"heading.default\">\n\t\t\t\t\t<h3 class=\"elementor-heading-title elementor-size-default\">Implementera en halvskr\u00e4ddarsydd design<\/h3>\t\t\t\t<\/div>\n\t\t\t\t<div class=\"elementor-element elementor-element-dcb5732 elementor-widget-divider--view-line elementor-widget elementor-widget-divider\" data-id=\"dcb5732\" data-element_type=\"widget\" data-e-type=\"widget\" data-widget_type=\"divider.default\">\n\t\t\t\t\t\t\t<div class=\"elementor-divider\">\n\t\t\t<span class=\"elementor-divider-separator\">\n\t\t\t\t\t\t<\/span>\n\t\t<\/div>\n\t\t\t\t\t\t<\/div>\n\t\t\t\t<div class=\"elementor-element elementor-element-d4a103e elementor-widget elementor-widget-spacer\" data-id=\"d4a103e\" data-element_type=\"widget\" data-e-type=\"widget\" data-widget_type=\"spacer.default\">\n\t\t\t\t\t\t\t<div class=\"elementor-spacer\">\n\t\t\t<div class=\"elementor-spacer-inner\"><\/div>\n\t\t<\/div>\n\t\t\t\t\t\t<\/div>\n\t\t\t\t<div class=\"elementor-element elementor-element-87c8851 elementor-widget elementor-widget-text-editor\" data-id=\"87c8851\" data-element_type=\"widget\" data-e-type=\"widget\" data-widget_type=\"text-editor.default\">\n\t\t\t\t\t\t\t\t\t<p>A\u00a0<a href=\"https:\/\/hectronic.se\/sv\/produkter\/computer-on-modules\/\">COM\u00a0<\/a>is a small computer board containing processor, I\/O hub, memory and additional components. The COM is always mounted on a tailor-made carrier board. A COM is a\u00a0<a href=\"https:\/\/hectronic.se\/sv\/produkter\/\">COTS product<\/a>\u00a0which is used in numerous end products of numerous customers. The carrier board is adapted to one particular end product of one individual customer. The semi-custom design balances advantages from the COTS product strategy (complex parts verified and ready to use directly) with the full custom strategy (adaptation to requirements unique to the application).<\/p>\t\t\t\t\t\t\t\t<\/div>\n\t\t\t\t<div class=\"elementor-element elementor-element-d75f4fc elementor-widget elementor-widget-spacer\" data-id=\"d75f4fc\" data-element_type=\"widget\" data-e-type=\"widget\" data-widget_type=\"spacer.default\">\n\t\t\t\t\t\t\t<div class=\"elementor-spacer\">\n\t\t\t<div class=\"elementor-spacer-inner\"><\/div>\n\t\t<\/div>\n\t\t\t\t\t\t<\/div>\n\t\t\t\t<div class=\"elementor-element elementor-element-8adb209 elementor-widget elementor-widget-image\" data-id=\"8adb209\" data-element_type=\"widget\" data-e-type=\"widget\" data-widget_type=\"image.default\">\n\t\t\t\t\t\t\t\t\t\t\t\t\t\t\t<img decoding=\"async\" width=\"360\" height=\"338\" src=\"https:\/\/hectronic.se\/wp-content\/uploads\/2026\/02\/case-study-precision-cardiac-data-with-h6049-com.png\" class=\"attachment-large size-large wp-image-4482\" alt=\"Case Study: Precision Cardiac Data with H6049 COM\" srcset=\"https:\/\/hectronic.se\/wp-content\/uploads\/2026\/02\/case-study-precision-cardiac-data-with-h6049-com.png 360w, https:\/\/hectronic.se\/wp-content\/uploads\/2026\/02\/case-study-precision-cardiac-data-with-h6049-com-300x282.png 300w\" sizes=\"(max-width: 360px) 100vw, 360px\" \/>\t\t\t\t\t\t\t\t\t\t\t\t\t\t\t<\/div>\n\t\t\t\t<div class=\"elementor-element elementor-element-44f8735 elementor-widget elementor-widget-text-editor\" data-id=\"44f8735\" data-element_type=\"widget\" data-e-type=\"widget\" data-widget_type=\"text-editor.default\">\n\t\t\t\t\t\t\t\t\t<div><a href=\"https:\/\/hectronic.se\/sv\/produkter\/computer-on-modules\/com-express-moduler\/\" target=\"_self\"><strong>Hectronic H6049<\/strong><\/a><br \/>\u2022 Intel\u00ae Atom\u2122 Z510\/Z530 CPU:er<\/div><div>\u2022 Processorhastigheter: 1,1 GHz, 1,6 GHz<\/div><div>\u2022 Ut\u00f6kad\/Industriell temperatur, tillval<\/div><div>\u2022 L\u00f6dd DDRII DRAM<\/div><div>\u2022 Integrera NANDrive Flash SSD<\/div><div>\u2022 Trusted Platform Module, TPM 1.2<\/div><div>\u2022 LVDS, SDVO<\/div><div>\u2022 7 x USB 2.0-portar<\/div><div>\u2022 Konformt skydd, tillval<\/div>\t\t\t\t\t\t\t\t<\/div>\n\t\t\t\t<div class=\"elementor-element elementor-element-25e29ef elementor-widget elementor-widget-spacer\" data-id=\"25e29ef\" data-element_type=\"widget\" data-e-type=\"widget\" data-widget_type=\"spacer.default\">\n\t\t\t\t\t\t\t<div class=\"elementor-spacer\">\n\t\t\t<div class=\"elementor-spacer-inner\"><\/div>\n\t\t<\/div>\n\t\t\t\t\t\t<\/div>\n\t\t\t\t<div class=\"elementor-element elementor-element-8b7d4a3 elementor-widget elementor-widget-text-editor\" data-id=\"8b7d4a3\" data-element_type=\"widget\" data-e-type=\"widget\" data-widget_type=\"text-editor.default\">\n\t\t\t\t\t\t\t\t\t<p>Hectronic developed the carrier board for the medical instrument. Two boards for communication were developed by the customer and so was the mechanics and encapsulation. The application required 8 USB ports. The H6049 COM offers 7 of them and the 8th was accomplished via a USB hub mounted on the carrier board. Additional interfaces in the specification of the carrier board is DVI\/CRT, gigabit ethernet and an SD interface.<\/p><p>Ytterligare delar och komponenter fr\u00e5n Hectronics partners har anpassats och integrerats. SMART Modular Technologies levererade SD-kortet och Mitsubishi Electric hade\u00a0<a href=\"https:\/\/hectronic.se\/sv\/produkter\/industrial-displays\/\" target=\"_self\">TFT-LCD-modul<\/a>\u00a0f\u00f6r att m\u00f6ta kraven p\u00e5 till exempel produktens l\u00e5nga livsl\u00e4ngd. TFT-LCD-modulen integrerades med en PCAP-peksk\u00e4rm.<\/p>\t\t\t\t\t\t\t\t<\/div>\n\t\t\t\t<div class=\"elementor-element elementor-element-9f5a144 elementor-widget elementor-widget-image\" data-id=\"9f5a144\" data-element_type=\"widget\" data-e-type=\"widget\" data-widget_type=\"image.default\">\n\t\t\t\t\t\t\t\t\t\t\t\t\t\t\t<img decoding=\"async\" width=\"775\" height=\"626\" src=\"https:\/\/hectronic.se\/wp-content\/uploads\/2026\/02\/medical-technology.png\" class=\"attachment-large size-large wp-image-4474\" alt=\"Medicinsk teknik\" srcset=\"https:\/\/hectronic.se\/wp-content\/uploads\/2026\/02\/medical-technology.png 775w, https:\/\/hectronic.se\/wp-content\/uploads\/2026\/02\/medical-technology-300x242.png 300w, https:\/\/hectronic.se\/wp-content\/uploads\/2026\/02\/medical-technology-768x620.png 768w\" sizes=\"(max-width: 775px) 100vw, 775px\" \/>\t\t\t\t\t\t\t\t\t\t\t\t\t\t\t<\/div>\n\t\t\t\t<div class=\"elementor-element elementor-element-c66c73d elementor-widget elementor-widget-spacer\" data-id=\"c66c73d\" data-element_type=\"widget\" data-e-type=\"widget\" data-widget_type=\"spacer.default\">\n\t\t\t\t\t\t\t<div class=\"elementor-spacer\">\n\t\t\t<div class=\"elementor-spacer-inner\"><\/div>\n\t\t<\/div>\n\t\t\t\t\t\t<\/div>\n\t\t\t\t<div class=\"elementor-element elementor-element-82c532a elementor-widget elementor-widget-heading\" data-id=\"82c532a\" data-element_type=\"widget\" data-e-type=\"widget\" data-widget_type=\"heading.default\">\n\t\t\t\t\t<h3 class=\"elementor-heading-title elementor-size-default\">Att anpassa BIOS och Linux OS<\/h3>\t\t\t\t<\/div>\n\t\t\t\t<div class=\"elementor-element elementor-element-2976ba5 elementor-widget-divider--view-line elementor-widget elementor-widget-divider\" data-id=\"2976ba5\" data-element_type=\"widget\" data-e-type=\"widget\" data-widget_type=\"divider.default\">\n\t\t\t\t\t\t\t<div class=\"elementor-divider\">\n\t\t\t<span class=\"elementor-divider-separator\">\n\t\t\t\t\t\t<\/span>\n\t\t<\/div>\n\t\t\t\t\t\t<\/div>\n\t\t\t\t<div class=\"elementor-element elementor-element-a00e3b8 elementor-widget elementor-widget-spacer\" data-id=\"a00e3b8\" data-element_type=\"widget\" data-e-type=\"widget\" data-widget_type=\"spacer.default\">\n\t\t\t\t\t\t\t<div class=\"elementor-spacer\">\n\t\t\t<div class=\"elementor-spacer-inner\"><\/div>\n\t\t<\/div>\n\t\t\t\t\t\t<\/div>\n\t\t\t\t<div class=\"elementor-element elementor-element-6444cf2 elementor-widget elementor-widget-text-editor\" data-id=\"6444cf2\" data-element_type=\"widget\" data-e-type=\"widget\" data-widget_type=\"text-editor.default\">\n\t\t\t\t\t\t\t\t\t<p>The prior product generation used a Linux operating system and the customer saw no reason for a change and the plan was to reuse as much as possible of the application software.\u00a0<a href=\"https:\/\/hectronic.se\/sv\/losningar\/utveckling\/mjukvaruutvecklingstjanster\/\">Minor adjustments to the BIOS<\/a>\u00a0for H6049 were made by Hectronic as well as development of a Linux operating system meeting customer requirements. The customer\u2019s software needed adaptations to the GCC 4.4 compiler and to the Qt library. The application uses Qt to implement the user interface. The Linux OS included drivers for the PCAP controller and VGA\/DVI controller among other things.<\/p><p>Att integrera en TFT-LCD-modul och en PCAP-peksk\u00e4rm inneb\u00e4r fler aktiviteter och utmaningar \u00e4n vad man kanske f\u00f6rst t\u00e4nker p\u00e5. Det kr\u00e4vs en styrenhet, bondning av display och peksk\u00e4rm, drivrutiner och kablar och slutligen industrialisering d\u00e4r l\u00f6sningen f\u00f6rbereds f\u00f6r produktion. Tidigt i projektet involverades en av Hectronics tillverkningspartners. De \u00e4r certifierade enligt ISO 13485 som specificerar kraven p\u00e5 ett kvalitetsledningssystem f\u00f6r produktion av medicintekniska produkter.<\/p>\t\t\t\t\t\t\t\t<\/div>\n\t\t\t\t<div class=\"elementor-element elementor-element-d293459 elementor-widget elementor-widget-spacer\" data-id=\"d293459\" data-element_type=\"widget\" data-e-type=\"widget\" data-widget_type=\"spacer.default\">\n\t\t\t\t\t\t\t<div class=\"elementor-spacer\">\n\t\t\t<div class=\"elementor-spacer-inner\"><\/div>\n\t\t<\/div>\n\t\t\t\t\t\t<\/div>\n\t\t\t\t<div class=\"elementor-element elementor-element-5376b78 elementor-widget elementor-widget-heading\" data-id=\"5376b78\" data-element_type=\"widget\" data-e-type=\"widget\" data-widget_type=\"heading.default\">\n\t\t\t\t\t<h3 class=\"elementor-heading-title elementor-size-default\">S\u00e4kerst\u00e4lla kvaliteten i produktionen<\/h3>\t\t\t\t<\/div>\n\t\t\t\t<div class=\"elementor-element elementor-element-c6e7f04 elementor-widget-divider--view-line elementor-widget elementor-widget-divider\" data-id=\"c6e7f04\" data-element_type=\"widget\" data-e-type=\"widget\" data-widget_type=\"divider.default\">\n\t\t\t\t\t\t\t<div class=\"elementor-divider\">\n\t\t\t<span class=\"elementor-divider-separator\">\n\t\t\t\t\t\t<\/span>\n\t\t<\/div>\n\t\t\t\t\t\t<\/div>\n\t\t\t\t<div class=\"elementor-element elementor-element-40b448d elementor-widget elementor-widget-spacer\" data-id=\"40b448d\" data-element_type=\"widget\" data-e-type=\"widget\" data-widget_type=\"spacer.default\">\n\t\t\t\t\t\t\t<div class=\"elementor-spacer\">\n\t\t\t<div class=\"elementor-spacer-inner\"><\/div>\n\t\t<\/div>\n\t\t\t\t\t\t<\/div>\n\t\t\t\t<div class=\"elementor-element elementor-element-9230320 elementor-widget elementor-widget-text-editor\" data-id=\"9230320\" data-element_type=\"widget\" data-e-type=\"widget\" data-widget_type=\"text-editor.default\">\n\t\t\t\t\t\t\t\t\tThe manufacturer is stationed in Taiwan and uses one of the test systems developed by Hectronic. The other two is used by Hectronic and customer respectively. All three are identical which ensures reproduction of errors, identifying the problem and\n\nAnd when it comes to product reliability and production quality we are quite proud actually. 4000 units of the module and carrier board have been produced. 99.8% of the supplied units have worked flawlessly. The medical instrument is certified and sold worldwide. The challenge now is maintenance and manufacturing at the highest quality level for as many years as possible which along with development and industrialization are all parts of Hectronic\u2019s expertize.\t\t\t\t\t\t\t\t<\/div>\n\t\t\t\t\t<\/div>\n\t\t\t\t<\/div>\n\t\t\t\t<\/div>","protected":false},"excerpt":{"rendered":"<p>COM and carrier board in next generation medical instrument The H6049 Computer-On-Module, COM developed by Hectronic was placed on the table at the medical device company and plans finally fell into place. H6049 is a ready-made board with the complex parts of the computer design completed and verified. It\u2019s designed to be mounted on a [&hellip;]<\/p>\n","protected":false},"author":2,"featured_media":0,"parent":0,"menu_order":0,"comment_status":"closed","ping_status":"closed","template":"","meta":{"footnotes":""},"class_list":["post-4472","page","type-page","status-publish","hentry"],"yoast_head":"<!-- This site is optimized with the Yoast SEO plugin v27.3 - https:\/\/yoast.com\/product\/yoast-seo-wordpress\/ -->\n<title>Case Study: Precision Cardiac Data with H6049 COM | Embedded Computer Systems - Nordic designer and manufacturer | Hectronic<\/title>\n<meta name=\"description\" content=\"Read our case study: COM and carrier board in next generation medical instrument. Click here to read more or contact us for more info.\" \/>\n<meta name=\"robots\" content=\"index, follow, max-snippet:-1, max-image-preview:large, max-video-preview:-1\" \/>\n<link rel=\"canonical\" href=\"https:\/\/hectronic.se\/sv\/case-study-med-och-carrier-board-i-nasta-generations-medicinska-instrument\/\" \/>\n<meta property=\"og:locale\" content=\"sv_SE\" \/>\n<meta property=\"og:type\" content=\"article\" \/>\n<meta property=\"og:title\" content=\"Case Study: Precision Cardiac Data with H6049 COM | Embedded Computer Systems - Nordic designer and manufacturer | Hectronic\" \/>\n<meta property=\"og:description\" content=\"Read our case study: COM and carrier board in next generation medical instrument. Click here to read more or contact us for more info.\" \/>\n<meta property=\"og:url\" content=\"https:\/\/hectronic.se\/sv\/case-study-med-och-carrier-board-i-nasta-generations-medicinska-instrument\/\" \/>\n<meta property=\"og:site_name\" content=\"Embedded Computer Systems - Nordic designer and manufacturer | Hectronic\" \/>\n<meta property=\"article:publisher\" content=\"https:\/\/www.facebook.com\/Hectronic.1\/\" \/>\n<meta property=\"article:modified_time\" content=\"2026-02-13T21:55:03+00:00\" \/>\n<meta property=\"og:image\" content=\"https:\/\/hectronic.se\/wp-content\/uploads\/2026\/02\/2665-4903c2fe.png\" \/>\n<meta name=\"twitter:card\" content=\"summary_large_image\" \/>\n<meta name=\"twitter:site\" content=\"@HectronicNews\" \/>\n<meta name=\"twitter:label1\" content=\"Ber\u00e4knad l\u00e4stid\" \/>\n\t<meta name=\"twitter:data1\" content=\"4 minuter\" \/>\n<!-- \/ Yoast SEO plugin. -->","yoast_head_json":{"title":"Case Study: Precision Cardiac Data with H6049 COM | Embedded Computer Systems - Nordic designer and manufacturer | Hectronic","description":"L\u00e4s v\u00e5r fallstudie: COM och b\u00e4rarkort i n\u00e4sta generations medicinska instrument. Klicka h\u00e4r f\u00f6r att l\u00e4sa mer eller kontakta oss f\u00f6r mer information.","robots":{"index":"index","follow":"follow","max-snippet":"max-snippet:-1","max-image-preview":"max-image-preview:large","max-video-preview":"max-video-preview:-1"},"canonical":"https:\/\/hectronic.se\/sv\/case-study-med-och-carrier-board-i-nasta-generations-medicinska-instrument\/","og_locale":"sv_SE","og_type":"article","og_title":"Case Study: Precision Cardiac Data with H6049 COM | Embedded Computer Systems - Nordic designer and manufacturer | Hectronic","og_description":"Read our case study: COM and carrier board in next generation medical instrument. Click here to read more or contact us for more info.","og_url":"https:\/\/hectronic.se\/sv\/case-study-med-och-carrier-board-i-nasta-generations-medicinska-instrument\/","og_site_name":"Embedded Computer Systems - Nordic designer and manufacturer | Hectronic","article_publisher":"https:\/\/www.facebook.com\/Hectronic.1\/","article_modified_time":"2026-02-13T21:55:03+00:00","og_image":[{"url":"https:\/\/hectronic.se\/wp-content\/uploads\/2026\/02\/2665-4903c2fe.png","type":"","width":"","height":""}],"twitter_card":"summary_large_image","twitter_site":"@HectronicNews","twitter_misc":{"Ber\u00e4knad l\u00e4stid":"4 minuter"},"schema":{"@context":"https:\/\/schema.org","@graph":[{"@type":"WebPage","@id":"https:\/\/hectronic.se\/case-study-com-and-carrier-board-in-next-generation-medical-instrument\/","url":"https:\/\/hectronic.se\/case-study-com-and-carrier-board-in-next-generation-medical-instrument\/","name":"Case Study: Precision Cardiac Data with H6049 COM | Embedded Computer Systems - Nordic designer and manufacturer | Hectronic","isPartOf":{"@id":"https:\/\/hectronic.se\/#website"},"primaryImageOfPage":{"@id":"https:\/\/hectronic.se\/case-study-com-and-carrier-board-in-next-generation-medical-instrument\/#primaryimage"},"image":{"@id":"https:\/\/hectronic.se\/case-study-com-and-carrier-board-in-next-generation-medical-instrument\/#primaryimage"},"thumbnailUrl":"https:\/\/hectronic.se\/wp-content\/uploads\/2026\/02\/2665-4903c2fe.png","datePublished":"2026-02-13T21:44:04+00:00","dateModified":"2026-02-13T21:55:03+00:00","description":"L\u00e4s v\u00e5r fallstudie: COM och b\u00e4rarkort i n\u00e4sta generations medicinska instrument. Klicka h\u00e4r f\u00f6r att l\u00e4sa mer eller kontakta oss f\u00f6r mer information.","breadcrumb":{"@id":"https:\/\/hectronic.se\/case-study-com-and-carrier-board-in-next-generation-medical-instrument\/#breadcrumb"},"inLanguage":"sv-SE","potentialAction":[{"@type":"ReadAction","target":["https:\/\/hectronic.se\/case-study-com-and-carrier-board-in-next-generation-medical-instrument\/"]}]},{"@type":"ImageObject","inLanguage":"sv-SE","@id":"https:\/\/hectronic.se\/case-study-com-and-carrier-board-in-next-generation-medical-instrument\/#primaryimage","url":"https:\/\/hectronic.se\/wp-content\/uploads\/2026\/02\/2665-4903c2fe.png","contentUrl":"https:\/\/hectronic.se\/wp-content\/uploads\/2026\/02\/2665-4903c2fe.png"},{"@type":"BreadcrumbList","@id":"https:\/\/hectronic.se\/case-study-com-and-carrier-board-in-next-generation-medical-instrument\/#breadcrumb","itemListElement":[{"@type":"ListItem","position":1,"name":"Home","item":"https:\/\/hectronic.se\/"},{"@type":"ListItem","position":2,"name":"Case Study: Precision Cardiac Data with H6049 COM"}]},{"@type":"WebSite","@id":"https:\/\/hectronic.se\/#website","url":"https:\/\/hectronic.se\/","name":"Inbyggda datorsystem - nordisk designer och tillverkare | Hectronic","description":"","publisher":{"@id":"https:\/\/hectronic.se\/#organization"},"potentialAction":[{"@type":"SearchAction","target":{"@type":"EntryPoint","urlTemplate":"https:\/\/hectronic.se\/?s={search_term_string}"},"query-input":{"@type":"PropertyValueSpecification","valueRequired":true,"valueName":"search_term_string"}}],"inLanguage":"sv-SE"},{"@type":"Organization","@id":"https:\/\/hectronic.se\/#organization","name":"Inbyggda datorsystem - nordisk designer och tillverkare | Hectronic","url":"https:\/\/hectronic.se\/","logo":{"@type":"ImageObject","inLanguage":"sv-SE","@id":"https:\/\/hectronic.se\/#\/schema\/logo\/image\/","url":"https:\/\/hectronic.se\/wp-content\/uploads\/2026\/03\/hectronic-logo-1.svg","contentUrl":"https:\/\/hectronic.se\/wp-content\/uploads\/2026\/03\/hectronic-logo-1.svg","width":207,"height":38,"caption":"Embedded Computer Systems - Nordic designer and manufacturer | Hectronic"},"image":{"@id":"https:\/\/hectronic.se\/#\/schema\/logo\/image\/"},"sameAs":["https:\/\/www.facebook.com\/Hectronic.1\/","https:\/\/x.com\/HectronicNews"]}]}},"_links":{"self":[{"href":"https:\/\/hectronic.se\/sv\/wp-json\/wp\/v2\/pages\/4472","targetHints":{"allow":["GET"]}}],"collection":[{"href":"https:\/\/hectronic.se\/sv\/wp-json\/wp\/v2\/pages"}],"about":[{"href":"https:\/\/hectronic.se\/sv\/wp-json\/wp\/v2\/types\/page"}],"author":[{"embeddable":true,"href":"https:\/\/hectronic.se\/sv\/wp-json\/wp\/v2\/users\/2"}],"replies":[{"embeddable":true,"href":"https:\/\/hectronic.se\/sv\/wp-json\/wp\/v2\/comments?post=4472"}],"version-history":[{"count":4,"href":"https:\/\/hectronic.se\/sv\/wp-json\/wp\/v2\/pages\/4472\/revisions"}],"predecessor-version":[{"id":4485,"href":"https:\/\/hectronic.se\/sv\/wp-json\/wp\/v2\/pages\/4472\/revisions\/4485"}],"wp:attachment":[{"href":"https:\/\/hectronic.se\/sv\/wp-json\/wp\/v2\/media?parent=4472"}],"curies":[{"name":"wp","href":"https:\/\/api.w.org\/{rel}","templated":true}]}}