{"id":4257,"date":"2026-02-12T15:43:08","date_gmt":"2026-02-12T15:43:08","guid":{"rendered":"https:\/\/hectronic.se\/?page_id=4257"},"modified":"2026-02-12T15:49:49","modified_gmt":"2026-02-12T15:49:49","slug":"emc-kammaren","status":"publish","type":"page","link":"https:\/\/hectronic.se\/sv\/the-emc-chamber\/","title":{"rendered":"EMC-kammare"},"content":{"rendered":"<div data-elementor-type=\"wp-page\" data-elementor-id=\"4257\" class=\"elementor elementor-4257\" data-elementor-post-type=\"page\">\n\t\t\t\t<div class=\"elementor-element elementor-element-24f49f7 e-flex e-con-boxed e-con e-parent\" data-id=\"24f49f7\" data-element_type=\"container\" data-e-type=\"container\" data-settings=\"{&quot;background_background&quot;:&quot;classic&quot;}\">\n\t\t\t\t\t<div class=\"e-con-inner\">\n\t\t<div class=\"elementor-element elementor-element-0a8dc31 e-con-full e-flex e-con e-child\" data-id=\"0a8dc31\" data-element_type=\"container\" data-e-type=\"container\">\n\t\t\t\t<div class=\"elementor-element elementor-element-04e9c5b elementor-mobile-align-left elementor-widget elementor-widget-button\" data-id=\"04e9c5b\" data-element_type=\"widget\" data-e-type=\"widget\" data-widget_type=\"button.default\">\n\t\t\t\t\t\t\t\t\t\t<a class=\"elementor-button elementor-size-sm\" role=\"button\">\n\t\t\t\t\t\t<span class=\"elementor-button-content-wrapper\">\n\t\t\t\t\t\t<span class=\"elementor-button-icon\">\n\t\t\t\t<svg xmlns=\"http:\/\/www.w3.org\/2000\/svg\" xmlns:xlink=\"http:\/\/www.w3.org\/1999\/xlink\" x=\"0px\" y=\"0px\" viewbox=\"0 0 24 24\" xml:space=\"preserve\"><path d=\"M12,8c-0.8,0-1.6,0.2-2.2,0.7c-0.7,0.4-1.2,1.1-1.5,1.8C8,11.2,7.9,12,8.1,12.8c0.2,0.8,0.5,1.5,1.1,2 c0.6,0.6,1.3,0.9,2,1.1c0.8,0.2,1.6,0.1,2.3-0.2c0.7-0.3,1.4-0.8,1.8-1.5c0.4-0.7,0.7-1.4,0.7-2.2c0-1.1-0.4-2.1-1.2-2.8 C14.1,8.4,13.1,8,12,8z M12,14c-0.4,0-0.8-0.1-1.1-0.3c-0.3-0.2-0.6-0.5-0.7-0.9C10,12.4,10,12,10,11.6c0.1-0.4,0.3-0.7,0.5-1 c0.3-0.3,0.6-0.5,1-0.5c0.4-0.1,0.8,0,1.2,0.1c0.4,0.2,0.7,0.4,0.9,0.7c0.2,0.3,0.3,0.7,0.3,1.1c0,0.5-0.2,1-0.6,1.4 C13,13.8,12.5,14,12,14z\"><\/path><path d=\"M21.3,13.9l-0.4-0.3c0.2-1.1,0.2-2.2,0-3.3l0.4-0.3c0.3-0.2,0.6-0.5,0.9-0.8c0.2-0.3,0.4-0.7,0.5-1.1 c0.1-0.4,0.1-0.8,0.1-1.2c-0.1-0.4-0.2-0.8-0.4-1.1c-0.2-0.3-0.5-0.6-0.8-0.9c-0.3-0.2-0.7-0.4-1.1-0.5c-0.4-0.1-0.8-0.1-1.2-0.1 c-0.4,0.1-0.8,0.2-1.1,0.4l-0.4,0.3C17,4.4,16,3.9,15,3.5V3c0-0.8-0.3-1.6-0.9-2.1S12.8,0,12,0c-0.8,0-1.6,0.3-2.1,0.9 C9.3,1.4,9,2.2,9,3v0.5C8,3.9,7,4.4,6.2,5.2L5.7,4.9C5,4.5,4.2,4.4,3.4,4.6C2.7,4.8,2,5.3,1.6,6C1.2,6.7,1.1,7.5,1.3,8.3 S2,9.7,2.7,10.1l0.4,0.3c-0.2,1.1-0.2,2.2,0,3.3l-0.4,0.3C2,14.3,1.5,15,1.3,15.7c-0.2,0.8-0.1,1.6,0.3,2.3c0.4,0.7,1.1,1.2,1.8,1.4 c0.8,0.2,1.6,0.1,2.3-0.3l0.4-0.3C7,19.6,8,20.1,9,20.5V21c0,0.8,0.3,1.6,0.9,2.1c0.6,0.6,1.3,0.9,2.1,0.9c0.8,0,1.6-0.3,2.1-0.9 c0.6-0.6,0.9-1.3,0.9-2.1v-0.5c1-0.4,2-0.9,2.8-1.6l0.4,0.3c0.7,0.4,1.5,0.5,2.3,0.3s1.4-0.7,1.8-1.4c0.4-0.7,0.5-1.5,0.3-2.3 C22.5,15,22,14.3,21.3,13.9L21.3,13.9z M18.7,10.1c0.3,1.2,0.3,2.5,0,3.8c-0.1,0.2,0,0.4,0,0.6c0.1,0.2,0.2,0.4,0.4,0.5l1.1,0.6 c0.2,0.1,0.4,0.4,0.5,0.6c0.1,0.3,0,0.5-0.1,0.8c-0.1,0.2-0.4,0.4-0.6,0.5c-0.3,0.1-0.5,0-0.8-0.1l-1.1-0.6 c-0.2-0.1-0.4-0.2-0.6-0.1c-0.2,0-0.4,0.1-0.6,0.3c-0.9,0.9-2,1.6-3.2,1.9c-0.2,0.1-0.4,0.2-0.5,0.4c-0.1,0.2-0.2,0.4-0.2,0.6V21 c0,0.3-0.1,0.5-0.3,0.7C12.5,21.9,12.3,22,12,22c-0.3,0-0.5-0.1-0.7-0.3C11.1,21.5,11,21.3,11,21v-1.3c0-0.2-0.1-0.4-0.2-0.6 c-0.1-0.2-0.3-0.3-0.5-0.4c-1.2-0.3-2.4-1-3.2-1.9c-0.2-0.2-0.4-0.3-0.6-0.3c-0.2,0-0.4,0-0.6,0.1l-1.1,0.6 c-0.1,0.1-0.2,0.1-0.4,0.1c-0.1,0-0.3,0-0.4,0c-0.1,0-0.2-0.1-0.4-0.2c-0.1-0.1-0.2-0.2-0.3-0.3c-0.1-0.1-0.1-0.2-0.1-0.4 s0-0.3,0-0.4c0-0.1,0.1-0.2,0.2-0.4c0.1-0.1,0.2-0.2,0.3-0.3L4.8,15c0.2-0.1,0.3-0.3,0.4-0.5c0.1-0.2,0.1-0.4,0-0.6 c-0.3-1.2-0.3-2.5,0-3.8c0.1-0.2,0-0.4,0-0.6C5.1,9.3,5,9.1,4.8,9L3.7,8.4C3.5,8.2,3.3,8,3.2,7.8C3.2,7.5,3.2,7.2,3.3,7 c0.1-0.2,0.4-0.4,0.6-0.5c0.3-0.1,0.5,0,0.8,0.1l1.1,0.6C6,7.4,6.2,7.4,6.4,7.4S6.9,7.3,7,7.1c0.9-0.9,2-1.6,3.2-1.9 c0.2-0.1,0.4-0.2,0.5-0.4C10.9,4.7,11,4.5,11,4.3V3c0-0.3,0.1-0.5,0.3-0.7C11.5,2.1,11.7,2,12,2c0.3,0,0.5,0.1,0.7,0.3 C12.9,2.5,13,2.7,13,3v1.3c0,0.2,0.1,0.4,0.2,0.6c0.1,0.2,0.3,0.3,0.5,0.4c1.2,0.3,2.4,1,3.2,1.9c0.2,0.2,0.4,0.3,0.6,0.3 c0.2,0,0.4,0,0.6-0.1l1.1-0.6c0.1-0.1,0.2-0.1,0.4-0.1c0.1,0,0.3,0,0.4,0c0.1,0,0.2,0.1,0.4,0.2c0.1,0.1,0.2,0.2,0.3,0.3 c0.1,0.1,0.1,0.2,0.1,0.4c0,0.1,0,0.3,0,0.4c0,0.1-0.1,0.2-0.2,0.4c-0.1,0.1-0.2,0.2-0.3,0.3L19.2,9c-0.2,0.1-0.3,0.3-0.4,0.5 C18.7,9.7,18.7,9.9,18.7,10.1L18.7,10.1z\"><\/path><\/svg>\t\t\t<\/span>\n\t\t\t\t\t\t\t\t\t<span class=\"elementor-button-text\">Test<\/span>\n\t\t\t\t\t<\/span>\n\t\t\t\t\t<\/a>\n\t\t\t\t\t\t\t\t<\/div>\n\t\t\t\t<div class=\"elementor-element elementor-element-30e365a elementor-widget elementor-widget-heading\" data-id=\"30e365a\" data-element_type=\"widget\" data-e-type=\"widget\" data-widget_type=\"heading.default\">\n\t\t\t\t\t<h1 class=\"elementor-heading-title elementor-size-default\">EMC-kammare\n<\/h1>\t\t\t\t<\/div>\n\t\t\t\t<div class=\"elementor-element elementor-element-9591b0b elementor-widget-divider--view-line elementor-widget elementor-widget-divider\" data-id=\"9591b0b\" data-element_type=\"widget\" data-e-type=\"widget\" data-widget_type=\"divider.default\">\n\t\t\t\t\t\t\t<div class=\"elementor-divider\">\n\t\t\t<span class=\"elementor-divider-separator\">\n\t\t\t\t\t\t<\/span>\n\t\t<\/div>\n\t\t\t\t\t\t<\/div>\n\t\t\t\t<\/div>\n\t\t<div class=\"elementor-element elementor-element-48bca1c e-con-full e-flex e-con e-child\" data-id=\"48bca1c\" data-element_type=\"container\" data-e-type=\"container\">\n\t\t\t\t<\/div>\n\t\t\t\t\t<\/div>\n\t\t\t\t<\/div>\n\t\t<div class=\"elementor-element elementor-element-6532e68 e-flex e-con-boxed e-con e-parent\" data-id=\"6532e68\" data-element_type=\"container\" data-e-type=\"container\">\n\t\t\t\t\t<div class=\"e-con-inner\">\n\t\t\t\t<div class=\"elementor-element elementor-element-5563d0a elementor-widget elementor-widget-heading\" data-id=\"5563d0a\" data-element_type=\"widget\" data-e-type=\"widget\" data-widget_type=\"heading.default\">\n\t\t\t\t\t<h3 class=\"elementor-heading-title elementor-size-default\">V\u00e5rt senaste tillskott\n<\/h3>\t\t\t\t<\/div>\n\t\t\t\t<div class=\"elementor-element elementor-element-edc685d elementor-widget-divider--view-line elementor-widget elementor-widget-divider\" data-id=\"edc685d\" data-element_type=\"widget\" data-e-type=\"widget\" data-widget_type=\"divider.default\">\n\t\t\t\t\t\t\t<div class=\"elementor-divider\">\n\t\t\t<span class=\"elementor-divider-separator\">\n\t\t\t\t\t\t<\/span>\n\t\t<\/div>\n\t\t\t\t\t\t<\/div>\n\t\t\t\t<div class=\"elementor-element elementor-element-20389b3 elementor-widget elementor-widget-spacer\" data-id=\"20389b3\" data-element_type=\"widget\" data-e-type=\"widget\" data-widget_type=\"spacer.default\">\n\t\t\t\t\t\t\t<div class=\"elementor-spacer\">\n\t\t\t<div class=\"elementor-spacer-inner\"><\/div>\n\t\t<\/div>\n\t\t\t\t\t\t<\/div>\n\t\t\t\t<div class=\"elementor-element elementor-element-d4c905b elementor-widget elementor-widget-text-editor\" data-id=\"d4c905b\" data-element_type=\"widget\" data-e-type=\"widget\" data-widget_type=\"text-editor.default\">\n\t\t\t\t\t\t\t\t\t<p>Innan en ny produkt \u00e4r redo f\u00f6r produktion och marknadsintroduktion, m\u00e5ste den genomg\u00e5 omfattande tester f\u00f6r att s\u00e4kerst\u00e4lla att den uppfyller CE- och FCC-standarderna som kr\u00e4vs av kunden. De n\u00f6dv\u00e4ndiga testerna kan vara b\u00e5de tidskr\u00e4vande och kostsamma, s\u00e4rskilt om ytterligare tester beh\u00f6vs.<\/p><p>Men detta \u00e4r bara n\u00e5gra anledningar till varf\u00f6r vi \u00e4r s\u00e5 glada \u00f6ver det nya tillskottet i v\u00e5rt labb \u2013 v\u00e5rt alldeles egna EMC-kammare.<\/p><p>Men vad exakt \u00e4r ett EMC-kammare och hur gynnar detta v\u00e5r utvecklingsprocess och v\u00e5ra kunder?<\/p>\t\t\t\t\t\t\t\t<\/div>\n\t\t\t\t<div class=\"elementor-element elementor-element-64a34a9 elementor-widget elementor-widget-image\" data-id=\"64a34a9\" data-element_type=\"widget\" data-e-type=\"widget\" data-widget_type=\"image.default\">\n\t\t\t\t\t\t\t\t\t\t\t\t\t\t\t<img fetchpriority=\"high\" decoding=\"async\" width=\"800\" height=\"600\" src=\"https:\/\/hectronic.se\/wp-content\/uploads\/2026\/02\/emc-3-edited.jpg\" class=\"attachment-large size-large wp-image-4265\" alt=\"\" srcset=\"https:\/\/hectronic.se\/wp-content\/uploads\/2026\/02\/emc-3-edited.jpg 800w, https:\/\/hectronic.se\/wp-content\/uploads\/2026\/02\/emc-3-edited-300x225.jpg 300w, https:\/\/hectronic.se\/wp-content\/uploads\/2026\/02\/emc-3-edited-768x576.jpg 768w\" sizes=\"(max-width: 800px) 100vw, 800px\" \/>\t\t\t\t\t\t\t\t\t\t\t\t\t\t\t<\/div>\n\t\t\t\t<div class=\"elementor-element elementor-element-0dac565 elementor-widget elementor-widget-spacer\" data-id=\"0dac565\" data-element_type=\"widget\" data-e-type=\"widget\" data-widget_type=\"spacer.default\">\n\t\t\t\t\t\t\t<div class=\"elementor-spacer\">\n\t\t\t<div class=\"elementor-spacer-inner\"><\/div>\n\t\t<\/div>\n\t\t\t\t\t\t<\/div>\n\t\t\t\t<div class=\"elementor-element elementor-element-22c24a7 elementor-widget elementor-widget-text-editor\" data-id=\"22c24a7\" data-element_type=\"widget\" data-e-type=\"widget\" data-widget_type=\"text-editor.default\">\n\t\t\t\t\t\t\t\t\t<p>EMC st\u00e5r f\u00f6r elektomagnetisk kompatibilitetskammare och \u00e4r specialdesignad f\u00f6r att skapa en inneslutning med en extremt h\u00f6g niv\u00e5 av avsk\u00e4rmning mot elektromagnetisk st\u00f6rning. Kammaren \u00e4r en specialiserad typ av testutrustning som anv\u00e4nds vid testning av elektroniska enheter. Alla enheter som utvecklas och produceras av Hectronic m\u00e5ste uppfylla och uppr\u00e4tth\u00e5lla de g\u00e4llande standarderna vad g\u00e4ller b\u00e5de utstr\u00e5lade och ledningsbundna radiofrekvensutsl\u00e4pp och immunitet.<\/p><p>Oavsett hur h\u00f6gt du skriker inuti ett EMC-kammare, kommer det inte att bli n\u00e5gon eko. Ljudet studsar inte mot v\u00e4ggarna och det \u00e4r samma princip n\u00e4r det g\u00e4ller str\u00e5lning inuti kammaren. Allt \u00e4r dolt inuti kammaren. EMC-kammare kallas ocks\u00e5 ekofria kammare, och ordet ekofri betyder helt enkelt \u201cutan eko\u201d. V\u00e4ggar, golv och tak \u00e4r alla kl\u00e4dda med str\u00e5lningsabsorberande material som \u00e4r utformat f\u00f6r att absorbera allt ljud och radiov\u00e5gor och d\u00e4rmed eliminera all reflektion.<\/p>\t\t\t\t\t\t\t\t<\/div>\n\t\t\t\t<div class=\"elementor-element elementor-element-921989c elementor-widget elementor-widget-image\" data-id=\"921989c\" data-element_type=\"widget\" data-e-type=\"widget\" data-widget_type=\"image.default\">\n\t\t\t\t\t\t\t\t\t\t\t\t\t\t\t<img decoding=\"async\" width=\"762\" height=\"800\" src=\"https:\/\/hectronic.se\/wp-content\/uploads\/2026\/02\/emc-12-edited.jpg\" class=\"attachment-large size-large wp-image-4267\" alt=\"\" srcset=\"https:\/\/hectronic.se\/wp-content\/uploads\/2026\/02\/emc-12-edited.jpg 762w, https:\/\/hectronic.se\/wp-content\/uploads\/2026\/02\/emc-12-edited-286x300.jpg 286w\" sizes=\"(max-width: 762px) 100vw, 762px\" \/>\t\t\t\t\t\t\t\t\t\t\t\t\t\t\t<\/div>\n\t\t\t\t<div class=\"elementor-element elementor-element-a2d692e elementor-widget elementor-widget-spacer\" data-id=\"a2d692e\" data-element_type=\"widget\" data-e-type=\"widget\" data-widget_type=\"spacer.default\">\n\t\t\t\t\t\t\t<div class=\"elementor-spacer\">\n\t\t\t<div class=\"elementor-spacer-inner\"><\/div>\n\t\t<\/div>\n\t\t\t\t\t\t<\/div>\n\t\t\t\t<div class=\"elementor-element elementor-element-3234738 elementor-widget elementor-widget-text-editor\" data-id=\"3234738\" data-element_type=\"widget\" data-e-type=\"widget\" data-widget_type=\"text-editor.default\">\n\t\t\t\t\t\t\t\t\t<p>Genom att sk\u00e4rma en enhet mot all yttre st\u00f6rning kan man noggrant m\u00e4ta styrkan p\u00e5 det elektromagnetiska f\u00e4ltet som genereras av den testade enheten. Kammaren kommer att ge oss en f\u00f6rdel och elektronikingenj\u00f6rer kan nu testa den utstr\u00e5lade emissionen eller det utstr\u00e5lade immuniteten hos en enhet i v\u00e5rt laboratorium i Uppsala, under utvecklingsprocessen. Beroende p\u00e5 vilken bransch en enhet kommer att verka inom finns det olika industristandarder som best\u00e4mmer gr\u00e4nser f\u00f6r emission och immunitet. Men det finns fler till\u00e4mpningar f\u00f6r en EMC-kammare \u00e4n endast utstr\u00e5lningstestning. Man kan \u00e4ven testa tr\u00e5dl\u00f6sa s\u00e4ndare, antenner och specifik absorptionshastighet (SAR).<\/p><p>Genom att kunna utf\u00f6ra pre-compliance-tester i v\u00e5rt labb kan vi b\u00e5de f\u00f6rkorta ledtiden till marknaden och s\u00e4kerst\u00e4lla att enheten kommer att klara de slutgiltiga compliance-testerna.<\/p>\t\t\t\t\t\t\t\t<\/div>\n\t\t\t\t<div class=\"elementor-element elementor-element-b711412 elementor-widget elementor-widget-image\" data-id=\"b711412\" data-element_type=\"widget\" data-e-type=\"widget\" data-widget_type=\"image.default\">\n\t\t\t\t\t\t\t\t\t\t\t\t\t\t\t<img decoding=\"async\" width=\"600\" height=\"800\" src=\"https:\/\/hectronic.se\/wp-content\/uploads\/2026\/02\/emc-2-edited.jpg\" class=\"attachment-large size-large wp-image-4271\" alt=\"\" srcset=\"https:\/\/hectronic.se\/wp-content\/uploads\/2026\/02\/emc-2-edited.jpg 600w, https:\/\/hectronic.se\/wp-content\/uploads\/2026\/02\/emc-2-edited-225x300.jpg 225w\" sizes=\"(max-width: 600px) 100vw, 600px\" \/>\t\t\t\t\t\t\t\t\t\t\t\t\t\t\t<\/div>\n\t\t\t\t<div class=\"elementor-element elementor-element-030f042 elementor-widget elementor-widget-image\" data-id=\"030f042\" data-element_type=\"widget\" data-e-type=\"widget\" data-widget_type=\"image.default\">\n\t\t\t\t\t\t\t\t\t\t\t\t\t\t\t<img loading=\"lazy\" decoding=\"async\" width=\"600\" height=\"800\" src=\"https:\/\/hectronic.se\/wp-content\/uploads\/2026\/02\/emc-7-edited.jpg\" class=\"attachment-large size-large wp-image-4272\" alt=\"\" srcset=\"https:\/\/hectronic.se\/wp-content\/uploads\/2026\/02\/emc-7-edited.jpg 600w, https:\/\/hectronic.se\/wp-content\/uploads\/2026\/02\/emc-7-edited-225x300.jpg 225w\" sizes=\"(max-width: 600px) 100vw, 600px\" \/>\t\t\t\t\t\t\t\t\t\t\t\t\t\t\t<\/div>\n\t\t\t\t<div class=\"elementor-element elementor-element-51c13d7 elementor-widget elementor-widget-spacer\" data-id=\"51c13d7\" data-element_type=\"widget\" data-e-type=\"widget\" data-widget_type=\"spacer.default\">\n\t\t\t\t\t\t\t<div class=\"elementor-spacer\">\n\t\t\t<div class=\"elementor-spacer-inner\"><\/div>\n\t\t<\/div>\n\t\t\t\t\t\t<\/div>\n\t\t\t\t<div class=\"elementor-element elementor-element-9ef038e elementor-widget elementor-widget-heading\" data-id=\"9ef038e\" data-element_type=\"widget\" data-e-type=\"widget\" data-widget_type=\"heading.default\">\n\t\t\t\t\t<h3 class=\"elementor-heading-title elementor-size-default\"><a href=\"https:\/\/hectronic.se\/sv\/kontakt\/\">Kontakta oss f\u00f6r mer information<\/a><\/h3>\t\t\t\t<\/div>\n\t\t\t\t\t<\/div>\n\t\t\t\t<\/div>\n\t\t\t\t<\/div>","protected":false},"excerpt":{"rendered":"<p>Testing EMC Chamber Our latest addition Before a new product is ready to go into production and before market introduction, it needs go through extensive testing to ensure that it meets the CE and FCC standards required by the customer. The necessary testing can be both time consuming and expensive, especially if additional tests are [&hellip;]<\/p>\n","protected":false},"author":2,"featured_media":0,"parent":0,"menu_order":0,"comment_status":"closed","ping_status":"closed","template":"","meta":{"footnotes":""},"class_list":["post-4257","page","type-page","status-publish","hentry"],"yoast_head":"<!-- This site is optimized with the Yoast SEO plugin v27.4 - https:\/\/yoast.com\/product\/yoast-seo-wordpress\/ -->\n<title>EMC Chamber | Embedded Computer Systems - Nordic designer and manufacturer | Hectronic<\/title>\n<meta name=\"description\" content=\"Hectronic has recentley finished a project designing and developing an marine engine controller. Click here to read more about the project\" \/>\n<meta name=\"robots\" content=\"index, follow, max-snippet:-1, max-image-preview:large, max-video-preview:-1\" \/>\n<link rel=\"canonical\" href=\"https:\/\/hectronic.se\/sv\/emc-kammaren\/\" \/>\n<meta property=\"og:locale\" content=\"sv_SE\" \/>\n<meta property=\"og:type\" content=\"article\" \/>\n<meta property=\"og:title\" content=\"EMC Chamber | Embedded Computer Systems - Nordic designer and manufacturer | Hectronic\" \/>\n<meta property=\"og:description\" content=\"Hectronic has recentley finished a project designing and developing an marine engine controller. Click here to read more about the project\" \/>\n<meta property=\"og:url\" content=\"https:\/\/hectronic.se\/sv\/emc-kammaren\/\" \/>\n<meta property=\"og:site_name\" content=\"Embedded Computer Systems - Nordic designer and manufacturer | Hectronic\" \/>\n<meta property=\"article:publisher\" content=\"https:\/\/www.facebook.com\/Hectronic.1\/\" \/>\n<meta property=\"article:modified_time\" content=\"2026-02-12T15:49:49+00:00\" \/>\n<meta property=\"og:image\" content=\"https:\/\/hectronic.se\/wp-content\/uploads\/2026\/02\/emc-3-edited.jpg\" \/>\n<meta name=\"twitter:card\" content=\"summary_large_image\" \/>\n<meta name=\"twitter:site\" content=\"@HectronicNews\" \/>\n<meta name=\"twitter:label1\" content=\"Ber\u00e4knad l\u00e4stid\" \/>\n\t<meta name=\"twitter:data1\" content=\"2 minuter\" \/>\n<!-- \/ Yoast SEO plugin. -->","yoast_head_json":{"title":"EMC-kammare | B\u00e4ddade datorsystem - Nordisk designer och tillverkare | Hectronic","description":"Hectronic har nyligen slutf\u00f6rt ett projekt g\u00e4llande design och utveckling av en marin motorstyrning. Klicka h\u00e4r f\u00f6r att l\u00e4sa mer om projektet.","robots":{"index":"index","follow":"follow","max-snippet":"max-snippet:-1","max-image-preview":"max-image-preview:large","max-video-preview":"max-video-preview:-1"},"canonical":"https:\/\/hectronic.se\/sv\/emc-kammaren\/","og_locale":"sv_SE","og_type":"article","og_title":"EMC Chamber | Embedded Computer Systems - Nordic designer and manufacturer | Hectronic","og_description":"Hectronic has recentley finished a project designing and developing an marine engine controller. Click here to read more about the project","og_url":"https:\/\/hectronic.se\/sv\/emc-kammaren\/","og_site_name":"Embedded Computer Systems - Nordic designer and manufacturer | Hectronic","article_publisher":"https:\/\/www.facebook.com\/Hectronic.1\/","article_modified_time":"2026-02-12T15:49:49+00:00","og_image":[{"url":"https:\/\/hectronic.se\/wp-content\/uploads\/2026\/02\/emc-3-edited.jpg","type":"","width":"","height":""}],"twitter_card":"summary_large_image","twitter_site":"@HectronicNews","twitter_misc":{"Ber\u00e4knad l\u00e4stid":"2 minuter"},"schema":{"@context":"https:\/\/schema.org","@graph":[{"@type":"WebPage","@id":"https:\/\/hectronic.se\/the-emc-chamber\/","url":"https:\/\/hectronic.se\/the-emc-chamber\/","name":"EMC-kammare | B\u00e4ddade datorsystem - Nordisk designer och tillverkare | Hectronic","isPartOf":{"@id":"https:\/\/hectronic.se\/#website"},"primaryImageOfPage":{"@id":"https:\/\/hectronic.se\/the-emc-chamber\/#primaryimage"},"image":{"@id":"https:\/\/hectronic.se\/the-emc-chamber\/#primaryimage"},"thumbnailUrl":"https:\/\/hectronic.se\/wp-content\/uploads\/2026\/02\/emc-3-edited.jpg","datePublished":"2026-02-12T15:43:08+00:00","dateModified":"2026-02-12T15:49:49+00:00","description":"Hectronic har nyligen slutf\u00f6rt ett projekt g\u00e4llande design och utveckling av en marin motorstyrning. Klicka h\u00e4r f\u00f6r att l\u00e4sa mer om projektet.","breadcrumb":{"@id":"https:\/\/hectronic.se\/the-emc-chamber\/#breadcrumb"},"inLanguage":"sv-SE","potentialAction":[{"@type":"ReadAction","target":["https:\/\/hectronic.se\/the-emc-chamber\/"]}]},{"@type":"ImageObject","inLanguage":"sv-SE","@id":"https:\/\/hectronic.se\/the-emc-chamber\/#primaryimage","url":"https:\/\/hectronic.se\/wp-content\/uploads\/2026\/02\/emc-3-edited.jpg","contentUrl":"https:\/\/hectronic.se\/wp-content\/uploads\/2026\/02\/emc-3-edited.jpg"},{"@type":"BreadcrumbList","@id":"https:\/\/hectronic.se\/the-emc-chamber\/#breadcrumb","itemListElement":[{"@type":"ListItem","position":1,"name":"Home","item":"https:\/\/hectronic.se\/"},{"@type":"ListItem","position":2,"name":"EMC Chamber"}]},{"@type":"WebSite","@id":"https:\/\/hectronic.se\/#website","url":"https:\/\/hectronic.se\/","name":"Inbyggda datorsystem - nordisk designer och tillverkare | Hectronic","description":"","publisher":{"@id":"https:\/\/hectronic.se\/#organization"},"potentialAction":[{"@type":"SearchAction","target":{"@type":"EntryPoint","urlTemplate":"https:\/\/hectronic.se\/?s={search_term_string}"},"query-input":{"@type":"PropertyValueSpecification","valueRequired":true,"valueName":"search_term_string"}}],"inLanguage":"sv-SE"},{"@type":"Organization","@id":"https:\/\/hectronic.se\/#organization","name":"Inbyggda datorsystem - nordisk designer och tillverkare | Hectronic","url":"https:\/\/hectronic.se\/","logo":{"@type":"ImageObject","inLanguage":"sv-SE","@id":"https:\/\/hectronic.se\/#\/schema\/logo\/image\/","url":"https:\/\/hectronic.se\/wp-content\/uploads\/2026\/03\/hectronic-logo-1.svg","contentUrl":"https:\/\/hectronic.se\/wp-content\/uploads\/2026\/03\/hectronic-logo-1.svg","width":207,"height":38,"caption":"Embedded Computer Systems - Nordic designer and manufacturer | Hectronic"},"image":{"@id":"https:\/\/hectronic.se\/#\/schema\/logo\/image\/"},"sameAs":["https:\/\/www.facebook.com\/Hectronic.1\/","https:\/\/x.com\/HectronicNews"]}]}},"_links":{"self":[{"href":"https:\/\/hectronic.se\/sv\/wp-json\/wp\/v2\/pages\/4257","targetHints":{"allow":["GET"]}}],"collection":[{"href":"https:\/\/hectronic.se\/sv\/wp-json\/wp\/v2\/pages"}],"about":[{"href":"https:\/\/hectronic.se\/sv\/wp-json\/wp\/v2\/types\/page"}],"author":[{"embeddable":true,"href":"https:\/\/hectronic.se\/sv\/wp-json\/wp\/v2\/users\/2"}],"replies":[{"embeddable":true,"href":"https:\/\/hectronic.se\/sv\/wp-json\/wp\/v2\/comments?post=4257"}],"version-history":[{"count":7,"href":"https:\/\/hectronic.se\/sv\/wp-json\/wp\/v2\/pages\/4257\/revisions"}],"predecessor-version":[{"id":4276,"href":"https:\/\/hectronic.se\/sv\/wp-json\/wp\/v2\/pages\/4257\/revisions\/4276"}],"wp:attachment":[{"href":"https:\/\/hectronic.se\/sv\/wp-json\/wp\/v2\/media?parent=4257"}],"curies":[{"name":"wp","href":"https:\/\/api.w.org\/{rel}","templated":true}]}}