{"id":4087,"date":"2026-02-11T20:33:02","date_gmt":"2026-02-11T20:33:02","guid":{"rendered":"https:\/\/hectronic.se\/?page_id=4087"},"modified":"2026-02-27T20:16:25","modified_gmt":"2026-02-27T20:16:25","slug":"iec60945-iacs-e10-standarder","status":"publish","type":"page","link":"https:\/\/hectronic.se\/sv\/iec60945-iacs-e10-standards\/","title":{"rendered":"IEC60945\/IACS E10-standarder"},"content":{"rendered":"<div data-elementor-type=\"wp-page\" data-elementor-id=\"4087\" class=\"elementor elementor-4087\" data-elementor-post-type=\"page\">\n\t\t\t\t<div class=\"elementor-element elementor-element-5cecc6e e-flex e-con-boxed e-con e-parent\" data-id=\"5cecc6e\" data-element_type=\"container\" data-e-type=\"container\" data-settings=\"{&quot;background_background&quot;:&quot;classic&quot;}\">\n\t\t\t\t\t<div class=\"e-con-inner\">\n\t\t<div class=\"elementor-element elementor-element-9025d39 e-con-full e-flex e-con e-child\" data-id=\"9025d39\" data-element_type=\"container\" data-e-type=\"container\">\n\t\t\t\t<div class=\"elementor-element elementor-element-bf682ee elementor-widget elementor-widget-heading\" data-id=\"bf682ee\" data-element_type=\"widget\" data-e-type=\"widget\" data-widget_type=\"heading.default\">\n\t\t\t\t\t<h1 class=\"elementor-heading-title elementor-size-default\">IEC60945\/IACS E10-standarder\n<\/h1>\t\t\t\t<\/div>\n\t\t\t\t<div class=\"elementor-element elementor-element-826d850 elementor-widget-divider--view-line elementor-widget elementor-widget-divider\" data-id=\"826d850\" data-element_type=\"widget\" data-e-type=\"widget\" data-widget_type=\"divider.default\">\n\t\t\t\t\t\t\t<div class=\"elementor-divider\">\n\t\t\t<span class=\"elementor-divider-separator\">\n\t\t\t\t\t\t<\/span>\n\t\t<\/div>\n\t\t\t\t\t\t<\/div>\n\t\t\t\t<div class=\"elementor-element elementor-element-d29e73e elementor-widget elementor-widget-text-editor\" data-id=\"d29e73e\" data-element_type=\"widget\" data-e-type=\"widget\" data-widget_type=\"text-editor.default\">\n\t\t\t\t\t\t\t\t\t<p class=\"hectronicBlackH3\">De regulatoriska kraven inom marina och offshore-applikationer definieras av standarden IEC60945 f\u00f6r marin navigation och radiokommunikationsutrustning och -system samt IACS E10 testspecifikation f\u00f6r marin typgodk\u00e4nnandeprocess.<\/p>\t\t\t\t\t\t\t\t<\/div>\n\t\t\t\t<\/div>\n\t\t<div class=\"elementor-element elementor-element-71f5604 e-con-full e-flex e-con e-child\" data-id=\"71f5604\" data-element_type=\"container\" data-e-type=\"container\">\n\t\t\t\t<\/div>\n\t\t\t\t\t<\/div>\n\t\t\t\t<\/div>\n\t\t<div class=\"elementor-element elementor-element-5015a77 e-flex e-con-boxed e-con e-parent\" data-id=\"5015a77\" data-element_type=\"container\" data-e-type=\"container\">\n\t\t\t\t\t<div class=\"e-con-inner\">\n\t\t\t\t<div class=\"elementor-element elementor-element-d48de01 elementor-widget elementor-widget-text-editor\" data-id=\"d48de01\" data-element_type=\"widget\" data-e-type=\"widget\" data-widget_type=\"text-editor.default\">\n\t\t\t\t\t\t\t\t\t<div>Kraven inkluderar f\u00f6ljande huvudomr\u00e5den:<\/div><div>\u00a0<\/div><div>\u2022 Elektromagnetisk kompatibilitet<\/div><div>\u00a0 \u00a0\u2013 Str\u00e5lad och ledd emission<\/div><div>\u00a0 \u00a0\u2013 Str\u00e5lad och ledd mottagningsf\u00f6rm\u00e5ga<\/div><div>\u00a0 \u00a0\u2013 Elektrostatisk urladdning<\/div><div>\u00a0 \u00a0\u2013 S\u00e4kerhetsavst\u00e5nd kompass<\/div><div>\u2022 Temperaturomr\u00e5den f\u00f6r drift<\/div><div>\u00a0 \u00a0\u2013 +5\u00b0C till +55\u00b0C upp till -25\u00b0C till +70\u00b0C<\/div><div>\u2022 St\u00f6t och vibration<\/div><div>\u00a0 \u00a0\u2013 Propellervibrationer och v\u00e5gslag<\/div><div>\u2022 Korrosion fr\u00e5n exponering f\u00f6r saltsprut<\/div><div>\u2022 IP-kod f\u00f6r skydd mot vatten, damm eller f\u00f6rem\u00e5l som kommer i kontakt med farliga delar i systemet<\/div><div>\u00a0<\/div><div>IEC-60945 specificerar fyra olika produktkategorier. Produkter kategoriseras baserat p\u00e5 deras placering ombord och krav samt testfall anpassas d\u00e4refter. \n\nKategorierna \u00e4r:<\/div><div>\u00a0<\/div><div>\u2022 B\u00e4rbar<\/div><div>\u2022 Skyddad<\/div><div>\u2022 Exponerad<\/div><div>\u2022 Neds\u00e4nkt<\/div>\t\t\t\t\t\t\t\t<\/div>\n\t\t\t\t\t<\/div>\n\t\t\t\t<\/div>\n\t\t\t\t<\/div>","protected":false},"excerpt":{"rendered":"<p>IEC60945\/IACS E10 standards The regulatory requirements in maritime and offshore applications are defined by the standards IEC60945 for maritime navigation and radio communication equipment and systems and the IACS E10 test specification for marine type approval. Requirements include the following main areas:\u00a0\u2022 Electro Magnetic Compatibility\u00a0 \u00a0\u2013 Radiated and conducted emission\u00a0 \u00a0\u2013 Radiated and conducted susceptibility\u00a0 [&hellip;]<\/p>\n","protected":false},"author":2,"featured_media":0,"parent":0,"menu_order":0,"comment_status":"closed","ping_status":"closed","template":"","meta":{"footnotes":""},"class_list":["post-4087","page","type-page","status-publish","hentry"],"yoast_head":"<!-- This site is optimized with the Yoast SEO plugin v27.3 - https:\/\/yoast.com\/product\/yoast-seo-wordpress\/ -->\n<title>IEC60945\/IACS E10 standards | Embedded Computer Systems - Nordic designer and manufacturer | Hectronic<\/title>\n<meta name=\"description\" content=\"Learn more about IEC60945\/IACS E10 standard.\" \/>\n<meta name=\"robots\" content=\"noindex, follow, max-snippet:-1, max-image-preview:large, max-video-preview:-1\" \/>\n<meta property=\"og:locale\" content=\"sv_SE\" \/>\n<meta property=\"og:type\" content=\"article\" \/>\n<meta property=\"og:title\" content=\"IEC60945\/IACS E10 standards | Embedded Computer Systems - Nordic designer and manufacturer | Hectronic\" \/>\n<meta property=\"og:description\" content=\"Learn more about IEC60945\/IACS E10 standard.\" \/>\n<meta property=\"og:url\" content=\"https:\/\/hectronic.se\/sv\/iec60945-iacs-e10-standarder\/\" \/>\n<meta property=\"og:site_name\" content=\"Embedded Computer Systems - Nordic designer and manufacturer | Hectronic\" \/>\n<meta property=\"article:publisher\" content=\"https:\/\/www.facebook.com\/Hectronic.1\/\" \/>\n<meta property=\"article:modified_time\" content=\"2026-02-27T20:16:25+00:00\" \/>\n<meta name=\"twitter:card\" content=\"summary_large_image\" \/>\n<meta name=\"twitter:site\" content=\"@HectronicNews\" \/>\n<meta name=\"twitter:label1\" content=\"Ber\u00e4knad l\u00e4stid\" \/>\n\t<meta name=\"twitter:data1\" content=\"1 minut\" \/>\n<!-- \/ Yoast SEO plugin. -->","yoast_head_json":{"title":"IEC60945\/IACS E10-standarder | Inbyggda datorsystem - Nordisk designer och tillverkare | Hectronic","description":"L\u00e4s mer om standarden IEC60945\/IACS E10.","robots":{"index":"noindex","follow":"follow","max-snippet":"max-snippet:-1","max-image-preview":"max-image-preview:large","max-video-preview":"max-video-preview:-1"},"og_locale":"sv_SE","og_type":"article","og_title":"IEC60945\/IACS E10 standards | Embedded Computer Systems - Nordic designer and manufacturer | Hectronic","og_description":"Learn more about IEC60945\/IACS E10 standard.","og_url":"https:\/\/hectronic.se\/sv\/iec60945-iacs-e10-standarder\/","og_site_name":"Embedded Computer Systems - Nordic designer and manufacturer | Hectronic","article_publisher":"https:\/\/www.facebook.com\/Hectronic.1\/","article_modified_time":"2026-02-27T20:16:25+00:00","twitter_card":"summary_large_image","twitter_site":"@HectronicNews","twitter_misc":{"Ber\u00e4knad l\u00e4stid":"1 minut"},"schema":{"@context":"https:\/\/schema.org","@graph":[{"@type":"WebPage","@id":"https:\/\/hectronic.se\/iec60945-iacs-e10-standards\/","url":"https:\/\/hectronic.se\/iec60945-iacs-e10-standards\/","name":"IEC60945\/IACS E10-standarder | Inbyggda datorsystem - Nordisk designer och tillverkare | Hectronic","isPartOf":{"@id":"https:\/\/hectronic.se\/#website"},"datePublished":"2026-02-11T20:33:02+00:00","dateModified":"2026-02-27T20:16:25+00:00","description":"L\u00e4s mer om standarden IEC60945\/IACS E10.","breadcrumb":{"@id":"https:\/\/hectronic.se\/iec60945-iacs-e10-standards\/#breadcrumb"},"inLanguage":"sv-SE","potentialAction":[{"@type":"ReadAction","target":["https:\/\/hectronic.se\/iec60945-iacs-e10-standards\/"]}]},{"@type":"BreadcrumbList","@id":"https:\/\/hectronic.se\/iec60945-iacs-e10-standards\/#breadcrumb","itemListElement":[{"@type":"ListItem","position":1,"name":"Home","item":"https:\/\/hectronic.se\/"},{"@type":"ListItem","position":2,"name":"IEC60945\/IACS E10 standards"}]},{"@type":"WebSite","@id":"https:\/\/hectronic.se\/#website","url":"https:\/\/hectronic.se\/","name":"Inbyggda datorsystem - nordisk designer och tillverkare | Hectronic","description":"","publisher":{"@id":"https:\/\/hectronic.se\/#organization"},"potentialAction":[{"@type":"SearchAction","target":{"@type":"EntryPoint","urlTemplate":"https:\/\/hectronic.se\/?s={search_term_string}"},"query-input":{"@type":"PropertyValueSpecification","valueRequired":true,"valueName":"search_term_string"}}],"inLanguage":"sv-SE"},{"@type":"Organization","@id":"https:\/\/hectronic.se\/#organization","name":"Inbyggda datorsystem - nordisk designer och tillverkare | Hectronic","url":"https:\/\/hectronic.se\/","logo":{"@type":"ImageObject","inLanguage":"sv-SE","@id":"https:\/\/hectronic.se\/#\/schema\/logo\/image\/","url":"https:\/\/hectronic.se\/wp-content\/uploads\/2026\/03\/hectronic-logo-1.svg","contentUrl":"https:\/\/hectronic.se\/wp-content\/uploads\/2026\/03\/hectronic-logo-1.svg","width":207,"height":38,"caption":"Embedded Computer Systems - Nordic designer and manufacturer | Hectronic"},"image":{"@id":"https:\/\/hectronic.se\/#\/schema\/logo\/image\/"},"sameAs":["https:\/\/www.facebook.com\/Hectronic.1\/","https:\/\/x.com\/HectronicNews"]}]}},"_links":{"self":[{"href":"https:\/\/hectronic.se\/sv\/wp-json\/wp\/v2\/pages\/4087","targetHints":{"allow":["GET"]}}],"collection":[{"href":"https:\/\/hectronic.se\/sv\/wp-json\/wp\/v2\/pages"}],"about":[{"href":"https:\/\/hectronic.se\/sv\/wp-json\/wp\/v2\/types\/page"}],"author":[{"embeddable":true,"href":"https:\/\/hectronic.se\/sv\/wp-json\/wp\/v2\/users\/2"}],"replies":[{"embeddable":true,"href":"https:\/\/hectronic.se\/sv\/wp-json\/wp\/v2\/comments?post=4087"}],"version-history":[{"count":10,"href":"https:\/\/hectronic.se\/sv\/wp-json\/wp\/v2\/pages\/4087\/revisions"}],"predecessor-version":[{"id":4625,"href":"https:\/\/hectronic.se\/sv\/wp-json\/wp\/v2\/pages\/4087\/revisions\/4625"}],"wp:attachment":[{"href":"https:\/\/hectronic.se\/sv\/wp-json\/wp\/v2\/media?parent=4087"}],"curies":[{"name":"wp","href":"https:\/\/api.w.org\/{rel}","templated":true}]}}