{"id":3568,"date":"2026-02-10T19:56:47","date_gmt":"2026-02-10T19:56:47","guid":{"rendered":"https:\/\/hectronic.se\/?page_id=3568"},"modified":"2026-02-10T19:59:01","modified_gmt":"2026-02-10T19:59:01","slug":"foretagspolicyer","status":"publish","type":"page","link":"https:\/\/hectronic.se\/sv\/company-policies\/","title":{"rendered":"F\u00f6retagspolicy"},"content":{"rendered":"<div data-elementor-type=\"wp-page\" data-elementor-id=\"3568\" class=\"elementor elementor-3568\" data-elementor-post-type=\"page\">\n\t\t\t\t<div class=\"elementor-element elementor-element-c58f2e2 e-flex e-con-boxed e-con e-parent\" data-id=\"c58f2e2\" data-element_type=\"container\" data-e-type=\"container\" data-settings=\"{&quot;background_background&quot;:&quot;classic&quot;}\">\n\t\t\t\t\t<div class=\"e-con-inner\">\n\t\t<div class=\"elementor-element elementor-element-44fccba e-con-full e-flex e-con e-child\" data-id=\"44fccba\" data-element_type=\"container\" data-e-type=\"container\">\n\t\t\t\t<div class=\"elementor-element elementor-element-325e796 elementor-mobile-align-left elementor-widget elementor-widget-button\" data-id=\"325e796\" data-element_type=\"widget\" data-e-type=\"widget\" data-widget_type=\"button.default\">\n\t\t\t\t\t\t\t\t\t\t<a class=\"elementor-button elementor-size-sm\" role=\"button\">\n\t\t\t\t\t\t<span class=\"elementor-button-content-wrapper\">\n\t\t\t\t\t\t<span class=\"elementor-button-icon\">\n\t\t\t\t<svg xmlns=\"http:\/\/www.w3.org\/2000\/svg\" width=\"24\" height=\"24\" viewbox=\"0 0 24 24\"><path d=\"M19.8001 4.41922C18.6278 2.83062 17.046 1.59028 15.2236 0.830647C13.4012 0.0710174 11.4067 -0.179372 9.45314 0.106217C7.55299 0.376367 5.75659 1.13898 4.24239 2.31829C2.7282 3.4976 1.54891 5.05257 0.821689 6.82872C0.0944667 8.60487 -0.155383 10.5404 0.0969613 12.443C0.349305 14.3456 1.09506 16.149 2.26014 17.6742C2.75621 18.3579 3.01599 19.1847 3.00014 20.0292V21.0002C3.00014 21.7959 3.31621 22.5589 3.87882 23.1215C4.44143 23.6841 5.20449 24.0002 6.00014 24.0002H13.0001C13.7958 24.0002 14.5589 23.6841 15.1215 23.1215C15.6841 22.5589 16.0001 21.7959 16.0001 21.0002H16.4941C17.706 20.9973 18.8757 20.5556 19.787 19.7568C20.6983 18.958 21.2895 17.8562 21.4511 16.6552L21.6701 15.0002H22.0001C22.2643 15.0058 22.5269 14.9579 22.7721 14.8594C23.0173 14.7608 23.24 14.6137 23.4268 14.4269C23.6136 14.24 23.7608 14.0173 23.8593 13.7721C23.9578 13.527 24.0057 13.2644 24.0001 13.0002C24.0001 11.5802 21.0681 5.98522 19.8001 4.41922ZM20.7931 13.0002C20.5507 13.0003 20.3165 13.0885 20.1342 13.2483C19.9519 13.4082 19.8339 13.6288 19.8021 13.8692L19.4681 16.3942C19.371 17.1146 19.0162 17.7755 18.4695 18.2546C17.9228 18.7336 17.2211 18.9985 16.4941 19.0002H15.0001C14.7349 19.0002 14.4806 19.1056 14.293 19.2931C14.1055 19.4806 14.0001 19.735 14.0001 20.0002V21.0002C14.0001 21.2654 13.8948 21.5198 13.7072 21.7073C13.5197 21.8949 13.2654 22.0002 13.0001 22.0002H6.00014C5.73492 22.0002 5.48057 21.8949 5.29303 21.7073C5.1055 21.5198 5.00014 21.2654 5.00014 21.0002V20.0292C5.01525 18.7454 4.61115 17.4916 3.84914 16.4582C2.897 15.211 2.28749 13.7365 2.08107 12.181C1.87466 10.6255 2.07851 9.04307 2.6724 7.59067C3.2663 6.13828 4.2296 4.86639 5.46675 3.90118C6.7039 2.93597 8.17191 2.31099 9.72514 2.08822C10.1493 2.02934 10.577 1.99994 11.0051 2.00022C12.4103 1.99832 13.7961 2.32764 15.0502 2.96146C16.3043 3.59527 17.3913 4.51574 18.2231 5.64822C19.8025 7.92061 21.0726 10.3929 22.0001 13.0002H20.7931ZM16.2001 8.01122C16.1347 7.89724 16.0475 7.79728 15.9434 7.71704C15.8393 7.63681 15.7205 7.57787 15.5936 7.5436C15.4668 7.50933 15.3344 7.5004 15.2041 7.51732C15.0737 7.53424 14.948 7.57668 14.8341 7.64222L13.8521 8.20622C13.3428 7.69 12.7026 7.32218 12.0001 7.14222V6.00022C12.0001 5.735 11.8948 5.48065 11.7072 5.29311C11.5197 5.10557 11.2654 5.00022 11.0001 5.00022C10.7349 5.00022 10.4806 5.10557 10.293 5.29311C10.1055 5.48065 10.0001 5.735 10.0001 6.00022V7.14222C9.29659 7.32168 8.65527 7.68953 8.14514 8.20622L7.16314 7.64222C7.04929 7.57656 6.92361 7.53396 6.79329 7.51687C6.66298 7.49978 6.53057 7.50852 6.40363 7.5426C6.2767 7.57668 6.15771 7.63543 6.05348 7.71549C5.94925 7.79555 5.8618 7.89536 5.79614 8.00922C5.73048 8.12307 5.68789 8.24875 5.6708 8.37906C5.6537 8.50938 5.66245 8.64179 5.69653 8.76873C5.73061 8.89566 5.78935 9.01465 5.86941 9.11888C5.94948 9.22311 6.04929 9.31056 6.16314 9.37622L7.15614 9.94722C7.05672 10.2895 7.00424 10.6438 7.00014 11.0002C7.00522 11.3568 7.05871 11.711 7.15914 12.0532L6.16614 12.6242C5.9362 12.7568 5.76835 12.9753 5.69953 13.2317C5.6307 13.4881 5.66653 13.7613 5.79914 13.9912C5.93175 14.2212 6.15027 14.389 6.40663 14.4578C6.663 14.5267 6.9362 14.4908 7.16614 14.3582L8.14814 13.7942C8.65744 14.3104 9.29766 14.6783 10.0001 14.8582V16.0002C10.0001 16.2654 10.1055 16.5198 10.293 16.7073C10.4806 16.8949 10.7349 17.0002 11.0001 17.0002C11.2654 17.0002 11.5197 16.8949 11.7072 16.7073C11.8948 16.5198 12.0001 16.2654 12.0001 16.0002V14.8582C12.7037 14.6788 13.345 14.3109 13.8551 13.7942L14.8371 14.3582C14.951 14.4239 15.0767 14.4665 15.207 14.4836C15.3373 14.5007 15.4697 14.4919 15.5966 14.4578C15.7236 14.4238 15.8426 14.365 15.9468 14.2849C16.051 14.2049 16.1385 14.1051 16.2041 13.9912C16.2698 13.8774 16.3124 13.7517 16.3295 13.6214C16.3466 13.4911 16.3378 13.3586 16.3038 13.2317C16.2697 13.1048 16.2109 12.9858 16.1309 12.8816C16.0508 12.7773 15.951 12.6899 15.8371 12.6242L14.8441 12.0532C14.9436 11.7109 14.996 11.3567 15.0001 11.0002C14.9951 10.6436 14.9416 10.2894 14.8411 9.94722L15.8341 9.37622C16.0635 9.24361 16.2309 9.02537 16.2996 8.76944C16.3682 8.51351 16.3324 8.24081 16.2001 8.01122ZM11.0001 13.0002C10.6046 13.0002 10.2179 12.8829 9.889 12.6632C9.5601 12.4434 9.30376 12.131 9.15238 11.7656C9.00101 11.4001 8.9614 10.998 9.03857 10.61C9.11574 10.2221 9.30622 9.86571 9.58593 9.586C9.86563 9.3063 10.222 9.11582 10.61 9.03865C10.9979 8.96148 11.4001 9.00108 11.7655 9.15246C12.131 9.30383 12.4433 9.56018 12.6631 9.88908C12.8828 10.218 13.0001 10.6047 13.0001 11.0002C13.0001 11.5307 12.7894 12.0394 12.4144 12.4144C12.0393 12.7895 11.5306 13.0002 11.0001 13.0002Z\"><\/path><\/svg>\t\t\t<\/span>\n\t\t\t\t\t\t\t\t\t<span class=\"elementor-button-text\">V\u00e4gledande principer: V\u00e5ra f\u00f6retagspolicyer<\/span>\n\t\t\t\t\t<\/span>\n\t\t\t\t\t<\/a>\n\t\t\t\t\t\t\t\t<\/div>\n\t\t\t\t<div class=\"elementor-element elementor-element-b4e7135 elementor-widget elementor-widget-heading\" data-id=\"b4e7135\" data-element_type=\"widget\" data-e-type=\"widget\" data-widget_type=\"heading.default\">\n\t\t\t\t\t<h1 class=\"elementor-heading-title elementor-size-default\">F\u00f6retagspolicy<\/h1>\t\t\t\t<\/div>\n\t\t\t\t<div class=\"elementor-element elementor-element-d425066 elementor-widget-divider--view-line elementor-widget elementor-widget-divider\" data-id=\"d425066\" data-element_type=\"widget\" data-e-type=\"widget\" data-widget_type=\"divider.default\">\n\t\t\t\t\t\t\t<div class=\"elementor-divider\">\n\t\t\t<span class=\"elementor-divider-separator\">\n\t\t\t\t\t\t<\/span>\n\t\t<\/div>\n\t\t\t\t\t\t<\/div>\n\t\t\t\t<\/div>\n\t\t<div class=\"elementor-element elementor-element-56529a3 e-con-full e-flex e-con e-child\" data-id=\"56529a3\" data-element_type=\"container\" data-e-type=\"container\">\n\t\t\t\t<\/div>\n\t\t\t\t\t<\/div>\n\t\t\t\t<\/div>\n\t\t<div class=\"elementor-element elementor-element-785930b e-flex e-con-boxed e-con e-parent\" data-id=\"785930b\" data-element_type=\"container\" data-e-type=\"container\">\n\t\t\t\t\t<div class=\"e-con-inner\">\n\t\t\t\t<div class=\"elementor-element elementor-element-35a1b65 elementor-widget elementor-widget-heading\" data-id=\"35a1b65\" data-element_type=\"widget\" data-e-type=\"widget\" data-widget_type=\"heading.default\">\n\t\t\t\t\t<h3 class=\"elementor-heading-title elementor-size-default\">V\u00e5rt engagemang f\u00f6r ansvarsfulla aff\u00e4rsmetoder<\/h3>\t\t\t\t<\/div>\n\t\t\t\t<div class=\"elementor-element elementor-element-b333ca7 elementor-widget-divider--view-line elementor-widget elementor-widget-divider\" data-id=\"b333ca7\" data-element_type=\"widget\" data-e-type=\"widget\" data-widget_type=\"divider.default\">\n\t\t\t\t\t\t\t<div class=\"elementor-divider\">\n\t\t\t<span class=\"elementor-divider-separator\">\n\t\t\t\t\t\t<\/span>\n\t\t<\/div>\n\t\t\t\t\t\t<\/div>\n\t\t\t\t<div class=\"elementor-element elementor-element-108ba04 elementor-widget elementor-widget-spacer\" data-id=\"108ba04\" data-element_type=\"widget\" data-e-type=\"widget\" data-widget_type=\"spacer.default\">\n\t\t\t\t\t\t\t<div class=\"elementor-spacer\">\n\t\t\t<div class=\"elementor-spacer-inner\"><\/div>\n\t\t<\/div>\n\t\t\t\t\t\t<\/div>\n\t\t\t\t<div class=\"elementor-element elementor-element-def9d6f elementor-widget elementor-widget-text-editor\" data-id=\"def9d6f\" data-element_type=\"widget\" data-e-type=\"widget\" data-widget_type=\"text-editor.default\">\n\t\t\t\t\t\t\t\t\t<p>P\u00e5 Hectronic inser vi att en robust och uppdaterad styrning inte bara \u00e4r en fr\u00e5ga om efterlevnad \u2013 det \u00e4r en grundpelare f\u00f6r l\u00e5ngsiktigt f\u00f6rtroende, ansvarstagande och h\u00e5llbar tillv\u00e4xt.<\/p><p>Som en del av discoverIE Group f\u00f6ljer vi en tydlig upps\u00e4ttning policyer som styr v\u00e5r verksamhet, v\u00e5ra partnerskap och v\u00e5ra etiska standarder. Vi arbetar flitigt och kontinuerligt med dessa ramverk f\u00f6r att s\u00e4kerst\u00e4lla att hela v\u00e5r v\u00e4rdekedja uppr\u00e4tth\u00e5ller h\u00f6gsta standard inom milj\u00f6ansvar, m\u00e4nskliga r\u00e4ttigheter, aff\u00e4rsetik och leverant\u00f6rsagerande. F\u00f6ljande sex dokument representerar centrala policyer som vi aktivt f\u00f6ljer och integrerar i v\u00e5r dagliga verksamhet.<\/p>\t\t\t\t\t\t\t\t<\/div>\n\t\t\t\t<div class=\"elementor-element elementor-element-7d5d181 elementor-widget elementor-widget-spacer\" data-id=\"7d5d181\" data-element_type=\"widget\" data-e-type=\"widget\" data-widget_type=\"spacer.default\">\n\t\t\t\t\t\t\t<div class=\"elementor-spacer\">\n\t\t\t<div class=\"elementor-spacer-inner\"><\/div>\n\t\t<\/div>\n\t\t\t\t\t\t<\/div>\n\t\t\t\t<div class=\"elementor-element elementor-element-f3c0fda elementor-widget elementor-widget-heading\" data-id=\"f3c0fda\" data-element_type=\"widget\" data-e-type=\"widget\" data-widget_type=\"heading.default\">\n\t\t\t\t\t<h3 class=\"elementor-heading-title elementor-size-default\">Alla f\u00f6retagspolicyer\n<\/h3>\t\t\t\t<\/div>\n\t\t\t\t<div class=\"elementor-element elementor-element-6b41726 elementor-widget-divider--view-line elementor-widget elementor-widget-divider\" data-id=\"6b41726\" data-element_type=\"widget\" data-e-type=\"widget\" data-widget_type=\"divider.default\">\n\t\t\t\t\t\t\t<div class=\"elementor-divider\">\n\t\t\t<span class=\"elementor-divider-separator\">\n\t\t\t\t\t\t<\/span>\n\t\t<\/div>\n\t\t\t\t\t\t<\/div>\n\t\t\t\t<div class=\"elementor-element elementor-element-49b24bc elementor-widget elementor-widget-spacer\" data-id=\"49b24bc\" data-element_type=\"widget\" data-e-type=\"widget\" data-widget_type=\"spacer.default\">\n\t\t\t\t\t\t\t<div class=\"elementor-spacer\">\n\t\t\t<div class=\"elementor-spacer-inner\"><\/div>\n\t\t<\/div>\n\t\t\t\t\t\t<\/div>\n\t\t\t\t<div class=\"elementor-element elementor-element-015d8de elementor-widget elementor-widget-text-editor\" data-id=\"015d8de\" data-element_type=\"widget\" data-e-type=\"widget\" data-widget_type=\"text-editor.default\">\n\t\t\t\t\t\t\t\t\t<ul><li><a href=\"https:\/\/s201.q4cdn.com\/793451358\/files\/doc_downloads\/company_policies\/Anti-bribery-and-corruption-policy.pdf\" target=\"_blank\" rel=\"noopener\" data-lf-fd-inspected-ywvko4xy5lxaz6bj=\"true\">Policy mot mutor och korruption<\/a><\/li><li><a href=\"https:\/\/s201.q4cdn.com\/793451358\/files\/doc_downloads\/company_policies\/Conflict-Minerals-Policy.pdf\" target=\"_blank\" rel=\"noopener\" data-lf-fd-inspected-ywvko4xy5lxaz6bj=\"true\">Policy f\u00f6r konflikmineraler<\/a><\/li><li><a href=\"https:\/\/s201.q4cdn.com\/793451358\/files\/doc_downloads\/company_policies\/2023\/05\/Environmental-Policy-November-2022.pdf\" target=\"_blank\" rel=\"noopener\" data-lf-fd-inspected-ywvko4xy5lxaz6bj=\"true\">Milj\u00f6politik<\/a><\/li><li><a href=\"https:\/\/s201.q4cdn.com\/793451358\/files\/doc_downloads\/company_policies\/Human-rights-policy.pdf\" target=\"_blank\" rel=\"noopener\" data-lf-fd-inspected-ywvko4xy5lxaz6bj=\"true\">M\u00e4nskliga r\u00e4ttigheter<\/a><\/li><li><a href=\"https:\/\/discoverieplc.com\/sustainability\/modern-slavery-statement\/default.aspx\" target=\"_blank\" rel=\"noopener\">Uttalande om modernt slaveri<\/a><\/li><li><a href=\"https:\/\/s201.q4cdn.com\/793451358\/files\/doc_downloads\/company_policies\/discoverIE-Group-plc-Supplier-Code-of-Conduct-February-2023.pdf\" target=\"_blank\" rel=\"noopener\" data-lf-fd-inspected-ywvko4xy5lxaz6bj=\"true\">Uppf\u00f6randekod f\u00f6r leverant\u00f6rer<\/a><\/li><\/ul><p>Genom att integrera dessa principer i v\u00e5r kultur och verksamhet syftar vi till att bidra till en mer transparent, etisk och framtidsinriktad bransch.<\/p>\t\t\t\t\t\t\t\t<\/div>\n\t\t\t\t\t<\/div>\n\t\t\t\t<\/div>\n\t\t\t\t<\/div>","protected":false},"excerpt":{"rendered":"<p>Guiding Principles: Our Company Policies Company policies Our commitment to responsible business practices At Hectronic, we recognize that robust and up-to-date governance is not only a matter of compliance\u2014it is a cornerstone of long-term trust, accountability, and sustainable growth. As part of the discoverIE Group, we are aligned with a set of clearly defined policies [&hellip;]<\/p>\n","protected":false},"author":2,"featured_media":0,"parent":0,"menu_order":0,"comment_status":"closed","ping_status":"closed","template":"elementor_header_footer","meta":{"footnotes":""},"class_list":["post-3568","page","type-page","status-publish","hentry"],"yoast_head":"<!-- This site is optimized with the Yoast SEO plugin v27.4 - https:\/\/yoast.com\/product\/yoast-seo-wordpress\/ -->\n<title>Company policies | Embedded Computer Systems - Nordic designer and manufacturer | Hectronic<\/title>\n<meta name=\"robots\" content=\"index, follow, max-snippet:-1, max-image-preview:large, max-video-preview:-1\" \/>\n<link rel=\"canonical\" href=\"https:\/\/hectronic.se\/sv\/foretagspolicyer\/\" \/>\n<meta property=\"og:locale\" content=\"sv_SE\" \/>\n<meta property=\"og:type\" content=\"article\" \/>\n<meta property=\"og:title\" content=\"Company policies | Embedded Computer Systems - Nordic designer and manufacturer | Hectronic\" \/>\n<meta property=\"og:description\" content=\"Guiding Principles: Our Company Policies Company policies Our commitment to responsible business practices At Hectronic, we recognize that robust and up-to-date governance is not only a matter of compliance\u2014it is a cornerstone of long-term trust, accountability, and sustainable growth. As part of the discoverIE Group, we are aligned with a set of clearly defined policies [&hellip;]\" \/>\n<meta property=\"og:url\" content=\"https:\/\/hectronic.se\/sv\/foretagspolicyer\/\" \/>\n<meta property=\"og:site_name\" content=\"Embedded Computer Systems - Nordic designer and manufacturer | Hectronic\" \/>\n<meta property=\"article:publisher\" content=\"https:\/\/www.facebook.com\/Hectronic.1\/\" \/>\n<meta property=\"article:modified_time\" content=\"2026-02-10T19:59:01+00:00\" \/>\n<meta name=\"twitter:card\" content=\"summary_large_image\" \/>\n<meta name=\"twitter:site\" content=\"@HectronicNews\" \/>\n<meta name=\"twitter:label1\" content=\"Ber\u00e4knad l\u00e4stid\" \/>\n\t<meta name=\"twitter:data1\" content=\"1 minut\" \/>\n<!-- \/ Yoast SEO plugin. -->","yoast_head_json":{"title":"F\u00f6retagspolicyer | Inbyggda datorsystem - Nordisk designer och tillverkare | Hectronic","robots":{"index":"index","follow":"follow","max-snippet":"max-snippet:-1","max-image-preview":"max-image-preview:large","max-video-preview":"max-video-preview:-1"},"canonical":"https:\/\/hectronic.se\/sv\/foretagspolicyer\/","og_locale":"sv_SE","og_type":"article","og_title":"Company policies | Embedded Computer Systems - Nordic designer and manufacturer | Hectronic","og_description":"Guiding Principles: Our Company Policies Company policies Our commitment to responsible business practices At Hectronic, we recognize that robust and up-to-date governance is not only a matter of compliance\u2014it is a cornerstone of long-term trust, accountability, and sustainable growth. As part of the discoverIE Group, we are aligned with a set of clearly defined policies [&hellip;]","og_url":"https:\/\/hectronic.se\/sv\/foretagspolicyer\/","og_site_name":"Embedded Computer Systems - Nordic designer and manufacturer | Hectronic","article_publisher":"https:\/\/www.facebook.com\/Hectronic.1\/","article_modified_time":"2026-02-10T19:59:01+00:00","twitter_card":"summary_large_image","twitter_site":"@HectronicNews","twitter_misc":{"Ber\u00e4knad l\u00e4stid":"1 minut"},"schema":{"@context":"https:\/\/schema.org","@graph":[{"@type":"WebPage","@id":"https:\/\/hectronic.se\/company-policies\/","url":"https:\/\/hectronic.se\/company-policies\/","name":"F\u00f6retagspolicyer | Inbyggda datorsystem - Nordisk designer och tillverkare | Hectronic","isPartOf":{"@id":"https:\/\/hectronic.se\/#website"},"datePublished":"2026-02-10T19:56:47+00:00","dateModified":"2026-02-10T19:59:01+00:00","breadcrumb":{"@id":"https:\/\/hectronic.se\/company-policies\/#breadcrumb"},"inLanguage":"sv-SE","potentialAction":[{"@type":"ReadAction","target":["https:\/\/hectronic.se\/company-policies\/"]}]},{"@type":"BreadcrumbList","@id":"https:\/\/hectronic.se\/company-policies\/#breadcrumb","itemListElement":[{"@type":"ListItem","position":1,"name":"Home","item":"https:\/\/hectronic.se\/"},{"@type":"ListItem","position":2,"name":"Company policies"}]},{"@type":"WebSite","@id":"https:\/\/hectronic.se\/#website","url":"https:\/\/hectronic.se\/","name":"Inbyggda datorsystem - nordisk designer och tillverkare | Hectronic","description":"","publisher":{"@id":"https:\/\/hectronic.se\/#organization"},"potentialAction":[{"@type":"SearchAction","target":{"@type":"EntryPoint","urlTemplate":"https:\/\/hectronic.se\/?s={search_term_string}"},"query-input":{"@type":"PropertyValueSpecification","valueRequired":true,"valueName":"search_term_string"}}],"inLanguage":"sv-SE"},{"@type":"Organization","@id":"https:\/\/hectronic.se\/#organization","name":"Inbyggda datorsystem - nordisk designer och tillverkare | Hectronic","url":"https:\/\/hectronic.se\/","logo":{"@type":"ImageObject","inLanguage":"sv-SE","@id":"https:\/\/hectronic.se\/#\/schema\/logo\/image\/","url":"https:\/\/hectronic.se\/wp-content\/uploads\/2026\/03\/hectronic-logo-1.svg","contentUrl":"https:\/\/hectronic.se\/wp-content\/uploads\/2026\/03\/hectronic-logo-1.svg","width":207,"height":38,"caption":"Embedded Computer Systems - Nordic designer and manufacturer | Hectronic"},"image":{"@id":"https:\/\/hectronic.se\/#\/schema\/logo\/image\/"},"sameAs":["https:\/\/www.facebook.com\/Hectronic.1\/","https:\/\/x.com\/HectronicNews"]}]}},"_links":{"self":[{"href":"https:\/\/hectronic.se\/sv\/wp-json\/wp\/v2\/pages\/3568","targetHints":{"allow":["GET"]}}],"collection":[{"href":"https:\/\/hectronic.se\/sv\/wp-json\/wp\/v2\/pages"}],"about":[{"href":"https:\/\/hectronic.se\/sv\/wp-json\/wp\/v2\/types\/page"}],"author":[{"embeddable":true,"href":"https:\/\/hectronic.se\/sv\/wp-json\/wp\/v2\/users\/2"}],"replies":[{"embeddable":true,"href":"https:\/\/hectronic.se\/sv\/wp-json\/wp\/v2\/comments?post=3568"}],"version-history":[{"count":7,"href":"https:\/\/hectronic.se\/sv\/wp-json\/wp\/v2\/pages\/3568\/revisions"}],"predecessor-version":[{"id":3576,"href":"https:\/\/hectronic.se\/sv\/wp-json\/wp\/v2\/pages\/3568\/revisions\/3576"}],"wp:attachment":[{"href":"https:\/\/hectronic.se\/sv\/wp-json\/wp\/v2\/media?parent=3568"}],"curies":[{"name":"wp","href":"https:\/\/api.w.org\/{rel}","templated":true}]}}