{"id":35,"date":"2025-09-29T20:41:34","date_gmt":"2025-09-29T20:41:34","guid":{"rendered":"https:\/\/hectronic.se\/?page_id=35"},"modified":"2026-04-08T17:10:04","modified_gmt":"2026-04-08T17:10:04","slug":"industrier","status":"publish","type":"page","link":"https:\/\/hectronic.se\/sv\/industries\/","title":{"rendered":"Industrier"},"content":{"rendered":"<div data-elementor-type=\"wp-page\" data-elementor-id=\"35\" class=\"elementor elementor-35\" data-elementor-post-type=\"page\">\n\t\t\t\t<div class=\"elementor-element elementor-element-8edf942 e-flex e-con-boxed e-con e-parent\" data-id=\"8edf942\" data-element_type=\"container\" data-e-type=\"container\" data-settings=\"{&quot;background_background&quot;:&quot;classic&quot;}\">\n\t\t\t\t\t<div class=\"e-con-inner\">\n\t\t<div class=\"elementor-element elementor-element-4fb12be e-con-full e-flex e-con e-child\" data-id=\"4fb12be\" data-element_type=\"container\" data-e-type=\"container\">\n\t\t\t\t<div class=\"elementor-element elementor-element-db158e3 elementor-mobile-align-left elementor-widget elementor-widget-button\" data-id=\"db158e3\" data-element_type=\"widget\" data-e-type=\"widget\" data-widget_type=\"button.default\">\n\t\t\t\t\t\t\t\t\t\t<a class=\"elementor-button elementor-size-sm\" role=\"button\">\n\t\t\t\t\t\t<span class=\"elementor-button-content-wrapper\">\n\t\t\t\t\t\t<span class=\"elementor-button-icon\">\n\t\t\t\t<svg xmlns=\"http:\/\/www.w3.org\/2000\/svg\" width=\"24\" height=\"24\" viewbox=\"0 0 24 24\"><path d=\"M6 2C4.89 2 4 2.89 4 4V12C4 13.11 4.89 14 6 14H18C19.11 14 20 13.11 20 12V4C20 2.89 19.11 2 18 2H6ZM6 4H18V12H6V4ZM4 15C2.89 15 2 15.89 2 17V20C2 21.11 2.89 22 4 22H20C21.11 22 22 21.11 22 20V17C22 15.89 21.11 15 20 15H4ZM8 17H20V20H8V17ZM9 17.75V19.25H13V17.75H9ZM15 17.75V19.25H19V17.75H15Z\"><\/path><\/svg>\t\t\t<\/span>\n\t\t\t\t\t\t\t\t\t<span class=\"elementor-button-text\">Explore Hectronic's OEM solutions across industries<\/span>\n\t\t\t\t\t<\/span>\n\t\t\t\t\t<\/a>\n\t\t\t\t\t\t\t\t<\/div>\n\t\t\t\t<div class=\"elementor-element elementor-element-d37e2a8 elementor-widget elementor-widget-heading\" data-id=\"d37e2a8\" data-element_type=\"widget\" data-e-type=\"widget\" data-widget_type=\"heading.default\">\n\t\t\t\t\t<h1 class=\"elementor-heading-title elementor-size-default\">Industrier<\/h1>\t\t\t\t<\/div>\n\t\t\t\t<div class=\"elementor-element elementor-element-84811f1 elementor-widget-divider--view-line elementor-widget elementor-widget-divider\" data-id=\"84811f1\" data-element_type=\"widget\" data-e-type=\"widget\" data-widget_type=\"divider.default\">\n\t\t\t\t\t\t\t<div class=\"elementor-divider\">\n\t\t\t<span class=\"elementor-divider-separator\">\n\t\t\t\t\t\t<\/span>\n\t\t<\/div>\n\t\t\t\t\t\t<\/div>\n\t\t\t\t<div class=\"elementor-element elementor-element-d26d150 elementor-widget elementor-widget-text-editor\" data-id=\"d26d150\" data-element_type=\"widget\" data-e-type=\"widget\" data-widget_type=\"text-editor.default\">\n\t\t\t\t\t\t\t\t\t<p><a href=\"https:\/\/hectronic.se\/sv\/foretag\/\" rel=\"noopener\" data-fpl-component=\"primitive\">Hectronic<\/a>\u00a0har \u00e4gnat mer \u00e4n tre decennier \u00e5t att utveckla och leverera\u00a0<a href=\"https:\/\/hectronic.se\/sv\/losningar\/guide-till-inbyggda-datorer\/\" rel=\"noopener\" data-fpl-component=\"primitive\">inbyggda datorer<\/a>\u00a0\/\u00a0<a href=\"https:\/\/hectronic.se\/sv\/oem-development-solutions\/\" rel=\"noopener\" data-fpl-component=\"primitive\">OEM-l\u00f6sningar<\/a>\u00a0f\u00f6r kunder fr\u00e5n ett brett spektrum av marknadssegment som uppfyller deras respektive krav.<\/p><p>Vad \u00e4r OEM-l\u00f6sningar? OEM \u00e4r en f\u00f6rkortning f\u00f6r Original Equipment Manufacturer. OEM-l\u00f6sningar \u00e4r produkter som levereras fr\u00e5n tillverkare som tillverkar komponenter f\u00f6r andra f\u00f6retags produkter. OEM-l\u00f6sningar kan vara en specifik del, ett subsystem, en inbyggd dator eller mjukvara. Vi utvecklar OEM-l\u00f6sningar som effektiviserar processer och minskar b\u00e5de tids\u00e5tg\u00e5ng, arbetsinsats och kostnader.\u00a0<\/p><p>Fr\u00e5gor om v\u00e5ra OEM-l\u00f6sningar?<\/p>\t\t\t\t\t\t\t\t<\/div>\n\t\t<div class=\"elementor-element elementor-element-d10aa30 e-con-full e-flex e-con e-child\" data-id=\"d10aa30\" data-element_type=\"container\" data-e-type=\"container\">\n\t\t\t\t<div class=\"elementor-element elementor-element-12020a2 elementor-widget elementor-widget-button\" data-id=\"12020a2\" data-element_type=\"widget\" data-e-type=\"widget\" data-widget_type=\"button.default\">\n\t\t\t\t\t\t\t\t\t\t<a class=\"elementor-button elementor-button-link elementor-size-sm\" href=\"https:\/\/hectronic.se\/sv\/contact\/\">\n\t\t\t\t\t\t<span class=\"elementor-button-content-wrapper\">\n\t\t\t\t\t\t\t\t\t<span class=\"elementor-button-text\">Kontakta oss<\/span>\n\t\t\t\t\t<\/span>\n\t\t\t\t\t<\/a>\n\t\t\t\t\t\t\t\t<\/div>\n\t\t\t\t<\/div>\n\t\t\t\t<\/div>\n\t\t<div class=\"elementor-element elementor-element-74861d6 e-con-full e-flex e-con e-child\" data-id=\"74861d6\" data-element_type=\"container\" data-e-type=\"container\">\n\t\t\t\t<\/div>\n\t\t\t\t\t<\/div>\n\t\t\t\t<\/div>\n\t\t<div class=\"elementor-element elementor-element-d708749 e-flex e-con-boxed e-con e-parent\" data-id=\"d708749\" data-element_type=\"container\" data-e-type=\"container\">\n\t\t\t\t\t<div class=\"e-con-inner\">\n\t\t\t\t<div class=\"elementor-element elementor-element-9c28573 elementor-cta--skin-cover elementor-widget__width-initial elementor-widget-tablet__width-initial elementor-cta--valign-bottom elementor-animated-content elementor-bg-transform elementor-bg-transform-zoom-in elementor-widget elementor-widget-call-to-action\" data-id=\"9c28573\" data-element_type=\"widget\" data-e-type=\"widget\" data-widget_type=\"call-to-action.default\">\n\t\t\t\t\t\t\t<a class=\"elementor-cta\" href=\"https:\/\/hectronic.se\/sv\/industrier\/medicinsk-teknik\/\">\n\t\t\t\t\t<div class=\"elementor-cta__bg-wrapper\">\n\t\t\t\t<div class=\"elementor-cta__bg elementor-bg\" style=\"background-image: url(https:\/\/hectronic.se\/wp-content\/uploads\/2025\/10\/hectronic-medical-team-performing-industries.jpg);\" role=\"img\" aria-label=\"Operationssal med flera l\u00e4kare i sterila operationskl\u00e4der, masker och kepsar som arbetar runt operationsf\u00e4ltet. Vitala monitorer och medicinsk utrustning \u00e4r aktiva, med hyllor med instrument i bakgrunden under sval klinisk belysning.\"><\/div>\n\t\t\t\t<div class=\"elementor-cta__bg-overlay\"><\/div>\n\t\t\t<\/div>\n\t\t\t\t\t\t\t<div class=\"elementor-cta__content\">\n\t\t\t\t\n\t\t\t\t\t\t\t\t\t<h3 class=\"elementor-cta__title elementor-cta__content-item elementor-content-item elementor-animated-item--grow\">\n\t\t\t\t\t\tMedicin\t\t\t\t\t<\/h3>\n\t\t\t\t\n\t\t\t\t\t\t\t\t\t<div class=\"elementor-cta__description elementor-cta__content-item elementor-content-item elementor-animated-item--grow\">\n\t\t\t\t\t\tL\u00e4s mer\t\t\t\t\t<\/div>\n\t\t\t\t\n\t\t\t\t\t\t\t<\/div>\n\t\t\t\t\t\t<\/a>\n\t\t\t\t\t\t<\/div>\n\t\t\t\t<div class=\"elementor-element elementor-element-891aaae elementor-cta--skin-cover elementor-widget__width-initial elementor-widget-tablet__width-initial elementor-cta--valign-bottom elementor-animated-content elementor-bg-transform elementor-bg-transform-zoom-in elementor-widget elementor-widget-call-to-action\" data-id=\"891aaae\" data-element_type=\"widget\" data-e-type=\"widget\" data-widget_type=\"call-to-action.default\">\n\t\t\t\t\t\t\t<a class=\"elementor-cta\" href=\"https:\/\/hectronic.se\/sv\/industrier\/vehicle\/\">\n\t\t\t\t\t<div class=\"elementor-cta__bg-wrapper\">\n\t\t\t\t<div class=\"elementor-cta__bg elementor-bg\" style=\"background-image: url(https:\/\/hectronic.se\/wp-content\/uploads\/2025\/10\/hectronic-fastlink-14-industries.jpg);\" role=\"img\" aria-label=\"fastlink-14\"><\/div>\n\t\t\t\t<div class=\"elementor-cta__bg-overlay\"><\/div>\n\t\t\t<\/div>\n\t\t\t\t\t\t\t<div class=\"elementor-cta__content\">\n\t\t\t\t\n\t\t\t\t\t\t\t\t\t<h3 class=\"elementor-cta__title elementor-cta__content-item elementor-content-item elementor-animated-item--grow\">\n\t\t\t\t\t\tFordon\t\t\t\t\t<\/h3>\n\t\t\t\t\n\t\t\t\t\t\t\t\t\t<div class=\"elementor-cta__description elementor-cta__content-item elementor-content-item elementor-animated-item--grow\">\n\t\t\t\t\t\tL\u00e4s mer\t\t\t\t\t<\/div>\n\t\t\t\t\n\t\t\t\t\t\t\t<\/div>\n\t\t\t\t\t\t<\/a>\n\t\t\t\t\t\t<\/div>\n\t\t\t\t<div class=\"elementor-element elementor-element-1d70422 elementor-cta--skin-cover elementor-widget__width-initial elementor-widget-tablet__width-initial elementor-cta--valign-bottom elementor-animated-content elementor-bg-transform elementor-bg-transform-zoom-in elementor-widget elementor-widget-call-to-action\" data-id=\"1d70422\" data-element_type=\"widget\" data-e-type=\"widget\" data-widget_type=\"call-to-action.default\">\n\t\t\t\t\t\t\t<a class=\"elementor-cta\" href=\"https:\/\/hectronic.se\/sv\/industrier\/sjofart-offshore\/\">\n\t\t\t\t\t<div class=\"elementor-cta__bg-wrapper\">\n\t\t\t\t<div class=\"elementor-cta__bg elementor-bg\" style=\"background-image: url(https:\/\/hectronic.se\/wp-content\/uploads\/2025\/10\/hectronic-oil-platform-at-sunset-industries.jpg);\" role=\"img\" aria-label=\"Vidvinkelvy av en offshore oljeplattform i solnedg\u00e5ng \u00f6ver lugnt vatten; gula fackverksstrukturer med kranar och skorstenar under en varm, molnig himmel. Ett m\u00f6rkt gradient\u00f6verl\u00e4gg t\u00e4cker v\u00e4nstra sidan av bilden f\u00f6r att m\u00f6jligg\u00f6ra placering av inneh\u00e5ll.\"><\/div>\n\t\t\t\t<div class=\"elementor-cta__bg-overlay\"><\/div>\n\t\t\t<\/div>\n\t\t\t\t\t\t\t<div class=\"elementor-cta__content\">\n\t\t\t\t\n\t\t\t\t\t\t\t\t\t<h3 class=\"elementor-cta__title elementor-cta__content-item elementor-content-item elementor-animated-item--grow\">\n\t\t\t\t\t\tSj\u00f6fart &amp; Offshore\t\t\t\t\t<\/h3>\n\t\t\t\t\n\t\t\t\t\t\t\t\t\t<div class=\"elementor-cta__description elementor-cta__content-item elementor-content-item elementor-animated-item--grow\">\n\t\t\t\t\t\tL\u00e4s mer\t\t\t\t\t<\/div>\n\t\t\t\t\n\t\t\t\t\t\t\t<\/div>\n\t\t\t\t\t\t<\/a>\n\t\t\t\t\t\t<\/div>\n\t\t\t\t<div class=\"elementor-element elementor-element-ea493b0 elementor-cta--skin-cover elementor-widget__width-initial elementor-widget-tablet__width-initial elementor-cta--valign-bottom elementor-animated-content elementor-bg-transform elementor-bg-transform-zoom-in elementor-widget elementor-widget-call-to-action\" data-id=\"ea493b0\" data-element_type=\"widget\" data-e-type=\"widget\" data-widget_type=\"call-to-action.default\">\n\t\t\t\t\t\t\t<a class=\"elementor-cta\" href=\"https:\/\/hectronic.se\/sv\/industrier\/forsvar\/\">\n\t\t\t\t\t<div class=\"elementor-cta__bg-wrapper\">\n\t\t\t\t<div class=\"elementor-cta__bg elementor-bg\" style=\"background-image: url(https:\/\/hectronic.se\/wp-content\/uploads\/2025\/10\/hectronic-large-parabolic-industries.jpg);\" role=\"img\" aria-label=\"Tredjedelsvy \u00f6ver en stor parabolantenn monterad p\u00e5 en plattform; strukturella armar och kugghus syns i silhuett. Dramatisk himmel med tunga \u00e5skmoln och l\u00e5gm\u00e4ld belysning, med m\u00f6rk f\u00f6rgrundsterr\u00e4ng.\"><\/div>\n\t\t\t\t<div class=\"elementor-cta__bg-overlay\"><\/div>\n\t\t\t<\/div>\n\t\t\t\t\t\t\t<div class=\"elementor-cta__content\">\n\t\t\t\t\n\t\t\t\t\t\t\t\t\t<h3 class=\"elementor-cta__title elementor-cta__content-item elementor-content-item elementor-animated-item--grow\">\n\t\t\t\t\t\tF\u00f6rsvar\t\t\t\t\t<\/h3>\n\t\t\t\t\n\t\t\t\t\t\t\t\t\t<div class=\"elementor-cta__description elementor-cta__content-item elementor-content-item elementor-animated-item--grow\">\n\t\t\t\t\t\tL\u00e4s mer\t\t\t\t\t<\/div>\n\t\t\t\t\n\t\t\t\t\t\t\t<\/div>\n\t\t\t\t\t\t<\/a>\n\t\t\t\t\t\t<\/div>\n\t\t\t\t<div class=\"elementor-element elementor-element-4241c22 elementor-cta--skin-cover elementor-widget__width-initial elementor-widget-tablet__width-initial elementor-cta--valign-bottom elementor-animated-content elementor-bg-transform elementor-bg-transform-zoom-in elementor-widget elementor-widget-call-to-action\" data-id=\"4241c22\" data-element_type=\"widget\" data-e-type=\"widget\" data-widget_type=\"call-to-action.default\">\n\t\t\t\t\t\t\t<a class=\"elementor-cta\" href=\"https:\/\/hectronic.se\/sv\/industries\/industrial-automation\/\">\n\t\t\t\t\t<div class=\"elementor-cta__bg-wrapper\">\n\t\t\t\t<div class=\"elementor-cta__bg elementor-bg\" style=\"background-image: url(https:\/\/hectronic.se\/wp-content\/uploads\/2025\/10\/hectronic-industrial-robotic-industries.jpg);\" role=\"img\" aria-label=\"Industrirobotarm med metallgripare och bl\u00e5 kablar, n\u00e4rbild.\"><\/div>\n\t\t\t\t<div class=\"elementor-cta__bg-overlay\"><\/div>\n\t\t\t<\/div>\n\t\t\t\t\t\t\t<div class=\"elementor-cta__content\">\n\t\t\t\t\n\t\t\t\t\t\t\t\t\t<h3 class=\"elementor-cta__title elementor-cta__content-item elementor-content-item elementor-animated-item--grow\">\n\t\t\t\t\t\tIndustriell automation\t\t\t\t\t<\/h3>\n\t\t\t\t\n\t\t\t\t\t\t\t\t\t<div class=\"elementor-cta__description elementor-cta__content-item elementor-content-item elementor-animated-item--grow\">\n\t\t\t\t\t\tL\u00e4s mer\t\t\t\t\t<\/div>\n\t\t\t\t\n\t\t\t\t\t\t\t<\/div>\n\t\t\t\t\t\t<\/a>\n\t\t\t\t\t\t<\/div>\n\t\t\t\t<div class=\"elementor-element elementor-element-6cee05b elementor-cta--skin-cover elementor-widget__width-initial elementor-widget-tablet__width-initial elementor-cta--valign-bottom elementor-animated-content elementor-bg-transform elementor-bg-transform-zoom-in elementor-widget elementor-widget-call-to-action\" data-id=\"6cee05b\" data-element_type=\"widget\" data-e-type=\"widget\" data-widget_type=\"call-to-action.default\">\n\t\t\t\t\t\t\t<a class=\"elementor-cta\" href=\"https:\/\/hectronic.se\/sv\/industrier\/kommunikation\/\">\n\t\t\t\t\t<div class=\"elementor-cta__bg-wrapper\">\n\t\t\t\t<div class=\"elementor-cta__bg elementor-bg\" style=\"background-image: url(https:\/\/hectronic.se\/wp-content\/uploads\/2025\/10\/hectronic-illustrative-software-industries.jpg);\" role=\"img\" aria-label=\"Illustrativ mjukvaru-\/teknikbild visas p\u00e5 sk\u00e4rmen, modern stil.\"><\/div>\n\t\t\t\t<div class=\"elementor-cta__bg-overlay\"><\/div>\n\t\t\t<\/div>\n\t\t\t\t\t\t\t<div class=\"elementor-cta__content\">\n\t\t\t\t\n\t\t\t\t\t\t\t\t\t<h3 class=\"elementor-cta__title elementor-cta__content-item elementor-content-item elementor-animated-item--grow\">\n\t\t\t\t\t\tKommunikation\t\t\t\t\t<\/h3>\n\t\t\t\t\n\t\t\t\t\t\t\t\t\t<div class=\"elementor-cta__description elementor-cta__content-item elementor-content-item elementor-animated-item--grow\">\n\t\t\t\t\t\tL\u00e4s mer\t\t\t\t\t<\/div>\n\t\t\t\t\n\t\t\t\t\t\t\t<\/div>\n\t\t\t\t\t\t<\/a>\n\t\t\t\t\t\t<\/div>\n\t\t\t\t\t<\/div>\n\t\t\t\t<\/div>\n\t\t\t\t<\/div>","protected":false},"excerpt":{"rendered":"<p>Explore Hectronic&#8217;s OEM solutions across industries Industries Hectronic\u00a0has spent more than three decades developing and supplying\u00a0embedded computers\u00a0\/\u00a0OEM solutions\u00a0to customers from a wide range of market segments meeting their respective requirements. What are OEM solutions? OEM is short for Original Equipment Manufacturer. OEM solutions are products delivered from manufacturers that makes components of other company\u2019s products. [&hellip;]<\/p>\n","protected":false},"author":2,"featured_media":0,"parent":0,"menu_order":0,"comment_status":"closed","ping_status":"closed","template":"","meta":{"footnotes":""},"class_list":["post-35","page","type-page","status-publish","hentry"],"yoast_head":"<!-- This site is optimized with the Yoast SEO plugin v27.3 - https:\/\/yoast.com\/product\/yoast-seo-wordpress\/ -->\n<title>OEM Solutions - Industries | Embedded Computer Systems - Nordic designer and manufacturer | Hectronic<\/title>\n<meta name=\"description\" content=\"Hectronic has over the last three decades worked with OEM solutions in a wide range of market segments and industries. Click here.\" \/>\n<meta name=\"robots\" content=\"noindex, follow, max-snippet:-1, max-image-preview:large, max-video-preview:-1\" \/>\n<meta property=\"og:locale\" content=\"sv_SE\" \/>\n<meta property=\"og:type\" content=\"article\" \/>\n<meta property=\"og:title\" content=\"OEM Solutions - Industries | Embedded Computer Systems - Nordic designer and manufacturer | Hectronic\" \/>\n<meta property=\"og:description\" content=\"Hectronic has over the last three decades worked with OEM solutions in a wide range of market segments and industries. Click here.\" \/>\n<meta property=\"og:url\" content=\"https:\/\/hectronic.se\/sv\/industrier\/\" \/>\n<meta property=\"og:site_name\" content=\"Embedded Computer Systems - Nordic designer and manufacturer | Hectronic\" \/>\n<meta property=\"article:publisher\" content=\"https:\/\/www.facebook.com\/Hectronic.1\/\" \/>\n<meta property=\"article:modified_time\" content=\"2026-04-08T17:10:04+00:00\" \/>\n<meta name=\"twitter:card\" content=\"summary_large_image\" \/>\n<meta name=\"twitter:site\" content=\"@HectronicNews\" \/>\n<meta name=\"twitter:label1\" content=\"Ber\u00e4knad l\u00e4stid\" \/>\n\t<meta name=\"twitter:data1\" content=\"1 minut\" \/>\n<!-- \/ Yoast SEO plugin. -->","yoast_head_json":{"title":"OEM-l\u00f6sningar - Industrier | Inbyggda datorsystem - Nordisk designer och tillverkare | Hectronic","description":"Hectronic har under de senaste tre decennierna arbetat med OEM-l\u00f6sningar inom en m\u00e4ngd olika marknadssegment och branscher. Klicka h\u00e4r.","robots":{"index":"noindex","follow":"follow","max-snippet":"max-snippet:-1","max-image-preview":"max-image-preview:large","max-video-preview":"max-video-preview:-1"},"og_locale":"sv_SE","og_type":"article","og_title":"OEM Solutions - Industries | Embedded Computer Systems - Nordic designer and manufacturer | Hectronic","og_description":"Hectronic has over the last three decades worked with OEM solutions in a wide range of market segments and industries. Click here.","og_url":"https:\/\/hectronic.se\/sv\/industrier\/","og_site_name":"Embedded Computer Systems - Nordic designer and manufacturer | Hectronic","article_publisher":"https:\/\/www.facebook.com\/Hectronic.1\/","article_modified_time":"2026-04-08T17:10:04+00:00","twitter_card":"summary_large_image","twitter_site":"@HectronicNews","twitter_misc":{"Ber\u00e4knad l\u00e4stid":"1 minut"},"schema":{"@context":"https:\/\/schema.org","@graph":[{"@type":"WebPage","@id":"https:\/\/hectronic.se\/industries\/","url":"https:\/\/hectronic.se\/industries\/","name":"OEM-l\u00f6sningar - Industrier | Inbyggda datorsystem - Nordisk designer och tillverkare | Hectronic","isPartOf":{"@id":"https:\/\/hectronic.se\/#website"},"datePublished":"2025-09-29T20:41:34+00:00","dateModified":"2026-04-08T17:10:04+00:00","description":"Hectronic har under de senaste tre decennierna arbetat med OEM-l\u00f6sningar inom en m\u00e4ngd olika marknadssegment och branscher. Klicka h\u00e4r.","breadcrumb":{"@id":"https:\/\/hectronic.se\/industries\/#breadcrumb"},"inLanguage":"sv-SE","potentialAction":[{"@type":"ReadAction","target":["https:\/\/hectronic.se\/industries\/"]}]},{"@type":"BreadcrumbList","@id":"https:\/\/hectronic.se\/industries\/#breadcrumb","itemListElement":[{"@type":"ListItem","position":1,"name":"Home","item":"https:\/\/hectronic.se\/"},{"@type":"ListItem","position":2,"name":"Industries"}]},{"@type":"WebSite","@id":"https:\/\/hectronic.se\/#website","url":"https:\/\/hectronic.se\/","name":"Inbyggda datorsystem - nordisk designer och tillverkare | Hectronic","description":"","publisher":{"@id":"https:\/\/hectronic.se\/#organization"},"potentialAction":[{"@type":"SearchAction","target":{"@type":"EntryPoint","urlTemplate":"https:\/\/hectronic.se\/?s={search_term_string}"},"query-input":{"@type":"PropertyValueSpecification","valueRequired":true,"valueName":"search_term_string"}}],"inLanguage":"sv-SE"},{"@type":"Organization","@id":"https:\/\/hectronic.se\/#organization","name":"Inbyggda datorsystem - nordisk designer och tillverkare | Hectronic","url":"https:\/\/hectronic.se\/","logo":{"@type":"ImageObject","inLanguage":"sv-SE","@id":"https:\/\/hectronic.se\/#\/schema\/logo\/image\/","url":"https:\/\/hectronic.se\/wp-content\/uploads\/2026\/03\/hectronic-logo-1.svg","contentUrl":"https:\/\/hectronic.se\/wp-content\/uploads\/2026\/03\/hectronic-logo-1.svg","width":207,"height":38,"caption":"Embedded Computer Systems - Nordic designer and manufacturer | Hectronic"},"image":{"@id":"https:\/\/hectronic.se\/#\/schema\/logo\/image\/"},"sameAs":["https:\/\/www.facebook.com\/Hectronic.1\/","https:\/\/x.com\/HectronicNews"]}]}},"_links":{"self":[{"href":"https:\/\/hectronic.se\/sv\/wp-json\/wp\/v2\/pages\/35","targetHints":{"allow":["GET"]}}],"collection":[{"href":"https:\/\/hectronic.se\/sv\/wp-json\/wp\/v2\/pages"}],"about":[{"href":"https:\/\/hectronic.se\/sv\/wp-json\/wp\/v2\/types\/page"}],"author":[{"embeddable":true,"href":"https:\/\/hectronic.se\/sv\/wp-json\/wp\/v2\/users\/2"}],"replies":[{"embeddable":true,"href":"https:\/\/hectronic.se\/sv\/wp-json\/wp\/v2\/comments?post=35"}],"version-history":[{"count":106,"href":"https:\/\/hectronic.se\/sv\/wp-json\/wp\/v2\/pages\/35\/revisions"}],"predecessor-version":[{"id":6305,"href":"https:\/\/hectronic.se\/sv\/wp-json\/wp\/v2\/pages\/35\/revisions\/6305"}],"wp:attachment":[{"href":"https:\/\/hectronic.se\/sv\/wp-json\/wp\/v2\/media?parent=35"}],"curies":[{"name":"wp","href":"https:\/\/api.w.org\/{rel}","templated":true}]}}