{"id":33,"date":"2025-09-29T20:41:25","date_gmt":"2025-09-29T20:41:25","guid":{"rendered":"https:\/\/hectronic.se\/?page_id=33"},"modified":"2026-03-13T15:28:16","modified_gmt":"2026-03-13T15:28:16","slug":"losningar","status":"publish","type":"page","link":"https:\/\/hectronic.se\/sv\/solutions\/","title":{"rendered":"L\u00f6sningar"},"content":{"rendered":"<div data-elementor-type=\"wp-page\" data-elementor-id=\"33\" class=\"elementor elementor-33\" data-elementor-post-type=\"page\">\n\t\t\t\t<div class=\"elementor-element elementor-element-b29cd3b e-flex e-con-boxed e-con e-parent\" data-id=\"b29cd3b\" data-element_type=\"container\" data-e-type=\"container\" data-settings=\"{&quot;background_background&quot;:&quot;classic&quot;}\">\n\t\t\t\t\t<div class=\"e-con-inner\">\n\t\t<div class=\"elementor-element elementor-element-97179b4 e-con-full e-flex e-con e-child\" data-id=\"97179b4\" data-element_type=\"container\" data-e-type=\"container\">\n\t\t\t\t<div class=\"elementor-element elementor-element-2240000 elementor-widget elementor-widget-button\" data-id=\"2240000\" data-element_type=\"widget\" data-e-type=\"widget\" data-widget_type=\"button.default\">\n\t\t\t\t\t\t\t\t\t\t<a class=\"elementor-button elementor-size-sm\" role=\"button\">\n\t\t\t\t\t\t<span class=\"elementor-button-content-wrapper\">\n\t\t\t\t\t\t<span class=\"elementor-button-icon\">\n\t\t\t\t<svg xmlns=\"http:\/\/www.w3.org\/2000\/svg\" width=\"24\" height=\"24\" viewbox=\"0 0 24 24\"><path d=\"M5 8C6.06087 8 7.07828 8.42143 7.82843 9.17157C8.57857 9.92172 9 10.9391 9 12C9 13.0609 8.57857 14.0783 7.82843 14.8284C7.07828 15.5786 6.06087 16 5 16C3.93913 16 2.92172 15.5786 2.17157 14.8284C1.42143 14.0783 1 13.0609 1 12C1 10.9391 1.42143 9.92172 2.17157 9.17157C2.92172 8.42143 3.93913 8 5 8ZM5 10C4.46957 10 3.96086 10.2107 3.58579 10.5858C3.21071 10.9609 3 11.4696 3 12C3 12.5304 3.21071 13.0391 3.58579 13.4142C3.96086 13.7893 4.46957 14 5 14C5.53043 14 6.03914 13.7893 6.41421 13.4142C6.78929 13.0391 7 12.5304 7 12C7 11.4696 6.78929 10.9609 6.41421 10.5858C6.03914 10.2107 5.53043 10 5 10ZM12 1C13.0609 1 14.0783 1.42143 14.8284 2.17157C15.5786 2.92172 16 3.93913 16 5C16 6.06087 15.5786 7.07828 14.8284 7.82843C14.0783 8.57857 13.0609 9 12 9C10.9391 9 9.92172 8.57857 9.17157 7.82843C8.42143 7.07828 8 6.06087 8 5C8 3.93913 8.42143 2.92172 9.17157 2.17157C9.92172 1.42143 10.9391 1 12 1ZM12 3C11.4696 3 10.9609 3.21071 10.5858 3.58579C10.2107 3.96086 10 4.46957 10 5C10 5.53043 10.2107 6.03914 10.5858 6.41421C10.9609 6.78929 11.4696 7 12 7C12.5304 7 13.0391 6.78929 13.4142 6.41421C13.7893 6.03914 14 5.53043 14 5C14 4.46957 13.7893 3.96086 13.4142 3.58579C13.0391 3.21071 12.5304 3 12 3ZM12 15C13.0609 15 14.0783 15.4214 14.8284 16.1716C15.5786 16.9217 16 17.9391 16 19C16 20.0609 15.5786 21.0783 14.8284 21.8284C14.0783 22.5786 13.0609 23 12 23C10.9391 23 9.92172 22.5786 9.17157 21.8284C8.42143 21.0783 8 20.0609 8 19C8 17.9391 8.42143 16.9217 9.17157 16.1716C9.92172 15.4214 10.9391 15 12 15ZM12 17C11.4696 17 10.9609 17.2107 10.5858 17.5858C10.2107 17.9609 10 18.4696 10 19C10 19.5304 10.2107 20.0391 10.5858 20.4142C10.9609 20.7893 11.4696 21 12 21C12.5304 21 13.0391 20.7893 13.4142 20.4142C13.7893 20.0391 14 19.5304 14 19C14 18.4696 13.7893 17.9609 13.4142 17.5858C13.0391 17.2107 12.5304 17 12 17ZM19 8C20.0609 8 21.0783 8.42143 21.8284 9.17157C22.5786 9.92172 23 10.9391 23 12C23 13.0609 22.5786 14.0783 21.8284 14.8284C21.0783 15.5786 20.0609 16 19 16C17.9391 16 16.9217 15.5786 16.1716 14.8284C15.4214 14.0783 15 13.0609 15 12C15 10.9391 15.4214 9.92172 16.1716 9.17157C16.9217 8.42143 17.9391 8 19 8ZM19 10C18.4696 10 17.9609 10.2107 17.5858 10.5858C17.2107 10.9609 17 11.4696 17 12C17 12.5304 17.2107 13.0391 17.5858 13.4142C17.9609 13.7893 18.4696 14 19 14C19.5304 14 20.0391 13.7893 20.4142 13.4142C20.7893 13.0391 21 12.5304 21 12C21 11.4696 20.7893 10.9609 20.4142 10.5858C20.0391 10.2107 19.5304 10 19 10Z\"><\/path><\/svg>\t\t\t<\/span>\n\t\t\t\t\t\t\t\t\t<span class=\"elementor-button-text\">Full-spektrum inbyggda l\u00f6sningar<\/span>\n\t\t\t\t\t<\/span>\n\t\t\t\t\t<\/a>\n\t\t\t\t\t\t\t\t<\/div>\n\t\t\t\t<div class=\"elementor-element elementor-element-de2b94d elementor-widget elementor-widget-heading\" data-id=\"de2b94d\" data-element_type=\"widget\" data-e-type=\"widget\" data-widget_type=\"heading.default\">\n\t\t\t\t\t<h1 class=\"elementor-heading-title elementor-size-default\">Inbyggda l\u00f6sningar<\/h1>\t\t\t\t<\/div>\n\t\t\t\t<div class=\"elementor-element elementor-element-2dcc61a elementor-widget-divider--view-line elementor-widget elementor-widget-divider\" data-id=\"2dcc61a\" data-element_type=\"widget\" data-e-type=\"widget\" data-widget_type=\"divider.default\">\n\t\t\t\t\t\t\t<div class=\"elementor-divider\">\n\t\t\t<span class=\"elementor-divider-separator\">\n\t\t\t\t\t\t<\/span>\n\t\t<\/div>\n\t\t\t\t\t\t<\/div>\n\t\t\t\t<div class=\"elementor-element elementor-element-ab3e135 elementor-widget elementor-widget-text-editor\" data-id=\"ab3e135\" data-element_type=\"widget\" data-e-type=\"widget\" data-widget_type=\"text-editor.default\">\n\t\t\t\t\t\t\t\t\t<p><a href=\"https:\/\/hectronic.se\/sv\/foretag\/\" rel=\"noopener\" data-fpl-component=\"primitive\">Hectronics<\/a>\u00a0ingenj\u00f6rer utvecklar, levererar och underh\u00e5ller er inbyggda datorplattform. Vi erbjuder tj\u00e4nster och inbyggda l\u00f6sningar inom f\u00f6ljande omr\u00e5den f\u00f6r att ni ska kunna fokusera p\u00e5 er k\u00e4rnverksamhet. Ni hittar v\u00e5ra inbyggda l\u00f6sningar inom olika\u00a0<a href=\"https:\/\/hectronic.se\/sv\/industrier\/\" rel=\"noopener\" data-fpl-component=\"primitive\">industriella sammanhang<\/a> \u00f6ver hela v\u00e4rlden - inklusive <a href=\"https:\/\/hectronic.se\/sv\/industrier\/forsvar\/\" rel=\"noopener\" data-fpl-component=\"primitive\">F\u00f6rsvar<\/a>,\u00a0<a href=\"https:\/\/hectronic.se\/sv\/industrier\/vehicle\/\" rel=\"noopener\" data-fpl-component=\"primitive\">Fordon<\/a>,\u00a0<a href=\"https:\/\/hectronic.se\/sv\/industrier\/sjofart-offshore\/\" rel=\"noopener\" data-fpl-component=\"primitive\">Sj\u00f6fart<\/a>,\u00a0<a href=\"https:\/\/hectronic.se\/sv\/industrier\/medicinsk-teknik\/\" rel=\"noopener\" data-fpl-component=\"primitive\">Medicin<\/a>,\u00a0<a href=\"https:\/\/hectronic.se\/sv\/industrier\/industrial-automation\/\" rel=\"noopener\" data-fpl-component=\"primitive\">Automatisering<\/a>\u00a0och\u00a0<a href=\"https:\/\/hectronic.se\/sv\/industrier\/kommunikation\/\" rel=\"noopener\" data-fpl-component=\"primitive\">Telekom.<\/a><\/p><p>Mjukvara, h\u00e5rdvara, certifieringar och mekanisk design \u2013 Hectronic levererar ett brett utbud av inbyggda l\u00f6sningar. BIOS, Intel Atom Bootloader, ARM och TI Sitara \u00e4r bland v\u00e5ra toppmoderna inbyggda l\u00f6sningar.<\/p><p>L\u00e4s mer om v\u00e5ra inbyggda l\u00f6sningar nedan.<\/p>\t\t\t\t\t\t\t\t<\/div>\n\t\t<div class=\"elementor-element elementor-element-2f213db e-con-full e-flex e-con e-child\" data-id=\"2f213db\" data-element_type=\"container\" data-e-type=\"container\">\n\t\t\t\t<div class=\"elementor-element elementor-element-b85e597 elementor-widget elementor-widget-button\" data-id=\"b85e597\" data-element_type=\"widget\" data-e-type=\"widget\" data-widget_type=\"button.default\">\n\t\t\t\t\t\t\t\t\t\t<a class=\"elementor-button elementor-button-link elementor-size-sm\" href=\"https:\/\/hectronic.se\/sv\/contact\/\">\n\t\t\t\t\t\t<span class=\"elementor-button-content-wrapper\">\n\t\t\t\t\t\t\t\t\t<span class=\"elementor-button-text\">Kontakta oss<\/span>\n\t\t\t\t\t<\/span>\n\t\t\t\t\t<\/a>\n\t\t\t\t\t\t\t\t<\/div>\n\t\t\t\t<\/div>\n\t\t\t\t<\/div>\n\t\t<div class=\"elementor-element elementor-element-41ae60d e-con-full e-flex e-con e-child\" data-id=\"41ae60d\" data-element_type=\"container\" data-e-type=\"container\">\n\t\t\t\t<\/div>\n\t\t\t\t\t<\/div>\n\t\t\t\t<\/div>\n\t\t<div class=\"elementor-element elementor-element-0c656aa e-flex e-con-boxed e-con e-parent\" data-id=\"0c656aa\" data-element_type=\"container\" data-e-type=\"container\">\n\t\t\t\t\t<div class=\"e-con-inner\">\n\t\t\t\t<div class=\"elementor-element elementor-element-f0f0e0a elementor-align-center elementor-mobile-align-left elementor-widget elementor-widget-button\" data-id=\"f0f0e0a\" data-element_type=\"widget\" data-e-type=\"widget\" data-widget_type=\"button.default\">\n\t\t\t\t\t\t\t\t\t\t<a class=\"elementor-button elementor-size-sm\" role=\"button\">\n\t\t\t\t\t\t<span class=\"elementor-button-content-wrapper\">\n\t\t\t\t\t\t<span class=\"elementor-button-icon\">\n\t\t\t\t<svg xmlns=\"http:\/\/www.w3.org\/2000\/svg\" xmlns:xlink=\"http:\/\/www.w3.org\/1999\/xlink\" x=\"0px\" y=\"0px\" viewbox=\"0 0 24 24\" xml:space=\"preserve\"><g>\t<path d=\"M23.3,9.4C21.7,6.9,18.2,2.7,12,2.7c-6.2,0-9.7,4.2-11.3,6.8C0.2,10.2,0,11.1,0,12c0,0.9,0.3,1.8,0.7,2.6  c1.6,2.5,5.1,6.8,11.3,6.8c6.2,0,9.7-4.2,11.3-6.8c0.5-0.8,0.7-1.7,0.7-2.6C24,11.1,23.8,10.2,23.3,9.4z M21.6,13.5  c-1.3,2.2-4.3,5.8-9.6,5.8c-5.2,0-8.2-3.6-9.6-5.8C2.1,13.1,2,12.5,2,12s0.2-1.1,0.4-1.5C3.8,8.3,6.8,4.7,12,4.7  c5.2,0,8.2,3.6,9.6,5.8c0.3,0.5,0.4,1,0.4,1.5S21.9,13.1,21.6,13.5z\"><\/path>\t<path d=\"M12,7c-1,0-2,0.3-2.8,0.8c-0.8,0.5-1.5,1.3-1.8,2.2C7,11,6.9,12,7.1,13c0.2,1,0.7,1.9,1.4,2.6  c0.7,0.7,1.6,1.2,2.6,1.4c1,0.2,2,0.1,2.9-0.3c0.9-0.4,1.7-1,2.2-1.8C16.7,14,17,13,17,12c0-1.3-0.5-2.6-1.5-3.5  C14.6,7.5,13.3,7,12,7z M12,15c-0.6,0-1.2-0.2-1.7-0.5c-0.5-0.3-0.9-0.8-1.1-1.3C9,12.6,8.9,12,9.1,11.4c0.1-0.6,0.4-1.1,0.8-1.5  c0.4-0.4,1-0.7,1.5-0.8C12,8.9,12.6,9,13.1,9.2c0.5,0.2,1,0.6,1.3,1.1c0.3,0.5,0.5,1.1,0.5,1.7c0,0.8-0.3,1.6-0.9,2.1  C13.6,14.7,12.8,15,12,15z\"><\/path><\/g><\/svg>\t\t\t<\/span>\n\t\t\t\t\t\t\t\t\t<span class=\"elementor-button-text\">Hitta din l\u00f6sning<\/span>\n\t\t\t\t\t<\/span>\n\t\t\t\t\t<\/a>\n\t\t\t\t\t\t\t\t<\/div>\n\t\t\t\t<div class=\"elementor-element elementor-element-f087221 elementor-widget elementor-widget-heading\" data-id=\"f087221\" data-element_type=\"widget\" data-e-type=\"widget\" data-widget_type=\"heading.default\">\n\t\t\t\t\t<h2 class=\"elementor-heading-title elementor-size-default\">V\u00e4lj kategori<\/h2>\t\t\t\t<\/div>\n\t\t\t\t<div class=\"elementor-element elementor-element-9d520b3 elementor-widget-divider--view-line elementor-widget elementor-widget-divider\" data-id=\"9d520b3\" data-element_type=\"widget\" data-e-type=\"widget\" data-widget_type=\"divider.default\">\n\t\t\t\t\t\t\t<div class=\"elementor-divider\">\n\t\t\t<span class=\"elementor-divider-separator\">\n\t\t\t\t\t\t<\/span>\n\t\t<\/div>\n\t\t\t\t\t\t<\/div>\n\t\t\t\t\t<\/div>\n\t\t\t\t<\/div>\n\t\t<div class=\"elementor-element elementor-element-ec8b170 e-con-full e-flex e-con e-parent\" data-id=\"ec8b170\" data-element_type=\"container\" data-e-type=\"container\">\n\t\t<div class=\"elementor-element elementor-element-2998219 e-con-full e-flex e-con e-child\" data-id=\"2998219\" data-element_type=\"container\" data-e-type=\"container\">\n\t\t\t\t<div class=\"elementor-element elementor-element-1946abb elementor-cta--skin-cover elementor-widget__width-inherit elementor-widget-tablet__width-inherit elementor-animated-content elementor-bg-transform elementor-bg-transform-zoom-in elementor-widget elementor-widget-call-to-action\" data-id=\"1946abb\" data-element_type=\"widget\" data-e-type=\"widget\" data-widget_type=\"call-to-action.default\">\n\t\t\t\t\t\t\t<a class=\"elementor-cta\" href=\"https:\/\/hectronic.se\/sv\/losningar\/utveckling\/\">\n\t\t\t\t\t<div class=\"elementor-cta__bg-wrapper\">\n\t\t\t\t<div class=\"elementor-cta__bg elementor-bg\" style=\"background-image: url(https:\/\/hectronic.se\/wp-content\/uploads\/2025\/10\/hectronic-module-with-a-bga-processor-solutions.jpg);\" role=\"img\" aria-label=\"Minimal komposition av ett kretskort: i det nedre h\u00f6gra h\u00f6rnet syns en modul med en BGA-processor, SMD-resistorer och kondensatorer samt en guldkantad kontakt. Fotograferad mot en m\u00f6rkr\u00f6d studiobakgrund med mjuk vinjettering.\"><\/div>\n\t\t\t\t<div class=\"elementor-cta__bg-overlay\"><\/div>\n\t\t\t<\/div>\n\t\t\t\t\t\t\t<div class=\"elementor-cta__content\">\n\t\t\t\t\n\t\t\t\t\t\t\t\t\t<h3 class=\"elementor-cta__title elementor-cta__content-item elementor-content-item elementor-animated-item--grow\">\n\t\t\t\t\t\tUtveckling\t\t\t\t\t<\/h3>\n\t\t\t\t\n\t\t\t\t\t\t\t\t\t<div class=\"elementor-cta__description elementor-cta__content-item elementor-content-item elementor-animated-item--grow\">\n\t\t\t\t\t\tL\u00e4s mer\t\t\t\t\t<\/div>\n\t\t\t\t\n\t\t\t\t\t\t\t<\/div>\n\t\t\t\t\t\t<\/a>\n\t\t\t\t\t\t<\/div>\n\t\t\t\t<\/div>\n\t\t<div class=\"elementor-element elementor-element-44260ae e-con-full e-flex e-con e-child\" data-id=\"44260ae\" data-element_type=\"container\" data-e-type=\"container\">\n\t\t\t\t<div class=\"elementor-element elementor-element-88e095a elementor-cta--skin-cover elementor-widget__width-inherit elementor-widget-tablet__width-inherit elementor-animated-content elementor-bg-transform elementor-bg-transform-zoom-in elementor-widget elementor-widget-call-to-action\" data-id=\"88e095a\" data-element_type=\"widget\" data-e-type=\"widget\" data-widget_type=\"call-to-action.default\">\n\t\t\t\t\t\t\t<a class=\"elementor-cta\" href=\"https:\/\/hectronic.se\/sv\/losningar\/industrialisering\/\">\n\t\t\t\t\t<div class=\"elementor-cta__bg-wrapper\">\n\t\t\t\t<div class=\"elementor-cta__bg elementor-bg\" style=\"background-image: url(https:\/\/hectronic.se\/wp-content\/uploads\/2025\/10\/hectronic-solutios-overview-solutions.jpg);\" role=\"img\" aria-label=\"N\u00e4rbild p\u00e5 en tekniker i rutig skjorta som skjuter in ett lagringschassi med flera hot-swap-fack i ett serverrack; skenor, h\u00e5rddiskkaddar och en n\u00e4td\u00f6rr syns, vilket tyder p\u00e5 en datacentermilj\u00f6.\"><\/div>\n\t\t\t\t<div class=\"elementor-cta__bg-overlay\"><\/div>\n\t\t\t<\/div>\n\t\t\t\t\t\t\t<div class=\"elementor-cta__content\">\n\t\t\t\t\n\t\t\t\t\t\t\t\t\t<h3 class=\"elementor-cta__title elementor-cta__content-item elementor-content-item elementor-animated-item--grow\">\n\t\t\t\t\t\tIndustrialisering\t\t\t\t\t<\/h3>\n\t\t\t\t\n\t\t\t\t\t\t\t\t\t<div class=\"elementor-cta__description elementor-cta__content-item elementor-content-item elementor-animated-item--grow\">\n\t\t\t\t\t\tL\u00e4s mer\t\t\t\t\t<\/div>\n\t\t\t\t\n\t\t\t\t\t\t\t<\/div>\n\t\t\t\t\t\t<\/a>\n\t\t\t\t\t\t<\/div>\n\t\t\t\t<\/div>\n\t\t\t\t<\/div>\n\t\t<div class=\"elementor-element elementor-element-5dcf3bf e-con-full e-flex e-con e-parent\" data-id=\"5dcf3bf\" data-element_type=\"container\" data-e-type=\"container\">\n\t\t<div class=\"elementor-element elementor-element-5906399 e-con-full e-flex e-con e-child\" data-id=\"5906399\" data-element_type=\"container\" data-e-type=\"container\">\n\t\t\t\t<div class=\"elementor-element elementor-element-7b9ef8f elementor-cta--skin-cover elementor-widget__width-inherit elementor-widget-tablet__width-inherit elementor-animated-content elementor-bg-transform elementor-bg-transform-zoom-in elementor-widget elementor-widget-call-to-action\" data-id=\"7b9ef8f\" data-element_type=\"widget\" data-e-type=\"widget\" data-widget_type=\"call-to-action.default\">\n\t\t\t\t\t\t\t<a class=\"elementor-cta\" href=\"https:\/\/hectronic.se\/sv\/losningar\/guide-till-inbyggda-datorer\/\">\n\t\t\t\t\t<div class=\"elementor-cta__bg-wrapper\">\n\t\t\t\t<div class=\"elementor-cta__bg elementor-bg\" style=\"background-image: url(https:\/\/hectronic.se\/wp-content\/uploads\/2025\/10\/hectronic-low-blue-lighting-solutions.jpg);\" role=\"img\" aria-label=\"Utrustningsst\u00e4ll med gula patchkablar inkopplade i frontportar under svag bl\u00e5 belysning.\"><\/div>\n\t\t\t\t<div class=\"elementor-cta__bg-overlay\"><\/div>\n\t\t\t<\/div>\n\t\t\t\t\t\t\t<div class=\"elementor-cta__content\">\n\t\t\t\t\n\t\t\t\t\t\t\t\t\t<h3 class=\"elementor-cta__title elementor-cta__content-item elementor-content-item elementor-animated-item--grow\">\n\t\t\t\t\t\tGuide till inbyggda datorer\t\t\t\t\t<\/h3>\n\t\t\t\t\n\t\t\t\t\t\t\t\t\t<div class=\"elementor-cta__description elementor-cta__content-item elementor-content-item elementor-animated-item--grow\">\n\t\t\t\t\t\tL\u00e4s mer\t\t\t\t\t<\/div>\n\t\t\t\t\n\t\t\t\t\t\t\t<\/div>\n\t\t\t\t\t\t<\/a>\n\t\t\t\t\t\t<\/div>\n\t\t\t\t<\/div>\n\t\t<div class=\"elementor-element elementor-element-31c9402 e-con-full e-flex e-con e-child\" data-id=\"31c9402\" data-element_type=\"container\" data-e-type=\"container\">\n\t\t\t\t<div class=\"elementor-element elementor-element-3d24a2e elementor-cta--skin-cover elementor-widget__width-inherit elementor-widget-tablet__width-inherit elementor-animated-content elementor-bg-transform elementor-bg-transform-zoom-in elementor-widget elementor-widget-call-to-action\" data-id=\"3d24a2e\" data-element_type=\"widget\" data-e-type=\"widget\" data-widget_type=\"call-to-action.default\">\n\t\t\t\t\t\t\t<a class=\"elementor-cta\" href=\"https:\/\/hectronic.se\/sv\/losningar\/utveckling\/teknologier\/\">\n\t\t\t\t\t<div class=\"elementor-cta__bg-wrapper\">\n\t\t\t\t<div class=\"elementor-cta__bg elementor-bg\" style=\"background-image: url(https:\/\/hectronic.se\/wp-content\/uploads\/2025\/10\/hectronic-keyboard-solutions.jpg);\" role=\"img\" aria-label=\"\u00d6versikt av l\u00f6sningar f\u00f6r dator tangentbord\"><\/div>\n\t\t\t\t<div class=\"elementor-cta__bg-overlay\"><\/div>\n\t\t\t<\/div>\n\t\t\t\t\t\t\t<div class=\"elementor-cta__content\">\n\t\t\t\t\n\t\t\t\t\t\t\t\t\t<h3 class=\"elementor-cta__title elementor-cta__content-item elementor-content-item elementor-animated-item--grow\">\n\t\t\t\t\t\tArtiklar\t\t\t\t\t<\/h3>\n\t\t\t\t\n\t\t\t\t\t\t\t\t\t<div class=\"elementor-cta__description elementor-cta__content-item elementor-content-item elementor-animated-item--grow\">\n\t\t\t\t\t\tL\u00e4s mer\t\t\t\t\t<\/div>\n\t\t\t\t\n\t\t\t\t\t\t\t<\/div>\n\t\t\t\t\t\t<\/a>\n\t\t\t\t\t\t<\/div>\n\t\t\t\t<\/div>\n\t\t\t\t<\/div>\n\t\t\t\t<\/div>","protected":false},"excerpt":{"rendered":"<p>Full-Spectrum embedded solutions Embedded solutions Hectronics\u00a0engineers develops, delivers and maintains your embedded computer platform. We offer services and embedded solutions in the following areas to allow you to focus on your core competence. You find our embedded solutions in various\u00a0industrial contexts worldwide \u2013 including Defense,\u00a0Vehicle,\u00a0Maritime,\u00a0Medical,\u00a0Automation\u00a0and\u00a0Telecom. Software, hardware, certifications and mechanical design \u2013 Hectronic deliver a [&hellip;]<\/p>\n","protected":false},"author":2,"featured_media":0,"parent":0,"menu_order":0,"comment_status":"closed","ping_status":"closed","template":"","meta":{"footnotes":""},"class_list":["post-33","page","type-page","status-publish","hentry"],"yoast_head":"<!-- This site is optimized with the Yoast SEO plugin v27.3 - https:\/\/yoast.com\/product\/yoast-seo-wordpress\/ -->\n<title>Embedded solutions - From concept to compliance | Embedded Computer Systems - Nordic designer and manufacturer | Hectronic<\/title>\n<meta name=\"description\" content=\"Software, hardware, certifications and mechanical design \u2013 Hectronic develops, delivers and maintains your embedded solutions. Contact us!\" \/>\n<meta name=\"robots\" content=\"noindex, follow, max-snippet:-1, max-image-preview:large, max-video-preview:-1\" \/>\n<meta property=\"og:locale\" content=\"sv_SE\" \/>\n<meta property=\"og:type\" content=\"article\" \/>\n<meta property=\"og:title\" content=\"Embedded solutions - From concept to compliance | Embedded Computer Systems - Nordic designer and manufacturer | Hectronic\" \/>\n<meta property=\"og:description\" content=\"Software, hardware, certifications and mechanical design \u2013 Hectronic develops, delivers and maintains your embedded solutions. Contact us!\" \/>\n<meta property=\"og:url\" content=\"https:\/\/hectronic.se\/sv\/losningar\/\" \/>\n<meta property=\"og:site_name\" content=\"Embedded Computer Systems - Nordic designer and manufacturer | Hectronic\" \/>\n<meta property=\"article:publisher\" content=\"https:\/\/www.facebook.com\/Hectronic.1\/\" \/>\n<meta property=\"article:modified_time\" content=\"2026-03-13T15:28:16+00:00\" \/>\n<meta name=\"twitter:card\" content=\"summary_large_image\" \/>\n<meta name=\"twitter:site\" content=\"@HectronicNews\" \/>\n<meta name=\"twitter:label1\" content=\"Ber\u00e4knad l\u00e4stid\" \/>\n\t<meta name=\"twitter:data1\" content=\"1 minut\" \/>\n<!-- \/ Yoast SEO plugin. -->","yoast_head_json":{"title":"Inbyggda l\u00f6sningar \u2013 Fr\u00e5n id\u00e9 till godk\u00e4nnande | Inbyggda datorsystem \u2013 Nordisk designer och tillverkare | Hectronic","description":"Mjukvara, h\u00e5rdvara, certifieringar och mekanisk design \u2013 Hectronic utvecklar, levererar och underh\u00e5ller dina inbyggda l\u00f6sningar. Kontakta oss!","robots":{"index":"noindex","follow":"follow","max-snippet":"max-snippet:-1","max-image-preview":"max-image-preview:large","max-video-preview":"max-video-preview:-1"},"og_locale":"sv_SE","og_type":"article","og_title":"Embedded solutions - From concept to compliance | Embedded Computer Systems - Nordic designer and manufacturer | Hectronic","og_description":"Software, hardware, certifications and mechanical design \u2013 Hectronic develops, delivers and maintains your embedded solutions. Contact us!","og_url":"https:\/\/hectronic.se\/sv\/losningar\/","og_site_name":"Embedded Computer Systems - Nordic designer and manufacturer | Hectronic","article_publisher":"https:\/\/www.facebook.com\/Hectronic.1\/","article_modified_time":"2026-03-13T15:28:16+00:00","twitter_card":"summary_large_image","twitter_site":"@HectronicNews","twitter_misc":{"Ber\u00e4knad l\u00e4stid":"1 minut"},"schema":{"@context":"https:\/\/schema.org","@graph":[{"@type":"WebPage","@id":"https:\/\/hectronic.se\/solutions\/","url":"https:\/\/hectronic.se\/solutions\/","name":"Inbyggda l\u00f6sningar \u2013 Fr\u00e5n id\u00e9 till godk\u00e4nnande | Inbyggda datorsystem \u2013 Nordisk designer och tillverkare | Hectronic","isPartOf":{"@id":"https:\/\/hectronic.se\/#website"},"datePublished":"2025-09-29T20:41:25+00:00","dateModified":"2026-03-13T15:28:16+00:00","description":"Mjukvara, h\u00e5rdvara, certifieringar och mekanisk design \u2013 Hectronic utvecklar, levererar och underh\u00e5ller dina inbyggda l\u00f6sningar. Kontakta oss!","breadcrumb":{"@id":"https:\/\/hectronic.se\/solutions\/#breadcrumb"},"inLanguage":"sv-SE","potentialAction":[{"@type":"ReadAction","target":["https:\/\/hectronic.se\/solutions\/"]}]},{"@type":"BreadcrumbList","@id":"https:\/\/hectronic.se\/solutions\/#breadcrumb","itemListElement":[{"@type":"ListItem","position":1,"name":"Home","item":"https:\/\/hectronic.se\/"},{"@type":"ListItem","position":2,"name":"Solutions"}]},{"@type":"WebSite","@id":"https:\/\/hectronic.se\/#website","url":"https:\/\/hectronic.se\/","name":"Inbyggda datorsystem - nordisk designer och tillverkare | Hectronic","description":"","publisher":{"@id":"https:\/\/hectronic.se\/#organization"},"potentialAction":[{"@type":"SearchAction","target":{"@type":"EntryPoint","urlTemplate":"https:\/\/hectronic.se\/?s={search_term_string}"},"query-input":{"@type":"PropertyValueSpecification","valueRequired":true,"valueName":"search_term_string"}}],"inLanguage":"sv-SE"},{"@type":"Organization","@id":"https:\/\/hectronic.se\/#organization","name":"Inbyggda datorsystem - nordisk designer och tillverkare | Hectronic","url":"https:\/\/hectronic.se\/","logo":{"@type":"ImageObject","inLanguage":"sv-SE","@id":"https:\/\/hectronic.se\/#\/schema\/logo\/image\/","url":"https:\/\/hectronic.se\/wp-content\/uploads\/2026\/03\/hectronic-logo-1.svg","contentUrl":"https:\/\/hectronic.se\/wp-content\/uploads\/2026\/03\/hectronic-logo-1.svg","width":207,"height":38,"caption":"Embedded Computer Systems - Nordic designer and manufacturer | Hectronic"},"image":{"@id":"https:\/\/hectronic.se\/#\/schema\/logo\/image\/"},"sameAs":["https:\/\/www.facebook.com\/Hectronic.1\/","https:\/\/x.com\/HectronicNews"]}]}},"_links":{"self":[{"href":"https:\/\/hectronic.se\/sv\/wp-json\/wp\/v2\/pages\/33","targetHints":{"allow":["GET"]}}],"collection":[{"href":"https:\/\/hectronic.se\/sv\/wp-json\/wp\/v2\/pages"}],"about":[{"href":"https:\/\/hectronic.se\/sv\/wp-json\/wp\/v2\/types\/page"}],"author":[{"embeddable":true,"href":"https:\/\/hectronic.se\/sv\/wp-json\/wp\/v2\/users\/2"}],"replies":[{"embeddable":true,"href":"https:\/\/hectronic.se\/sv\/wp-json\/wp\/v2\/comments?post=33"}],"version-history":[{"count":119,"href":"https:\/\/hectronic.se\/sv\/wp-json\/wp\/v2\/pages\/33\/revisions"}],"predecessor-version":[{"id":5252,"href":"https:\/\/hectronic.se\/sv\/wp-json\/wp\/v2\/pages\/33\/revisions\/5252"}],"wp:attachment":[{"href":"https:\/\/hectronic.se\/sv\/wp-json\/wp\/v2\/media?parent=33"}],"curies":[{"name":"wp","href":"https:\/\/api.w.org\/{rel}","templated":true}]}}