{"id":2849,"date":"2026-02-05T15:06:48","date_gmt":"2026-02-05T15:06:48","guid":{"rendered":"https:\/\/hectronic.se\/?page_id=2849"},"modified":"2026-02-05T15:12:01","modified_gmt":"2026-02-05T15:12:01","slug":"mer-produktion-i-taiwan","status":"publish","type":"page","link":"https:\/\/hectronic.se\/sv\/solutions\/industrialisation\/more-production-in-taiwan\/","title":{"rendered":"Mer produktion i Taiwan"},"content":{"rendered":"<div data-elementor-type=\"wp-page\" data-elementor-id=\"2849\" class=\"elementor elementor-2849\" data-elementor-post-type=\"page\">\n\t\t\t\t<div class=\"elementor-element elementor-element-07844da e-flex e-con-boxed e-con e-parent\" data-id=\"07844da\" data-element_type=\"container\" data-e-type=\"container\" data-settings=\"{&quot;background_background&quot;:&quot;classic&quot;}\">\n\t\t\t\t\t<div class=\"e-con-inner\">\n\t\t<div class=\"elementor-element elementor-element-527a092 e-con-full e-flex e-con e-child\" data-id=\"527a092\" data-element_type=\"container\" data-e-type=\"container\">\n\t\t\t\t<div class=\"elementor-element elementor-element-c9f1f50 elementor-mobile-align-left elementor-widget elementor-widget-button\" data-id=\"c9f1f50\" data-element_type=\"widget\" data-e-type=\"widget\" data-widget_type=\"button.default\">\n\t\t\t\t\t\t\t\t\t\t<a class=\"elementor-button elementor-size-sm\" role=\"button\">\n\t\t\t\t\t\t<span class=\"elementor-button-content-wrapper\">\n\t\t\t\t\t\t<span class=\"elementor-button-icon\">\n\t\t\t\t<svg xmlns=\"http:\/\/www.w3.org\/2000\/svg\" width=\"24\" height=\"24\" viewbox=\"0 0 24 24\"><path d=\"M19.8001 4.41922C18.6278 2.83062 17.046 1.59028 15.2236 0.830647C13.4012 0.0710174 11.4067 -0.179372 9.45314 0.106217C7.55299 0.376367 5.75659 1.13898 4.24239 2.31829C2.7282 3.4976 1.54891 5.05257 0.821689 6.82872C0.0944667 8.60487 -0.155383 10.5404 0.0969613 12.443C0.349305 14.3456 1.09506 16.149 2.26014 17.6742C2.75621 18.3579 3.01599 19.1847 3.00014 20.0292V21.0002C3.00014 21.7959 3.31621 22.5589 3.87882 23.1215C4.44143 23.6841 5.20449 24.0002 6.00014 24.0002H13.0001C13.7958 24.0002 14.5589 23.6841 15.1215 23.1215C15.6841 22.5589 16.0001 21.7959 16.0001 21.0002H16.4941C17.706 20.9973 18.8757 20.5556 19.787 19.7568C20.6983 18.958 21.2895 17.8562 21.4511 16.6552L21.6701 15.0002H22.0001C22.2643 15.0058 22.5269 14.9579 22.7721 14.8594C23.0173 14.7608 23.24 14.6137 23.4268 14.4269C23.6136 14.24 23.7608 14.0173 23.8593 13.7721C23.9578 13.527 24.0057 13.2644 24.0001 13.0002C24.0001 11.5802 21.0681 5.98522 19.8001 4.41922ZM20.7931 13.0002C20.5507 13.0003 20.3165 13.0885 20.1342 13.2483C19.9519 13.4082 19.8339 13.6288 19.8021 13.8692L19.4681 16.3942C19.371 17.1146 19.0162 17.7755 18.4695 18.2546C17.9228 18.7336 17.2211 18.9985 16.4941 19.0002H15.0001C14.7349 19.0002 14.4806 19.1056 14.293 19.2931C14.1055 19.4806 14.0001 19.735 14.0001 20.0002V21.0002C14.0001 21.2654 13.8948 21.5198 13.7072 21.7073C13.5197 21.8949 13.2654 22.0002 13.0001 22.0002H6.00014C5.73492 22.0002 5.48057 21.8949 5.29303 21.7073C5.1055 21.5198 5.00014 21.2654 5.00014 21.0002V20.0292C5.01525 18.7454 4.61115 17.4916 3.84914 16.4582C2.897 15.211 2.28749 13.7365 2.08107 12.181C1.87466 10.6255 2.07851 9.04307 2.6724 7.59067C3.2663 6.13828 4.2296 4.86639 5.46675 3.90118C6.7039 2.93597 8.17191 2.31099 9.72514 2.08822C10.1493 2.02934 10.577 1.99994 11.0051 2.00022C12.4103 1.99832 13.7961 2.32764 15.0502 2.96146C16.3043 3.59527 17.3913 4.51574 18.2231 5.64822C19.8025 7.92061 21.0726 10.3929 22.0001 13.0002H20.7931ZM16.2001 8.01122C16.1347 7.89724 16.0475 7.79728 15.9434 7.71704C15.8393 7.63681 15.7205 7.57787 15.5936 7.5436C15.4668 7.50933 15.3344 7.5004 15.2041 7.51732C15.0737 7.53424 14.948 7.57668 14.8341 7.64222L13.8521 8.20622C13.3428 7.69 12.7026 7.32218 12.0001 7.14222V6.00022C12.0001 5.735 11.8948 5.48065 11.7072 5.29311C11.5197 5.10557 11.2654 5.00022 11.0001 5.00022C10.7349 5.00022 10.4806 5.10557 10.293 5.29311C10.1055 5.48065 10.0001 5.735 10.0001 6.00022V7.14222C9.29659 7.32168 8.65527 7.68953 8.14514 8.20622L7.16314 7.64222C7.04929 7.57656 6.92361 7.53396 6.79329 7.51687C6.66298 7.49978 6.53057 7.50852 6.40363 7.5426C6.2767 7.57668 6.15771 7.63543 6.05348 7.71549C5.94925 7.79555 5.8618 7.89536 5.79614 8.00922C5.73048 8.12307 5.68789 8.24875 5.6708 8.37906C5.6537 8.50938 5.66245 8.64179 5.69653 8.76873C5.73061 8.89566 5.78935 9.01465 5.86941 9.11888C5.94948 9.22311 6.04929 9.31056 6.16314 9.37622L7.15614 9.94722C7.05672 10.2895 7.00424 10.6438 7.00014 11.0002C7.00522 11.3568 7.05871 11.711 7.15914 12.0532L6.16614 12.6242C5.9362 12.7568 5.76835 12.9753 5.69953 13.2317C5.6307 13.4881 5.66653 13.7613 5.79914 13.9912C5.93175 14.2212 6.15027 14.389 6.40663 14.4578C6.663 14.5267 6.9362 14.4908 7.16614 14.3582L8.14814 13.7942C8.65744 14.3104 9.29766 14.6783 10.0001 14.8582V16.0002C10.0001 16.2654 10.1055 16.5198 10.293 16.7073C10.4806 16.8949 10.7349 17.0002 11.0001 17.0002C11.2654 17.0002 11.5197 16.8949 11.7072 16.7073C11.8948 16.5198 12.0001 16.2654 12.0001 16.0002V14.8582C12.7037 14.6788 13.345 14.3109 13.8551 13.7942L14.8371 14.3582C14.951 14.4239 15.0767 14.4665 15.207 14.4836C15.3373 14.5007 15.4697 14.4919 15.5966 14.4578C15.7236 14.4238 15.8426 14.365 15.9468 14.2849C16.051 14.2049 16.1385 14.1051 16.2041 13.9912C16.2698 13.8774 16.3124 13.7517 16.3295 13.6214C16.3466 13.4911 16.3378 13.3586 16.3038 13.2317C16.2697 13.1048 16.2109 12.9858 16.1309 12.8816C16.0508 12.7773 15.951 12.6899 15.8371 12.6242L14.8441 12.0532C14.9436 11.7109 14.996 11.3567 15.0001 11.0002C14.9951 10.6436 14.9416 10.2894 14.8411 9.94722L15.8341 9.37622C16.0635 9.24361 16.2309 9.02537 16.2996 8.76944C16.3682 8.51351 16.3324 8.24081 16.2001 8.01122ZM11.0001 13.0002C10.6046 13.0002 10.2179 12.8829 9.889 12.6632C9.5601 12.4434 9.30376 12.131 9.15238 11.7656C9.00101 11.4001 8.9614 10.998 9.03857 10.61C9.11574 10.2221 9.30622 9.86571 9.58593 9.586C9.86563 9.3063 10.222 9.11582 10.61 9.03865C10.9979 8.96148 11.4001 9.00108 11.7655 9.15246C12.131 9.30383 12.4433 9.56018 12.6631 9.88908C12.8828 10.218 13.0001 10.6047 13.0001 11.0002C13.0001 11.5307 12.7894 12.0394 12.4144 12.4144C12.0393 12.7895 11.5306 13.0002 11.0001 13.0002Z\"><\/path><\/svg>\t\t\t<\/span>\n\t\t\t\t\t\t\t\t\t<span class=\"elementor-button-text\">Mekanisk utveckling<\/span>\n\t\t\t\t\t<\/span>\n\t\t\t\t\t<\/a>\n\t\t\t\t\t\t\t\t<\/div>\n\t\t\t\t<div class=\"elementor-element elementor-element-2e84077 elementor-widget elementor-widget-heading\" data-id=\"2e84077\" data-element_type=\"widget\" data-e-type=\"widget\" data-widget_type=\"heading.default\">\n\t\t\t\t\t<h1 class=\"elementor-heading-title elementor-size-default\">Mer produktion i Taiwan\n<\/h1>\t\t\t\t<\/div>\n\t\t\t\t<div class=\"elementor-element elementor-element-86f777b elementor-widget-divider--view-line elementor-widget elementor-widget-divider\" data-id=\"86f777b\" data-element_type=\"widget\" data-e-type=\"widget\" data-widget_type=\"divider.default\">\n\t\t\t\t\t\t\t<div class=\"elementor-divider\">\n\t\t\t<span class=\"elementor-divider-separator\">\n\t\t\t\t\t\t<\/span>\n\t\t<\/div>\n\t\t\t\t\t\t<\/div>\n\t\t\t\t<div class=\"elementor-element elementor-element-8d5ab79 elementor-widget elementor-widget-text-editor\" data-id=\"8d5ab79\" data-element_type=\"widget\" data-e-type=\"widget\" data-widget_type=\"text-editor.default\">\n\t\t\t\t\t\t\t\t\t<h5 class=\"hectronicRedH2\">Taiwan \u00e4r en v\u00e4rldsledande producent av datorkort och system. Stora komponentleverant\u00f6rer \u00e4r starkt representerade i regionen. Hectronics samarbete med taiwanesiska tillverkare str\u00e4cker sig l\u00e5ngt tillbaka.<\/h5>\t\t\t\t\t\t\t\t<\/div>\n\t\t\t\t<\/div>\n\t\t<div class=\"elementor-element elementor-element-8560e8f e-con-full e-flex e-con e-child\" data-id=\"8560e8f\" data-element_type=\"container\" data-e-type=\"container\">\n\t\t\t\t<\/div>\n\t\t\t\t\t<\/div>\n\t\t\t\t<\/div>\n\t\t<div class=\"elementor-element elementor-element-145b5b6 e-flex e-con-boxed e-con e-parent\" data-id=\"145b5b6\" data-element_type=\"container\" data-e-type=\"container\">\n\t\t\t\t\t<div class=\"e-con-inner\">\n\t\t\t\t<div class=\"elementor-element elementor-element-826effa elementor-widget elementor-widget-image\" data-id=\"826effa\" data-element_type=\"widget\" data-e-type=\"widget\" data-widget_type=\"image.default\">\n\t\t\t\t\t\t\t\t\t\t\t\t\t\t\t<img fetchpriority=\"high\" decoding=\"async\" width=\"333\" height=\"500\" src=\"https:\/\/hectronic.se\/wp-content\/uploads\/2026\/02\/kjell-dahlblom-cropped.jpg\" class=\"attachment-large size-large wp-image-2851\" alt=\"Kjell Dahlblom, anpassad utveckling Mekanisk utveckling Mer produktion i Taiwan\" srcset=\"https:\/\/hectronic.se\/wp-content\/uploads\/2026\/02\/kjell-dahlblom-cropped.jpg 333w, https:\/\/hectronic.se\/wp-content\/uploads\/2026\/02\/kjell-dahlblom-cropped-200x300.jpg 200w\" sizes=\"(max-width: 333px) 100vw, 333px\" \/>\t\t\t\t\t\t\t\t\t\t\t\t\t\t\t<\/div>\n\t\t\t\t<div class=\"elementor-element elementor-element-280538c elementor-widget elementor-widget-text-editor\" data-id=\"280538c\" data-element_type=\"widget\" data-e-type=\"widget\" data-widget_type=\"text-editor.default\">\n\t\t\t\t\t\t\t\t\t<p>D\u00e5 produktionsvolymerna nu \u00f6kar \u00e4r det logiskt att Hectronic st\u00e4rker dessa relationer f\u00f6r att i allt h\u00f6gre grad f\u00f6rlita sig p\u00e5 taiwanesisk produktion.<br \/>\u2013 De har kunskapen om v\u00e5ra processorplattformar och en omfattande erfarenhet av produktion. Det finns stora m\u00f6jligheter f\u00f6r v\u00e5ra kunder i att vi alltmer l\u00e4gger produktion till Taiwan, s\u00e4ger Kjell Dahlblom, Operations Manager p\u00e5 Hectronic.<br \/>De taiwanesiska tillverkarna har egen erfarenhet fr\u00e5n industrialisering och produktion av produkter baserade p\u00e5 till exempel Intel\u00ae Atom\u2122 och Intel\u00ae Core\u2122 i3\/i5\/i7. Den djupa kunskapen kompletterar Hectronics expertis inom projektledning, utveckling och anpassning f\u00f6r produktion till gagn f\u00f6r v\u00e5ra kunder.<\/p>\t\t\t\t\t\t\t\t<\/div>\n\t\t\t\t<div class=\"elementor-element elementor-element-8c21d69 elementor-widget elementor-widget-spacer\" data-id=\"8c21d69\" data-element_type=\"widget\" data-e-type=\"widget\" data-widget_type=\"spacer.default\">\n\t\t\t\t\t\t\t<div class=\"elementor-spacer\">\n\t\t\t<div class=\"elementor-spacer-inner\"><\/div>\n\t\t<\/div>\n\t\t\t\t\t\t<\/div>\n\t\t\t\t<div class=\"elementor-element elementor-element-ba46476 elementor-widget elementor-widget-heading\" data-id=\"ba46476\" data-element_type=\"widget\" data-e-type=\"widget\" data-widget_type=\"heading.default\">\n\t\t\t\t\t<h3 class=\"elementor-heading-title elementor-size-default\">S\u00e4kra leveranser<\/h3>\t\t\t\t<\/div>\n\t\t\t\t<div class=\"elementor-element elementor-element-e279a05 elementor-widget-divider--view-line elementor-widget elementor-widget-divider\" data-id=\"e279a05\" data-element_type=\"widget\" data-e-type=\"widget\" data-widget_type=\"divider.default\">\n\t\t\t\t\t\t\t<div class=\"elementor-divider\">\n\t\t\t<span class=\"elementor-divider-separator\">\n\t\t\t\t\t\t<\/span>\n\t\t<\/div>\n\t\t\t\t\t\t<\/div>\n\t\t\t\t<div class=\"elementor-element elementor-element-473451c elementor-widget elementor-widget-spacer\" data-id=\"473451c\" data-element_type=\"widget\" data-e-type=\"widget\" data-widget_type=\"spacer.default\">\n\t\t\t\t\t\t\t<div class=\"elementor-spacer\">\n\t\t\t<div class=\"elementor-spacer-inner\"><\/div>\n\t\t<\/div>\n\t\t\t\t\t\t<\/div>\n\t\t\t\t<div class=\"elementor-element elementor-element-a9df8a6 elementor-widget elementor-widget-text-editor\" data-id=\"a9df8a6\" data-element_type=\"widget\" data-e-type=\"widget\" data-widget_type=\"text-editor.default\">\n\t\t\t\t\t\t\t\t\t<p>Stora anstr\u00e4ngningar har lagts ner f\u00f6r att harmonisera procedurer och arbetsfl\u00f6den som involverar till exempel utveckling, f\u00f6redragna komponentleverant\u00f6rer, testsystem och RMA. Taiwanesisk produktionskvalitet i v\u00e4rldsklass levereras till v\u00e5ra kunder genom v\u00e5r djupa tekniska kontroll av designen och v\u00e5r lokala n\u00e4rvaro i norra Europa.<\/p><p>\u00a0<\/p><p>Taiwans stora tillverkningsindustri lockar de ledande komponentleverant\u00f6rerna. Tillg\u00e5ngen till komponenter och valfriheten \u00e4r en m\u00f6jlighet att etablera alternativa leverant\u00f6rer av komponenter som \u00e4r avg\u00f6rande f\u00f6r kundernas produkter. Det \u00e4r inte minst viktigt f\u00f6r att s\u00e4kra leveranser under tider av global brist p\u00e5 elektroniska komponenter.<\/p><p>\u00a0<\/p><p>De professionella inom taiwanesisk produktion \u00e4r mycket skickliga och har f\u00f6rst\u00e5else f\u00f6r utmaningarna i produktionen av den aktuella datortekniken.<\/p><p>\u00a0<\/p><p>\u2013 Kompetensen \u00e4r mycket specialiserad, speciellt inom produktion av datorplattformar som liknar de vi anv\u00e4nder i v\u00e5ra konstruktioner, s\u00e4ger Kjell Dahlblom.<\/p>\t\t\t\t\t\t\t\t<\/div>\n\t\t\t\t<div class=\"elementor-element elementor-element-c33eb4b elementor-widget elementor-widget-spacer\" data-id=\"c33eb4b\" data-element_type=\"widget\" data-e-type=\"widget\" data-widget_type=\"spacer.default\">\n\t\t\t\t\t\t\t<div class=\"elementor-spacer\">\n\t\t\t<div class=\"elementor-spacer-inner\"><\/div>\n\t\t<\/div>\n\t\t\t\t\t\t<\/div>\n\t\t\t\t<div class=\"elementor-element elementor-element-bf54b5c elementor-widget elementor-widget-heading\" data-id=\"bf54b5c\" data-element_type=\"widget\" data-e-type=\"widget\" data-widget_type=\"heading.default\">\n\t\t\t\t\t<h3 class=\"elementor-heading-title elementor-size-default\">S\u00e4kerst\u00e4lla kvalitet<\/h3>\t\t\t\t<\/div>\n\t\t\t\t<div class=\"elementor-element elementor-element-4786c36 elementor-widget-divider--view-line elementor-widget elementor-widget-divider\" data-id=\"4786c36\" data-element_type=\"widget\" data-e-type=\"widget\" data-widget_type=\"divider.default\">\n\t\t\t\t\t\t\t<div class=\"elementor-divider\">\n\t\t\t<span class=\"elementor-divider-separator\">\n\t\t\t\t\t\t<\/span>\n\t\t<\/div>\n\t\t\t\t\t\t<\/div>\n\t\t\t\t<div class=\"elementor-element elementor-element-c973679 elementor-widget elementor-widget-spacer\" data-id=\"c973679\" data-element_type=\"widget\" data-e-type=\"widget\" data-widget_type=\"spacer.default\">\n\t\t\t\t\t\t\t<div class=\"elementor-spacer\">\n\t\t\t<div class=\"elementor-spacer-inner\"><\/div>\n\t\t<\/div>\n\t\t\t\t\t\t<\/div>\n\t\t\t\t<div class=\"elementor-element elementor-element-5449c7a elementor-widget elementor-widget-text-editor\" data-id=\"5449c7a\" data-element_type=\"widget\" data-e-type=\"widget\" data-widget_type=\"text-editor.default\">\n\t\t\t\t\t\t\t\t\t<p>Hectronics erfarenheter fr\u00e5n produktion i Taiwan under \u00e5ren har varit utm\u00e4rkta, inte minst vad g\u00e4ller kvalitet och fullg\u00f6rande av \u00e5taganden enligt v\u00e5ra kunders leveransplaner. En revision mot kraven i direktivet f\u00f6r medicintekniska produkter genomf\u00f6rdes nyligen tillsammans med en kund hos en av tillverkarna i Taiwan. Resultatet var oklanderligt.<\/p><p>\u00a0<\/p><p>\u2013 Jag tvivlar inte p\u00e5 att steget att engagera v\u00e5ra taiwanesiska partners i mer och mer produktion \u00e4r r\u00e4tt v\u00e4g att g\u00e5 f\u00f6r Hectronic. Dessutom \u00e4r \u00f6kande volymer en m\u00f6jlighet till mer kostnadseffektiv produktion vilket kommer att gynna b\u00e5de v\u00e5ra kunder och Hectronic, avslutar Kjell Dahlblom.<\/p>\t\t\t\t\t\t\t\t<\/div>\n\t\t\t\t\t<\/div>\n\t\t\t\t<\/div>\n\t\t\t\t<\/div>","protected":false},"excerpt":{"rendered":"<p>Mechanical development More production in Taiwan Taiwan is a world leader in production of computer boards and systems. Major component suppliers are heavily represented in the region. Hectronic\u2019s cooperation with Taiwanese manufacturers goes way back. As production volumes now are increasing it\u2019s logical that Hectronic strengthens these relations to rely more and more on Taiwanese [&hellip;]<\/p>\n","protected":false},"author":2,"featured_media":0,"parent":929,"menu_order":0,"comment_status":"closed","ping_status":"closed","template":"","meta":{"footnotes":""},"class_list":["post-2849","page","type-page","status-publish","hentry"],"yoast_head":"<!-- This site is optimized with the Yoast SEO plugin v27.4 - https:\/\/yoast.com\/product\/yoast-seo-wordpress\/ -->\n<title>More production in Taiwan | Embedded Computer Systems - Nordic designer and manufacturer | Hectronic<\/title>\n<meta name=\"description\" content=\"As volumes are increasing Hectronic to relys more and more on Taiwanese production.\" \/>\n<meta name=\"robots\" content=\"index, follow, max-snippet:-1, max-image-preview:large, max-video-preview:-1\" \/>\n<link rel=\"canonical\" href=\"https:\/\/hectronic.se\/sv\/losningar\/industrialisering\/mer-produktion-i-taiwan\/\" \/>\n<meta property=\"og:locale\" content=\"sv_SE\" \/>\n<meta property=\"og:type\" content=\"article\" \/>\n<meta property=\"og:title\" content=\"More production in Taiwan | Embedded Computer Systems - Nordic designer and manufacturer | Hectronic\" \/>\n<meta property=\"og:description\" content=\"As volumes are increasing Hectronic to relys more and more on Taiwanese production.\" \/>\n<meta property=\"og:url\" content=\"https:\/\/hectronic.se\/sv\/losningar\/industrialisering\/mer-produktion-i-taiwan\/\" \/>\n<meta property=\"og:site_name\" content=\"Embedded Computer Systems - Nordic designer and manufacturer | Hectronic\" \/>\n<meta property=\"article:publisher\" content=\"https:\/\/www.facebook.com\/Hectronic.1\/\" \/>\n<meta property=\"article:modified_time\" content=\"2026-02-05T15:12:01+00:00\" \/>\n<meta property=\"og:image\" content=\"https:\/\/hectronic.se\/wp-content\/uploads\/2026\/02\/kjell-dahlblom-cropped.jpg\" \/>\n<meta name=\"twitter:card\" content=\"summary_large_image\" \/>\n<meta name=\"twitter:site\" content=\"@HectronicNews\" \/>\n<meta name=\"twitter:label1\" content=\"Ber\u00e4knad l\u00e4stid\" \/>\n\t<meta name=\"twitter:data1\" content=\"2 minuter\" \/>\n<!-- \/ Yoast SEO plugin. -->","yoast_head_json":{"title":"Mer produktion i Taiwan | Inbyggda datorsystem - Nordisk designer och tillverkare | Hectronic","description":"Allt eftersom volymerna \u00f6kar blir Hectronic alltmer beroende av taiwanesisk produktion.","robots":{"index":"index","follow":"follow","max-snippet":"max-snippet:-1","max-image-preview":"max-image-preview:large","max-video-preview":"max-video-preview:-1"},"canonical":"https:\/\/hectronic.se\/sv\/losningar\/industrialisering\/mer-produktion-i-taiwan\/","og_locale":"sv_SE","og_type":"article","og_title":"More production in Taiwan | Embedded Computer Systems - Nordic designer and manufacturer | Hectronic","og_description":"As volumes are increasing Hectronic to relys more and more on Taiwanese production.","og_url":"https:\/\/hectronic.se\/sv\/losningar\/industrialisering\/mer-produktion-i-taiwan\/","og_site_name":"Embedded Computer Systems - Nordic designer and manufacturer | Hectronic","article_publisher":"https:\/\/www.facebook.com\/Hectronic.1\/","article_modified_time":"2026-02-05T15:12:01+00:00","og_image":[{"url":"https:\/\/hectronic.se\/wp-content\/uploads\/2026\/02\/kjell-dahlblom-cropped.jpg","type":"","width":"","height":""}],"twitter_card":"summary_large_image","twitter_site":"@HectronicNews","twitter_misc":{"Ber\u00e4knad l\u00e4stid":"2 minuter"},"schema":{"@context":"https:\/\/schema.org","@graph":[{"@type":"WebPage","@id":"https:\/\/hectronic.se\/solutions\/industrialisation\/more-production-in-taiwan\/","url":"https:\/\/hectronic.se\/solutions\/industrialisation\/more-production-in-taiwan\/","name":"Mer produktion i Taiwan | Inbyggda datorsystem - Nordisk designer och tillverkare | Hectronic","isPartOf":{"@id":"https:\/\/hectronic.se\/#website"},"primaryImageOfPage":{"@id":"https:\/\/hectronic.se\/solutions\/industrialisation\/more-production-in-taiwan\/#primaryimage"},"image":{"@id":"https:\/\/hectronic.se\/solutions\/industrialisation\/more-production-in-taiwan\/#primaryimage"},"thumbnailUrl":"https:\/\/hectronic.se\/wp-content\/uploads\/2026\/02\/kjell-dahlblom-cropped.jpg","datePublished":"2026-02-05T15:06:48+00:00","dateModified":"2026-02-05T15:12:01+00:00","description":"Allt eftersom volymerna \u00f6kar blir Hectronic alltmer beroende av taiwanesisk produktion.","breadcrumb":{"@id":"https:\/\/hectronic.se\/solutions\/industrialisation\/more-production-in-taiwan\/#breadcrumb"},"inLanguage":"sv-SE","potentialAction":[{"@type":"ReadAction","target":["https:\/\/hectronic.se\/solutions\/industrialisation\/more-production-in-taiwan\/"]}]},{"@type":"ImageObject","inLanguage":"sv-SE","@id":"https:\/\/hectronic.se\/solutions\/industrialisation\/more-production-in-taiwan\/#primaryimage","url":"https:\/\/hectronic.se\/wp-content\/uploads\/2026\/02\/kjell-dahlblom-cropped.jpg","contentUrl":"https:\/\/hectronic.se\/wp-content\/uploads\/2026\/02\/kjell-dahlblom-cropped.jpg"},{"@type":"BreadcrumbList","@id":"https:\/\/hectronic.se\/solutions\/industrialisation\/more-production-in-taiwan\/#breadcrumb","itemListElement":[{"@type":"ListItem","position":1,"name":"Home","item":"https:\/\/hectronic.se\/"},{"@type":"ListItem","position":2,"name":"Solutions","item":"https:\/\/hectronic.se\/solutions\/"},{"@type":"ListItem","position":3,"name":"Mechanical development","item":"https:\/\/hectronic.se\/solutions\/industrialisation\/"},{"@type":"ListItem","position":4,"name":"More production in Taiwan"}]},{"@type":"WebSite","@id":"https:\/\/hectronic.se\/#website","url":"https:\/\/hectronic.se\/","name":"Inbyggda datorsystem - nordisk designer och tillverkare | Hectronic","description":"","publisher":{"@id":"https:\/\/hectronic.se\/#organization"},"potentialAction":[{"@type":"SearchAction","target":{"@type":"EntryPoint","urlTemplate":"https:\/\/hectronic.se\/?s={search_term_string}"},"query-input":{"@type":"PropertyValueSpecification","valueRequired":true,"valueName":"search_term_string"}}],"inLanguage":"sv-SE"},{"@type":"Organization","@id":"https:\/\/hectronic.se\/#organization","name":"Inbyggda datorsystem - nordisk designer och tillverkare | Hectronic","url":"https:\/\/hectronic.se\/","logo":{"@type":"ImageObject","inLanguage":"sv-SE","@id":"https:\/\/hectronic.se\/#\/schema\/logo\/image\/","url":"https:\/\/hectronic.se\/wp-content\/uploads\/2026\/03\/hectronic-logo-1.svg","contentUrl":"https:\/\/hectronic.se\/wp-content\/uploads\/2026\/03\/hectronic-logo-1.svg","width":207,"height":38,"caption":"Embedded Computer Systems - Nordic designer and manufacturer | Hectronic"},"image":{"@id":"https:\/\/hectronic.se\/#\/schema\/logo\/image\/"},"sameAs":["https:\/\/www.facebook.com\/Hectronic.1\/","https:\/\/x.com\/HectronicNews"]}]}},"_links":{"self":[{"href":"https:\/\/hectronic.se\/sv\/wp-json\/wp\/v2\/pages\/2849","targetHints":{"allow":["GET"]}}],"collection":[{"href":"https:\/\/hectronic.se\/sv\/wp-json\/wp\/v2\/pages"}],"about":[{"href":"https:\/\/hectronic.se\/sv\/wp-json\/wp\/v2\/types\/page"}],"author":[{"embeddable":true,"href":"https:\/\/hectronic.se\/sv\/wp-json\/wp\/v2\/users\/2"}],"replies":[{"embeddable":true,"href":"https:\/\/hectronic.se\/sv\/wp-json\/wp\/v2\/comments?post=2849"}],"version-history":[{"count":4,"href":"https:\/\/hectronic.se\/sv\/wp-json\/wp\/v2\/pages\/2849\/revisions"}],"predecessor-version":[{"id":2854,"href":"https:\/\/hectronic.se\/sv\/wp-json\/wp\/v2\/pages\/2849\/revisions\/2854"}],"up":[{"embeddable":true,"href":"https:\/\/hectronic.se\/sv\/wp-json\/wp\/v2\/pages\/929"}],"wp:attachment":[{"href":"https:\/\/hectronic.se\/sv\/wp-json\/wp\/v2\/media?parent=2849"}],"curies":[{"name":"wp","href":"https:\/\/api.w.org\/{rel}","templated":true}]}}