{"id":2,"date":"2025-09-24T13:48:05","date_gmt":"2025-09-24T13:48:05","guid":{"rendered":"https:\/\/hectronic.se\/?page_id=2"},"modified":"2025-09-24T13:48:05","modified_gmt":"2025-09-24T13:48:05","slug":"exempelsida","status":"publish","type":"page","link":"https:\/\/hectronic.se\/sv\/sample-page\/","title":{"rendered":"Sample Page"},"content":{"rendered":"<p>Det h\u00e4r \u00e4r en exempelsida. Den skiljer sig fr\u00e5n ett blogginl\u00e4gg eftersom den kommer att finnas kvar p\u00e5 ett st\u00e4lle och visas i din webbplatsnavigering (i de flesta teman). De flesta b\u00f6rjar med en Om-sida som presenterar dem f\u00f6r potentiella bes\u00f6kare. Den kan till exempel s\u00e4ga n\u00e5got s\u00e5 h\u00e4r:<\/p>\n\n\n\n<blockquote class=\"wp-block-quote is-layout-flow wp-block-quote-is-layout-flow\"><p>Hej! Jag jobbar som cykelbud om dagarna och dr\u00f6mmer om en sk\u00e5despelarkarri\u00e4r om kv\u00e4llarna, och det h\u00e4r \u00e4r min hemsida. Jag bor i Los Angeles, har en fantastisk hund som heter Jack och jag gillar pi\u00f1a coladas. (Och att bli \u00f6verraskad av regn.)<\/p><\/blockquote>\n\n\n\n<p>\u2026eller n\u00e5got liknande:<\/p>\n\n\n\n<blockquote class=\"wp-block-quote is-layout-flow wp-block-quote-is-layout-flow\"><p>XYZ Doohickey Company grundades 1971 och har sedan dess f\u00f6rsett allm\u00e4nheten med kvalitativa 'doohickeys'. Bel\u00e4get i Gotham City har XYZ \u00f6ver 2 000 anst\u00e4llda och g\u00f6r alla m\u00f6jliga fantastiska saker f\u00f6r Gotham-samh\u00e4llet.<\/p><\/blockquote>\n\n\n\n<p>Som en ny WordPress-anv\u00e4ndare b\u00f6r du g\u00e5 till <a href=\"https:\/\/hectronic.se\/wp-admin\/\">din instrumentpanel<\/a> f\u00f6r att radera den h\u00e4r sidan och skapa nya sidor f\u00f6r ditt inneh\u00e5ll. Ha s\u00e5 kul!<\/p>","protected":false},"excerpt":{"rendered":"<p>This is an example page. It&#8217;s different from a blog post because it will stay in one place and will show up in your site navigation (in most themes). Most people start with an About page that introduces them to potential site visitors. It might say something like this: Hi there! I&#8217;m a bike messenger [&hellip;]<\/p>\n","protected":false},"author":1,"featured_media":0,"parent":0,"menu_order":0,"comment_status":"closed","ping_status":"open","template":"","meta":{"footnotes":""},"class_list":["post-2","page","type-page","status-publish","hentry"],"yoast_head":"<!-- This site is optimized with the Yoast SEO plugin v27.4 - https:\/\/yoast.com\/product\/yoast-seo-wordpress\/ -->\n<title>Sample Page | Embedded Computer Systems - Nordic designer and manufacturer | Hectronic<\/title>\n<meta name=\"robots\" content=\"index, follow, max-snippet:-1, max-image-preview:large, max-video-preview:-1\" \/>\n<link rel=\"canonical\" href=\"https:\/\/hectronic.se\/sv\/exempelsida\/\" \/>\n<meta property=\"og:locale\" content=\"sv_SE\" \/>\n<meta property=\"og:type\" content=\"article\" \/>\n<meta property=\"og:title\" content=\"Sample Page | Embedded Computer Systems - Nordic designer and manufacturer | Hectronic\" \/>\n<meta property=\"og:description\" content=\"This is an example page. It&#8217;s different from a blog post because it will stay in one place and will show up in your site navigation (in most themes). Most people start with an About page that introduces them to potential site visitors. It might say something like this: Hi there! I&#8217;m a bike messenger [&hellip;]\" \/>\n<meta property=\"og:url\" content=\"https:\/\/hectronic.se\/sv\/exempelsida\/\" \/>\n<meta property=\"og:site_name\" content=\"Embedded Computer Systems - Nordic designer and manufacturer | Hectronic\" \/>\n<meta property=\"article:publisher\" content=\"https:\/\/www.facebook.com\/Hectronic.1\/\" \/>\n<meta name=\"twitter:card\" content=\"summary_large_image\" \/>\n<meta name=\"twitter:site\" content=\"@HectronicNews\" \/>\n<meta name=\"twitter:label1\" content=\"Ber\u00e4knad l\u00e4stid\" \/>\n\t<meta name=\"twitter:data1\" content=\"1 minut\" \/>\n<!-- \/ Yoast SEO plugin. -->","yoast_head_json":{"title":"Exempelsida | Inbyggda datorsystem - Nordisk designer och tillverkare | Hectronic","robots":{"index":"index","follow":"follow","max-snippet":"max-snippet:-1","max-image-preview":"max-image-preview:large","max-video-preview":"max-video-preview:-1"},"canonical":"https:\/\/hectronic.se\/sv\/exempelsida\/","og_locale":"sv_SE","og_type":"article","og_title":"Sample Page | Embedded Computer Systems - Nordic designer and manufacturer | Hectronic","og_description":"This is an example page. It&#8217;s different from a blog post because it will stay in one place and will show up in your site navigation (in most themes). Most people start with an About page that introduces them to potential site visitors. It might say something like this: Hi there! I&#8217;m a bike messenger [&hellip;]","og_url":"https:\/\/hectronic.se\/sv\/exempelsida\/","og_site_name":"Embedded Computer Systems - Nordic designer and manufacturer | Hectronic","article_publisher":"https:\/\/www.facebook.com\/Hectronic.1\/","twitter_card":"summary_large_image","twitter_site":"@HectronicNews","twitter_misc":{"Ber\u00e4knad l\u00e4stid":"1 minut"},"schema":{"@context":"https:\/\/schema.org","@graph":[{"@type":"WebPage","@id":"https:\/\/hectronic.se\/sample-page\/","url":"https:\/\/hectronic.se\/sample-page\/","name":"Exempelsida | Inbyggda datorsystem - Nordisk designer och tillverkare | Hectronic","isPartOf":{"@id":"https:\/\/hectronic.se\/#website"},"datePublished":"2025-09-24T13:48:05+00:00","breadcrumb":{"@id":"https:\/\/hectronic.se\/sample-page\/#breadcrumb"},"inLanguage":"sv-SE","potentialAction":[{"@type":"ReadAction","target":["https:\/\/hectronic.se\/sample-page\/"]}]},{"@type":"BreadcrumbList","@id":"https:\/\/hectronic.se\/sample-page\/#breadcrumb","itemListElement":[{"@type":"ListItem","position":1,"name":"Home","item":"https:\/\/hectronic.se\/"},{"@type":"ListItem","position":2,"name":"Sample Page"}]},{"@type":"WebSite","@id":"https:\/\/hectronic.se\/#website","url":"https:\/\/hectronic.se\/","name":"Inbyggda datorsystem - nordisk designer och tillverkare | Hectronic","description":"","publisher":{"@id":"https:\/\/hectronic.se\/#organization"},"potentialAction":[{"@type":"SearchAction","target":{"@type":"EntryPoint","urlTemplate":"https:\/\/hectronic.se\/?s={search_term_string}"},"query-input":{"@type":"PropertyValueSpecification","valueRequired":true,"valueName":"search_term_string"}}],"inLanguage":"sv-SE"},{"@type":"Organization","@id":"https:\/\/hectronic.se\/#organization","name":"Inbyggda datorsystem - nordisk designer och tillverkare | Hectronic","url":"https:\/\/hectronic.se\/","logo":{"@type":"ImageObject","inLanguage":"sv-SE","@id":"https:\/\/hectronic.se\/#\/schema\/logo\/image\/","url":"https:\/\/hectronic.se\/wp-content\/uploads\/2026\/03\/hectronic-logo-1.svg","contentUrl":"https:\/\/hectronic.se\/wp-content\/uploads\/2026\/03\/hectronic-logo-1.svg","width":207,"height":38,"caption":"Embedded Computer Systems - Nordic designer and manufacturer | Hectronic"},"image":{"@id":"https:\/\/hectronic.se\/#\/schema\/logo\/image\/"},"sameAs":["https:\/\/www.facebook.com\/Hectronic.1\/","https:\/\/x.com\/HectronicNews"]}]}},"_links":{"self":[{"href":"https:\/\/hectronic.se\/sv\/wp-json\/wp\/v2\/pages\/2","targetHints":{"allow":["GET"]}}],"collection":[{"href":"https:\/\/hectronic.se\/sv\/wp-json\/wp\/v2\/pages"}],"about":[{"href":"https:\/\/hectronic.se\/sv\/wp-json\/wp\/v2\/types\/page"}],"author":[{"embeddable":true,"href":"https:\/\/hectronic.se\/sv\/wp-json\/wp\/v2\/users\/1"}],"replies":[{"embeddable":true,"href":"https:\/\/hectronic.se\/sv\/wp-json\/wp\/v2\/comments?post=2"}],"version-history":[{"count":0,"href":"https:\/\/hectronic.se\/sv\/wp-json\/wp\/v2\/pages\/2\/revisions"}],"wp:attachment":[{"href":"https:\/\/hectronic.se\/sv\/wp-json\/wp\/v2\/media?parent=2"}],"curies":[{"name":"wp","href":"https:\/\/api.w.org\/{rel}","templated":true}]}}