{"id":1333,"date":"2025-11-13T15:21:34","date_gmt":"2025-11-13T15:21:34","guid":{"rendered":"https:\/\/hectronic.se\/?page_id=1333"},"modified":"2026-03-17T14:01:44","modified_gmt":"2026-03-17T14:01:44","slug":"kommunikation","status":"publish","type":"page","link":"https:\/\/hectronic.se\/sv\/industries\/communication\/","title":{"rendered":"Kommunikation"},"content":{"rendered":"<div data-elementor-type=\"wp-page\" data-elementor-id=\"1333\" class=\"elementor elementor-1333\" data-elementor-post-type=\"page\">\n\t\t\t\t<div class=\"elementor-element elementor-element-d10d282 e-flex e-con-boxed e-con e-parent\" data-id=\"d10d282\" data-element_type=\"container\" data-e-type=\"container\" data-settings=\"{&quot;background_background&quot;:&quot;classic&quot;}\">\n\t\t\t\t\t<div class=\"e-con-inner\">\n\t\t<div class=\"elementor-element elementor-element-14591bf e-con-full e-flex e-con e-child\" data-id=\"14591bf\" data-element_type=\"container\" data-e-type=\"container\">\n\t\t\t\t<div class=\"elementor-element elementor-element-ec13885 elementor-widget elementor-widget-button\" data-id=\"ec13885\" data-element_type=\"widget\" data-e-type=\"widget\" data-widget_type=\"button.default\">\n\t\t\t\t\t\t\t\t\t\t<a class=\"elementor-button elementor-size-sm\" role=\"button\">\n\t\t\t\t\t\t<span class=\"elementor-button-content-wrapper\">\n\t\t\t\t\t\t<span class=\"elementor-button-icon\">\n\t\t\t\t<svg xmlns=\"http:\/\/www.w3.org\/2000\/svg\" width=\"24\" height=\"24\" viewbox=\"0 0 24 24\"><path d=\"M2 22V4C2 3.45 2.19583 2.97917 2.5875 2.5875C2.97917 2.19583 3.45 2 4 2H20C20.55 2 21.0208 2.19583 21.4125 2.5875C21.8042 2.97917 22 3.45 22 4V16C22 16.55 21.8042 17.0208 21.4125 17.4125C21.0208 17.8042 20.55 18 20 18H6L2 22ZM5.15 16H20V4H4V17.125L5.15 16Z\"><\/path><\/svg>\t\t\t<\/span>\n\t\t\t\t\t\t\t\t\t<span class=\"elementor-button-text\">Tele-, video- och datakommunikation<\/span>\n\t\t\t\t\t<\/span>\n\t\t\t\t\t<\/a>\n\t\t\t\t\t\t\t\t<\/div>\n\t\t\t\t<div class=\"elementor-element elementor-element-dd764c4 elementor-widget elementor-widget-heading\" data-id=\"dd764c4\" data-element_type=\"widget\" data-e-type=\"widget\" data-widget_type=\"heading.default\">\n\t\t\t\t\t<h1 class=\"elementor-heading-title elementor-size-default\">Kommunikation<\/h1>\t\t\t\t<\/div>\n\t\t\t\t<div class=\"elementor-element elementor-element-7afe089 elementor-widget-divider--view-line elementor-widget elementor-widget-divider\" data-id=\"7afe089\" data-element_type=\"widget\" data-e-type=\"widget\" data-widget_type=\"divider.default\">\n\t\t\t\t\t\t\t<div class=\"elementor-divider\">\n\t\t\t<span class=\"elementor-divider-separator\">\n\t\t\t\t\t\t<\/span>\n\t\t<\/div>\n\t\t\t\t\t\t<\/div>\n\t\t\t\t<div class=\"elementor-element elementor-element-ab1c601 elementor-widget elementor-widget-text-editor\" data-id=\"ab1c601\" data-element_type=\"widget\" data-e-type=\"widget\" data-widget_type=\"text-editor.default\">\n\t\t\t\t\t\t\t\t\t<p>Utveckling, leverans och underh\u00e5ll av\u00a0<a href=\"https:\/\/hectronic.se\/sv\/losningar\/\" rel=\"noopener\" data-fpl-component=\"primitive\">inbyggda datorer<\/a>\u00a0f\u00f6r tele-, video- och datakommunikationsapplikationer har legat n\u00e4ra k\u00e4rnverksamheten p\u00e5\u00a0<a href=\"https:\/\/hectronic.se\/sv\/foretag\/\" rel=\"noopener\" data-fpl-component=\"primitive\">Hectronic<\/a>\u00a0\u00e4nda sedan bolaget grundades f\u00f6r mer \u00e4n 30 \u00e5r sedan.<\/p>\t\t\t\t\t\t\t\t<\/div>\n\t\t\t\t<div class=\"elementor-element elementor-element-cbc27a3 elementor-widget elementor-widget-button\" data-id=\"cbc27a3\" data-element_type=\"widget\" data-e-type=\"widget\" data-widget_type=\"button.default\">\n\t\t\t\t\t\t\t\t\t\t<a class=\"elementor-button elementor-button-link elementor-size-sm\" href=\"https:\/\/hectronic.se\/sv\/contact\/\">\n\t\t\t\t\t\t<span class=\"elementor-button-content-wrapper\">\n\t\t\t\t\t\t\t\t\t<span class=\"elementor-button-text\">Kontakta oss<\/span>\n\t\t\t\t\t<\/span>\n\t\t\t\t\t<\/a>\n\t\t\t\t\t\t\t\t<\/div>\n\t\t\t\t<\/div>\n\t\t<div class=\"elementor-element elementor-element-55ce346 e-con-full e-flex e-con e-child\" data-id=\"55ce346\" data-element_type=\"container\" data-e-type=\"container\">\n\t\t\t\t<\/div>\n\t\t\t\t\t<\/div>\n\t\t\t\t<\/div>\n\t\t<div class=\"elementor-element elementor-element-eb00d81 e-flex e-con-boxed e-con e-parent\" data-id=\"eb00d81\" data-element_type=\"container\" data-e-type=\"container\" data-settings=\"{&quot;background_background&quot;:&quot;classic&quot;}\">\n\t\t\t\t\t<div class=\"e-con-inner\">\n\t\t\t\t<div class=\"elementor-element elementor-element-838dc8c elementor-widget elementor-widget-text-editor\" data-id=\"838dc8c\" data-element_type=\"widget\" data-e-type=\"widget\" data-widget_type=\"text-editor.default\">\n\t\t\t\t\t\t\t\t\t<p>Hectronic erbjuder standardl\u00f6sningar inbyggda datorer och kundanpassade designtj\u00e4nster inklusive utveckling, produktion och underh\u00e5ll till kunder inom tele-, video- och datakommunikation.<\/p>\t\t\t\t\t\t\t\t<\/div>\n\t\t\t\t<div class=\"elementor-element elementor-element-8e76d9c elementor-widget-divider--view-line elementor-widget elementor-widget-divider\" data-id=\"8e76d9c\" data-element_type=\"widget\" data-e-type=\"widget\" data-widget_type=\"divider.default\">\n\t\t\t\t\t\t\t<div class=\"elementor-divider\">\n\t\t\t<span class=\"elementor-divider-separator\">\n\t\t\t\t\t\t<\/span>\n\t\t<\/div>\n\t\t\t\t\t\t<\/div>\n\t\t\t\t\t<\/div>\n\t\t\t\t<\/div>\n\t\t<div class=\"elementor-element elementor-element-d1eb97a e-flex e-con-boxed e-con e-parent\" data-id=\"d1eb97a\" data-element_type=\"container\" data-e-type=\"container\" data-settings=\"{&quot;background_background&quot;:&quot;classic&quot;}\">\n\t\t\t\t\t<div class=\"e-con-inner\">\n\t\t<div class=\"elementor-element elementor-element-29da872 e-con-full e-flex e-con e-child\" data-id=\"29da872\" data-element_type=\"container\" data-e-type=\"container\">\n\t\t\t\t<div class=\"elementor-element elementor-element-42a6f77 elementor-widget elementor-widget-text-editor\" data-id=\"42a6f77\" data-element_type=\"widget\" data-e-type=\"widget\" data-widget_type=\"text-editor.default\">\n\t\t\t\t\t\t\t\t\t<p>De typiska kunderna inom detta marknadssegment erbjuder produkter som brandv\u00e4ggar, routrar och n\u00e4tverkss\u00e4kerhetssystem. De viktigaste v\u00e4rdena i v\u00e5rt erbjudande till dessa kunder \u00e4r att \u00f6ka deras applikationsprogramvara med \u00f6kad datorprestanda samt tr\u00e5dbunden och tr\u00e5dl\u00f6s anslutning med den bandbredd som kr\u00e4vs f\u00f6r att lyckas p\u00e5 marknaden.<br \/><br \/>Hectronics erbjudande omfattar s\u00e5v\u00e4l l\u00f6sningar som kundanpassade designtj\u00e4nster f\u00f6r att leverera l\u00f6sningar som \u00e4r anpassade till de krav som st\u00e4lls.<\/p>\t\t\t\t\t\t\t\t<\/div>\n\t\t\t\t<div class=\"elementor-element elementor-element-99ad45e elementor-widget elementor-widget-heading\" data-id=\"99ad45e\" data-element_type=\"widget\" data-e-type=\"widget\" data-widget_type=\"heading.default\">\n\t\t\t\t\t<h5 class=\"elementor-heading-title elementor-size-default\">Erfarenhet fr\u00e5n kundanpassad utveckling<\/h5>\t\t\t\t<\/div>\n\t\t\t\t<div class=\"elementor-element elementor-element-8646e0b elementor-icon-list--layout-traditional elementor-list-item-link-full_width elementor-widget elementor-widget-icon-list\" data-id=\"8646e0b\" data-element_type=\"widget\" data-e-type=\"widget\" data-widget_type=\"icon-list.default\">\n\t\t\t\t\t\t\t<ul class=\"elementor-icon-list-items\">\n\t\t\t\t\t\t\t<li class=\"elementor-icon-list-item\">\n\t\t\t\t\t\t\t\t\t\t\t<span class=\"elementor-icon-list-icon\">\n\t\t\t\t\t\t\t<svg aria-hidden=\"true\" class=\"e-font-icon-svg e-fas-check-circle\" viewbox=\"0 0 512 512\" xmlns=\"http:\/\/www.w3.org\/2000\/svg\"><path d=\"M504 256c0 136.967-111.033 248-248 248S8 392.967 8 256 119.033 8 256 8s248 111.033 248 248zM227.314 387.314l184-184c6.248-6.248 6.248-16.379 0-22.627l-22.627-22.627c-6.248-6.249-16.379-6.249-22.628 0L216 308.118l-70.059-70.059c-6.248-6.248-16.379-6.248-22.628 0l-22.627 22.627c-6.248 6.248-6.248 16.379 0 22.627l104 104c6.249 6.249 16.379 6.249 22.628.001z\"><\/path><\/svg>\t\t\t\t\t\t<\/span>\n\t\t\t\t\t\t\t\t\t\t<span class=\"elementor-icon-list-text\">Enkelkortsdator f\u00f6r till\u00e4mpning inom privat telefonv\u00e4xel<\/span>\n\t\t\t\t\t\t\t\t\t<\/li>\n\t\t\t\t\t\t\t\t<li class=\"elementor-icon-list-item\">\n\t\t\t\t\t\t\t\t\t\t\t<span class=\"elementor-icon-list-icon\">\n\t\t\t\t\t\t\t<svg aria-hidden=\"true\" class=\"e-font-icon-svg e-fas-check-circle\" viewbox=\"0 0 512 512\" xmlns=\"http:\/\/www.w3.org\/2000\/svg\"><path d=\"M504 256c0 136.967-111.033 248-248 248S8 392.967 8 256 119.033 8 256 8s248 111.033 248 248zM227.314 387.314l184-184c6.248-6.248 6.248-16.379 0-22.627l-22.627-22.627c-6.248-6.249-16.379-6.249-22.628 0L216 308.118l-70.059-70.059c-6.248-6.248-16.379-6.248-22.628 0l-22.627 22.627c-6.248 6.248-6.248 16.379 0 22.627l104 104c6.249 6.249 16.379 6.249 22.628.001z\"><\/path><\/svg>\t\t\t\t\t\t<\/span>\n\t\t\t\t\t\t\t\t\t\t<span class=\"elementor-icon-list-text\">Enkortsdator baserad p\u00e5 TI Sitara f\u00f6r satellitkommunikation<\/span>\n\t\t\t\t\t\t\t\t\t<\/li>\n\t\t\t\t\t\t<\/ul>\n\t\t\t\t\t\t<\/div>\n\t\t\t\t<div class=\"elementor-element elementor-element-f1eeebd elementor-widget elementor-widget-button\" data-id=\"f1eeebd\" data-element_type=\"widget\" data-e-type=\"widget\" data-widget_type=\"button.default\">\n\t\t\t\t\t\t\t\t\t\t<a class=\"elementor-button elementor-button-link elementor-size-sm\" href=\"https:\/\/hectronic.se\/sv\/contact\/\">\n\t\t\t\t\t\t<span class=\"elementor-button-content-wrapper\">\n\t\t\t\t\t\t\t\t\t<span class=\"elementor-button-text\">Kontakta oss<\/span>\n\t\t\t\t\t<\/span>\n\t\t\t\t\t<\/a>\n\t\t\t\t\t\t\t\t<\/div>\n\t\t\t\t<\/div>\n\t\t<div class=\"elementor-element elementor-element-3c03f09 e-con-full e-flex e-con e-child\" data-id=\"3c03f09\" data-element_type=\"container\" data-e-type=\"container\">\n\t\t\t\t<\/div>\n\t\t\t\t\t<\/div>\n\t\t\t\t<\/div>\n\t\t<div class=\"elementor-element elementor-element-080b01c e-flex e-con-boxed e-con e-parent\" data-id=\"080b01c\" data-element_type=\"container\" data-e-type=\"container\">\n\t\t\t\t\t<div class=\"e-con-inner\">\n\t\t<div class=\"elementor-element elementor-element-ff05423 e-con-full e-flex e-con e-child\" data-id=\"ff05423\" data-element_type=\"container\" data-e-type=\"container\">\n\t\t\t\t<div class=\"elementor-element elementor-element-df7a375 elementor-widget elementor-widget-heading\" data-id=\"df7a375\" data-element_type=\"widget\" data-e-type=\"widget\" data-widget_type=\"heading.default\">\n\t\t\t\t\t<h2 class=\"elementor-heading-title elementor-size-default\">Relaterade produkter<\/h2>\t\t\t\t<\/div>\n\t\t\t\t<div class=\"elementor-element elementor-element-ccfccfd elementor-widget-divider--view-line elementor-widget elementor-widget-divider\" data-id=\"ccfccfd\" data-element_type=\"widget\" data-e-type=\"widget\" data-widget_type=\"divider.default\">\n\t\t\t\t\t\t\t<div class=\"elementor-divider\">\n\t\t\t<span class=\"elementor-divider-separator\">\n\t\t\t\t\t\t<\/span>\n\t\t<\/div>\n\t\t\t\t\t\t<\/div>\n\t\t<div class=\"elementor-element elementor-element-4d3f7ab e-con-full e-flex e-con e-child\" data-id=\"4d3f7ab\" data-element_type=\"container\" data-e-type=\"container\">\n\t\t<div class=\"elementor-element elementor-element-6bb3a5e e-con-full e-flex e-con e-child\" data-id=\"6bb3a5e\" data-element_type=\"container\" data-e-type=\"container\">\n\t\t\t\t<div class=\"elementor-element elementor-element-191e05c elementor-cta--valign-middle elementor-widget-mobile__width-initial elementor-cta--skin-classic elementor-animated-content elementor-bg-transform elementor-bg-transform-zoom-in elementor-widget elementor-widget-call-to-action\" data-id=\"191e05c\" data-element_type=\"widget\" data-e-type=\"widget\" data-widget_type=\"call-to-action.default\">\n\t\t\t\t\t\t\t<a class=\"elementor-cta\" href=\"https:\/\/hectronic.se\/sv\/project-update-custom-panel-pc\/\">\n\t\t\t\t\t\t\t<div class=\"elementor-cta__content\">\n\t\t\t\t\t\t\t\t\t<div class=\"elementor-content-item elementor-cta__content-item elementor-cta__image\">\n\t\t\t\t\t\t<img fetchpriority=\"high\" decoding=\"async\" width=\"228\" height=\"221\" src=\"https:\/\/hectronic.se\/wp-content\/uploads\/2025\/09\/hectronic-system-hem.jpg\" class=\"attachment-full size-full wp-image-134\" alt=\"anpassad panel-dator, inbyggt system, inbyggd dator, hektronik\" \/>\t\t\t\t\t<\/div>\n\t\t\t\t\n\t\t\t\t\t\t\t\t\t<h4 class=\"elementor-cta__title elementor-cta__content-item elementor-content-item\">\n\t\t\t\t\t\tAnpassad panel PC\t\t\t\t\t<\/h4>\n\t\t\t\t\n\t\t\t\t\n\t\t\t\t\t\t\t<\/div>\n\t\t\t\t\t\t<\/a>\n\t\t\t\t\t\t<\/div>\n\t\t\t\t<div class=\"elementor-element elementor-element-302bbeb elementor-cta--valign-middle elementor-widget-mobile__width-initial elementor-cta--skin-classic elementor-animated-content elementor-bg-transform elementor-bg-transform-zoom-in elementor-widget elementor-widget-call-to-action\" data-id=\"302bbeb\" data-element_type=\"widget\" data-e-type=\"widget\" data-widget_type=\"call-to-action.default\">\n\t\t\t\t\t\t\t<a class=\"elementor-cta\" href=\"https:\/\/hectronic.se\/sv\/fallstudier\/projektuppdatering-militargradssystem-for-forstarkt-verklighet\/\">\n\t\t\t\t\t\t\t<div class=\"elementor-cta__content\">\n\t\t\t\t\t\t\t\t\t<div class=\"elementor-content-item elementor-cta__content-item elementor-cta__image\">\n\t\t\t\t\t\t<img decoding=\"async\" width=\"229\" height=\"221\" src=\"https:\/\/hectronic.se\/wp-content\/uploads\/2025\/09\/hectronic-military-computer-hem.jpg\" class=\"attachment-full size-full wp-image-137\" alt=\"milit\u00e4r dator, milit\u00e4rt system, robust, ip67, hektronik\" \/>\t\t\t\t\t<\/div>\n\t\t\t\t\n\t\t\t\t\t\t\t\t\t<h4 class=\"elementor-cta__title elementor-cta__content-item elementor-content-item\">\n\t\t\t\t\t\tMilit\u00e4rklassat AR-system\t\t\t\t\t<\/h4>\n\t\t\t\t\n\t\t\t\t\n\t\t\t\t\t\t\t<\/div>\n\t\t\t\t\t\t<\/a>\n\t\t\t\t\t\t<\/div>\n\t\t\t\t<div class=\"elementor-element elementor-element-6d8fd7c elementor-cta--valign-middle elementor-widget-mobile__width-initial elementor-cta--skin-classic elementor-animated-content elementor-bg-transform elementor-bg-transform-zoom-in elementor-widget elementor-widget-call-to-action\" data-id=\"6d8fd7c\" data-element_type=\"widget\" data-e-type=\"widget\" data-widget_type=\"call-to-action.default\">\n\t\t\t\t\t\t\t<a class=\"elementor-cta\" href=\"https:\/\/hectronic.se\/sv\/project-update-marine-engine-controller\/\">\n\t\t\t\t\t\t\t<div class=\"elementor-cta__content\">\n\t\t\t\t\t\t\t\t\t<div class=\"elementor-content-item elementor-cta__content-item elementor-cta__image\">\n\t\t\t\t\t\t<img decoding=\"async\" width=\"229\" height=\"221\" src=\"https:\/\/hectronic.se\/wp-content\/uploads\/2025\/09\/hectronic-marine-computer-hem.jpg\" class=\"attachment-full size-full wp-image-136\" alt=\"marin dator, marin styrenhet, marin motorstyrenhet, hektronik\" \/>\t\t\t\t\t<\/div>\n\t\t\t\t\n\t\t\t\t\t\t\t\t\t<h4 class=\"elementor-cta__title elementor-cta__content-item elementor-content-item\">\n\t\t\t\t\t\tStyrenhet f\u00f6r marinmotor\t\t\t\t\t<\/h4>\n\t\t\t\t\n\t\t\t\t\n\t\t\t\t\t\t\t<\/div>\n\t\t\t\t\t\t<\/a>\n\t\t\t\t\t\t<\/div>\n\t\t\t\t<div class=\"elementor-element elementor-element-78c34d9 elementor-cta--valign-middle elementor-widget-mobile__width-initial elementor-cta--skin-classic elementor-animated-content elementor-bg-transform elementor-bg-transform-zoom-in elementor-widget elementor-widget-call-to-action\" data-id=\"78c34d9\" data-element_type=\"widget\" data-e-type=\"widget\" data-widget_type=\"call-to-action.default\">\n\t\t\t\t\t\t\t<a class=\"elementor-cta\" href=\"https:\/\/hectronic.se\/sv\/forbattrad-telematiklosning\/\">\n\t\t\t\t\t\t\t<div class=\"elementor-cta__content\">\n\t\t\t\t\t\t\t\t\t<div class=\"elementor-content-item elementor-cta__content-item elementor-cta__image\">\n\t\t\t\t\t\t<img loading=\"lazy\" decoding=\"async\" width=\"228\" height=\"221\" src=\"https:\/\/hectronic.se\/wp-content\/uploads\/2025\/09\/hectronic-telematics-solution-hem.jpg\" class=\"attachment-full size-full wp-image-135\" alt=\"robust, ip69k, telematikl\u00f6sning, fleet management, hectronic\" \/>\t\t\t\t\t<\/div>\n\t\t\t\t\n\t\t\t\t\t\t\t\t\t<h4 class=\"elementor-cta__title elementor-cta__content-item elementor-content-item\">\n\t\t\t\t\t\tF\u00f6rb\u00e4ttrad telematikl\u00f6sning\t\t\t\t\t<\/h4>\n\t\t\t\t\n\t\t\t\t\n\t\t\t\t\t\t\t<\/div>\n\t\t\t\t\t\t<\/a>\n\t\t\t\t\t\t<\/div>\n\t\t\t\t<\/div>\n\t\t\t\t<\/div>\n\t\t\t\t<\/div>\n\t\t\t\t\t<\/div>\n\t\t\t\t<\/div>\n\t\t\t\t<\/div>","protected":false},"excerpt":{"rendered":"<p>Tele, video and data communication Communication Development, supply and maintenance of\u00a0embedded computers\u00a0for tele, video and data communication applications have been close to core business at\u00a0Hectronic\u00a0ever since the company was founded more than 30 years ago. Contact us Hectronic offers standard solutions embedded computers and custom design services including development, production and maintenance to customers within [&hellip;]<\/p>\n","protected":false},"author":2,"featured_media":0,"parent":35,"menu_order":0,"comment_status":"closed","ping_status":"closed","template":"","meta":{"footnotes":""},"class_list":["post-1333","page","type-page","status-publish","hentry"],"yoast_head":"<!-- This site is optimized with the Yoast SEO plugin v27.3 - https:\/\/yoast.com\/product\/yoast-seo-wordpress\/ -->\n<title>Data, tele and video communication | Embedded Computer Systems - Nordic designer and manufacturer | Hectronic<\/title>\n<meta name=\"description\" content=\"Development, supply and maintenance of embedded computers for tele, video and data communication. Contact us for more information.\" \/>\n<meta name=\"robots\" content=\"noindex, follow, max-snippet:-1, max-image-preview:large, max-video-preview:-1\" \/>\n<meta property=\"og:locale\" content=\"sv_SE\" \/>\n<meta property=\"og:type\" content=\"article\" \/>\n<meta property=\"og:title\" content=\"Data, tele and video communication | Embedded Computer Systems - Nordic designer and manufacturer | Hectronic\" \/>\n<meta property=\"og:description\" content=\"Development, supply and maintenance of embedded computers for tele, video and data communication. Contact us for more information.\" \/>\n<meta property=\"og:url\" content=\"https:\/\/hectronic.se\/sv\/industrier\/kommunikation\/\" \/>\n<meta property=\"og:site_name\" content=\"Embedded Computer Systems - Nordic designer and manufacturer | Hectronic\" \/>\n<meta property=\"article:publisher\" content=\"https:\/\/www.facebook.com\/Hectronic.1\/\" \/>\n<meta property=\"article:modified_time\" content=\"2026-03-17T14:01:44+00:00\" \/>\n<meta property=\"og:image\" content=\"https:\/\/hectronic.se\/wp-content\/uploads\/2025\/09\/hectronic-system-hem.jpg\" \/>\n<meta name=\"twitter:card\" content=\"summary_large_image\" \/>\n<meta name=\"twitter:site\" content=\"@HectronicNews\" \/>\n<meta name=\"twitter:label1\" content=\"Ber\u00e4knad l\u00e4stid\" \/>\n\t<meta name=\"twitter:data1\" content=\"2 minuter\" \/>\n<!-- \/ Yoast SEO plugin. -->","yoast_head_json":{"title":"Data-, tele- och videokommunikation | Inbyggda datorsystem - nordisk designer och tillverkare | Hectronic","description":"Utveckling, leverans och underh\u00e5ll av inbyggda datorer f\u00f6r tele-, video- och datakommunikation. Kontakta oss f\u00f6r mer information.","robots":{"index":"noindex","follow":"follow","max-snippet":"max-snippet:-1","max-image-preview":"max-image-preview:large","max-video-preview":"max-video-preview:-1"},"og_locale":"sv_SE","og_type":"article","og_title":"Data, tele and video communication | Embedded Computer Systems - Nordic designer and manufacturer | Hectronic","og_description":"Development, supply and maintenance of embedded computers for tele, video and data communication. Contact us for more information.","og_url":"https:\/\/hectronic.se\/sv\/industrier\/kommunikation\/","og_site_name":"Embedded Computer Systems - Nordic designer and manufacturer | Hectronic","article_publisher":"https:\/\/www.facebook.com\/Hectronic.1\/","article_modified_time":"2026-03-17T14:01:44+00:00","og_image":[{"url":"https:\/\/hectronic.se\/wp-content\/uploads\/2025\/09\/hectronic-system-hem.jpg","type":"","width":"","height":""}],"twitter_card":"summary_large_image","twitter_site":"@HectronicNews","twitter_misc":{"Ber\u00e4knad l\u00e4stid":"2 minuter"},"schema":{"@context":"https:\/\/schema.org","@graph":[{"@type":"WebPage","@id":"https:\/\/hectronic.se\/industries\/communication\/","url":"https:\/\/hectronic.se\/industries\/communication\/","name":"Data-, tele- och videokommunikation | Inbyggda datorsystem - nordisk designer och tillverkare | Hectronic","isPartOf":{"@id":"https:\/\/hectronic.se\/#website"},"primaryImageOfPage":{"@id":"https:\/\/hectronic.se\/industries\/communication\/#primaryimage"},"image":{"@id":"https:\/\/hectronic.se\/industries\/communication\/#primaryimage"},"thumbnailUrl":"https:\/\/hectronic.se\/wp-content\/uploads\/2025\/09\/hectronic-system-hem.jpg","datePublished":"2025-11-13T15:21:34+00:00","dateModified":"2026-03-17T14:01:44+00:00","description":"Utveckling, leverans och underh\u00e5ll av inbyggda datorer f\u00f6r tele-, video- och datakommunikation. Kontakta oss f\u00f6r mer information.","breadcrumb":{"@id":"https:\/\/hectronic.se\/industries\/communication\/#breadcrumb"},"inLanguage":"sv-SE","potentialAction":[{"@type":"ReadAction","target":["https:\/\/hectronic.se\/industries\/communication\/"]}]},{"@type":"ImageObject","inLanguage":"sv-SE","@id":"https:\/\/hectronic.se\/industries\/communication\/#primaryimage","url":"https:\/\/hectronic.se\/wp-content\/uploads\/2025\/09\/hectronic-system-hem.jpg","contentUrl":"https:\/\/hectronic.se\/wp-content\/uploads\/2025\/09\/hectronic-system-hem.jpg"},{"@type":"BreadcrumbList","@id":"https:\/\/hectronic.se\/industries\/communication\/#breadcrumb","itemListElement":[{"@type":"ListItem","position":1,"name":"Home","item":"https:\/\/hectronic.se\/"},{"@type":"ListItem","position":2,"name":"Industries","item":"https:\/\/hectronic.se\/industries\/"},{"@type":"ListItem","position":3,"name":"Communication"}]},{"@type":"WebSite","@id":"https:\/\/hectronic.se\/#website","url":"https:\/\/hectronic.se\/","name":"Inbyggda datorsystem - nordisk designer och tillverkare | Hectronic","description":"","publisher":{"@id":"https:\/\/hectronic.se\/#organization"},"potentialAction":[{"@type":"SearchAction","target":{"@type":"EntryPoint","urlTemplate":"https:\/\/hectronic.se\/?s={search_term_string}"},"query-input":{"@type":"PropertyValueSpecification","valueRequired":true,"valueName":"search_term_string"}}],"inLanguage":"sv-SE"},{"@type":"Organization","@id":"https:\/\/hectronic.se\/#organization","name":"Inbyggda datorsystem - nordisk designer och tillverkare | Hectronic","url":"https:\/\/hectronic.se\/","logo":{"@type":"ImageObject","inLanguage":"sv-SE","@id":"https:\/\/hectronic.se\/#\/schema\/logo\/image\/","url":"https:\/\/hectronic.se\/wp-content\/uploads\/2026\/03\/hectronic-logo-1.svg","contentUrl":"https:\/\/hectronic.se\/wp-content\/uploads\/2026\/03\/hectronic-logo-1.svg","width":207,"height":38,"caption":"Embedded Computer Systems - Nordic designer and manufacturer | Hectronic"},"image":{"@id":"https:\/\/hectronic.se\/#\/schema\/logo\/image\/"},"sameAs":["https:\/\/www.facebook.com\/Hectronic.1\/","https:\/\/x.com\/HectronicNews"]}]}},"_links":{"self":[{"href":"https:\/\/hectronic.se\/sv\/wp-json\/wp\/v2\/pages\/1333","targetHints":{"allow":["GET"]}}],"collection":[{"href":"https:\/\/hectronic.se\/sv\/wp-json\/wp\/v2\/pages"}],"about":[{"href":"https:\/\/hectronic.se\/sv\/wp-json\/wp\/v2\/types\/page"}],"author":[{"embeddable":true,"href":"https:\/\/hectronic.se\/sv\/wp-json\/wp\/v2\/users\/2"}],"replies":[{"embeddable":true,"href":"https:\/\/hectronic.se\/sv\/wp-json\/wp\/v2\/comments?post=1333"}],"version-history":[{"count":34,"href":"https:\/\/hectronic.se\/sv\/wp-json\/wp\/v2\/pages\/1333\/revisions"}],"predecessor-version":[{"id":5438,"href":"https:\/\/hectronic.se\/sv\/wp-json\/wp\/v2\/pages\/1333\/revisions\/5438"}],"up":[{"embeddable":true,"href":"https:\/\/hectronic.se\/sv\/wp-json\/wp\/v2\/pages\/35"}],"wp:attachment":[{"href":"https:\/\/hectronic.se\/sv\/wp-json\/wp\/v2\/media?parent=1333"}],"curies":[{"name":"wp","href":"https:\/\/api.w.org\/{rel}","templated":true}]}}